{"id":522,"date":"2021-11-04T15:10:39","date_gmt":"2021-11-04T18:10:39","guid":{"rendered":"https:\/\/www2.uepg.br\/bacharelado-jornalismo\/?page_id=522"},"modified":"2023-02-16T11:45:39","modified_gmt":"2023-02-16T14:45:39","slug":"jornalismo-e-folkcomunicacao","status":"publish","type":"page","link":"https:\/\/www2.uepg.br\/bacharelado-jornalismo\/jornalismo-e-folkcomunicacao\/","title":{"rendered":"Jornalismo e Folkcomunica\u00e7\u00e3o"},"content":{"rendered":"<p><strong>\u00a0 \u00a0 \u00a0 \u00a0 \u00a0 \u00a0 \u00a0JORNALISMO CULTURAL E FOLKCOMUNICA\u00c7\u00c3O<\/strong><\/p>\n<p><span style=\"font-weight: 400\">\u00a0 \u00a0 \u00a0 \u00a0 \u00a0 \u00a0 \u00a0Formado em 2010, o grupo Jornalismo Cultural e Folkcomunica\u00e7\u00e3o conta com a atua\u00e7\u00e3o dos professores Karina Janz Woitowicz, Rafael Schoenherr e S\u00e9rgio Luiz Gadini como pesquisadores. Com estudos baseados no referencial te\u00f3rico da folkcomunica\u00e7\u00e3o, o grupo de pesquisa analisa os processos jornal\u00edsticos que englobam as manifesta\u00e7\u00f5es populares e produ\u00e7\u00f5es midi\u00e1ticas do mercado da comunica\u00e7\u00e3o e estabelece di\u00e1logos com a\u00e7\u00f5es extensionistas em cultura. Atualmente, o grupo realiza pesquisas sobre os seguintes eixos: estudos de Jornalismo Cultural e Folkcomunica\u00e7\u00e3o; Hist\u00f3ria, identidade e mem\u00f3ria da m\u00eddia regional e Produ\u00e7\u00e3o bibliogr\u00e1fica em Folkcomunica\u00e7\u00e3o.<\/span><\/p>\n<p><span style=\"font-weight: 400\">\u00a0 \u00a0 \u00a0 \u00a0 \u00a0 \u00a0 \u00a0Fazem parte do projeto de pesquisa estudantes bolsistas de Inicia\u00e7\u00e3o Cient\u00edfica, estudantes volunt\u00e1rios e alunos da p\u00f3s-gradua\u00e7\u00e3o que possuem pesquisas relacionadas com as interfaces entre Jornalismo e Cultura. O grupo tamb\u00e9m atua no apoio \u00e0 <a href=\"https:\/\/revistas.uepg.br\/index.php\/folkcom\">Revista Internacional de Folkcomunica\u00e7\u00e3o<\/a>, publica\u00e7\u00e3o editada pelo Mestrado em Jornalismo da UEPG juntamente com a Rede de Estudos e Pesquisa em Folkcomunica\u00e7\u00e3o (Rede Folkcom).<\/span><\/p>\n<p><strong>\u00a0 \u00a0 \u00a0 \u00a0 \u00a0 \u00a0 \u00a0Espelho CNPq:<\/strong> <a href=\"http:\/\/dgp.cnpq.br\/dgp\/espelhogrupo\/38699\">http:\/\/dgp.cnpq.br\/dgp\/espelhogrupo\/38699<\/a><\/p>\n","protected":false},"excerpt":{"rendered":"<p>\u00a0 \u00a0 \u00a0 \u00a0 \u00a0 \u00a0 \u00a0JORNALISMO CULTURAL E FOLKCOMUNICA\u00c7\u00c3O \u00a0 \u00a0 \u00a0 \u00a0 \u00a0 \u00a0 \u00a0Formado em 2010, o grupo Jornalismo Cultural e Folkcomunica\u00e7\u00e3o conta com a atua\u00e7\u00e3o dos professores Karina Janz Woitowicz, Rafael Schoenherr e S\u00e9rgio Luiz Gadini como pesquisadores. Com estudos baseados no referencial te\u00f3rico da folkcomunica\u00e7\u00e3o, o grupo de pesquisa analisa&nbsp;&hellip;<\/p>\n","protected":false},"author":378,"featured_media":0,"parent":0,"menu_order":0,"comment_status":"closed","ping_status":"closed","template":"","meta":[],"_links":{"self":[{"href":"https:\/\/www2.uepg.br\/bacharelado-jornalismo\/wp-json\/wp\/v2\/pages\/522"}],"collection":[{"href":"https:\/\/www2.uepg.br\/bacharelado-jornalismo\/wp-json\/wp\/v2\/pages"}],"about":[{"href":"https:\/\/www2.uepg.br\/bacharelado-jornalismo\/wp-json\/wp\/v2\/types\/page"}],"author":[{"embeddable":true,"href":"https:\/\/www2.uepg.br\/bacharelado-jornalismo\/wp-json\/wp\/v2\/users\/378"}],"replies":[{"embeddable":true,"href":"https:\/\/www2.uepg.br\/bacharelado-jornalismo\/wp-json\/wp\/v2\/comments?post=522"}],"version-history":[{"count":9,"href":"https:\/\/www2.uepg.br\/bacharelado-jornalismo\/wp-json\/wp\/v2\/pages\/522\/revisions"}],"predecessor-version":[{"id":854,"href":"https:\/\/www2.uepg.br\/bacharelado-jornalismo\/wp-json\/wp\/v2\/pages\/522\/revisions\/854"}],"wp:attachment":[{"href":"https:\/\/www2.uepg.br\/bacharelado-jornalismo\/wp-json\/wp\/v2\/media?parent=522"}],"curies":[{"name":"wp","href":"https:\/\/api.w.org\/{rel}","templated":true}]}}