{"id":523,"date":"2021-11-04T15:10:39","date_gmt":"2021-11-04T18:10:39","guid":{"rendered":"https:\/\/www2.uepg.br\/bacharelado-jornalismo\/?page_id=523"},"modified":"2023-02-16T11:49:34","modified_gmt":"2023-02-16T14:49:34","slug":"jornalismo-e-genero","status":"publish","type":"page","link":"https:\/\/www2.uepg.br\/bacharelado-jornalismo\/jornalismo-e-genero\/","title":{"rendered":"Jornalismo e G\u00eanero"},"content":{"rendered":"<p><b>\u00a0 \u00a0 \u00a0 \u00a0 \u00a0 \u00a0 \u00a0JORNALISMO E G\u00caNERO<\/b><\/p>\n<p><span style=\"font-weight: 400\">\u00a0 \u00a0 \u00a0 \u00a0 \u00a0 \u00a0 \u00a0O grupo de pesquisa Jornalismo e G\u00eanero, criado em 2010 na UEPG, busca discutir a pr\u00e1tica do jornalismo cruzada pelas quest\u00f5es de g\u00eanero em uma abordagem interseccional, que envolve a articula\u00e7\u00e3o entre g\u00eanero, ra\u00e7a, classe, sexualidade, entre outros marcadores sociais. O grupo desenvolve pesquisas voltadas ao mercado profissional, \u00e0s m\u00eddias alternativas feministas e \u00e0s representa\u00e7\u00f5es de g\u00eanero no jornalismo e conta com a participa\u00e7\u00e3o de estudantes de gradua\u00e7\u00e3o e p\u00f3s-gradua\u00e7\u00e3o.<\/span><\/p>\n<p><span style=\"font-weight: 400\">\u00a0 \u00a0 \u00a0 \u00a0 \u00a0 \u00a0 \u00a0A cada dois anos, o grupo organiza o Col\u00f3quio Mulher e Sociedade, al\u00e9m de participar de eventos nacionais e internacionais. As pesquisadoras que integram o grupo tamb\u00e9m produziram livros como<\/span> <a href=\"https:\/\/www.editora.uepg.br\/ebooks\/genero-midia-lutas-sociais-percepcoes-criticas-e-experiencias-emancipadoras-ebook\"><i><span style=\"font-weight: 400\">G\u00eanero, m\u00eddia &amp; lutas sociais: percep\u00e7\u00f5es cr\u00edticas e experi\u00eancias emancipadoras<\/span><\/i> <\/a><span style=\"font-weight: 400\">e <\/span><a href=\"https:\/\/www.editora.uepg.br\/ebooks\/ebook-marcas-e-discursos-de-genero-producoes-jornalisticas-representacoes-femininas-e-outros-olhares\"><i><span style=\"font-weight: 400\">Marcas e discurso de g\u00eanero: produ\u00e7\u00f5es jornal\u00edsticas, representa\u00e7\u00f5es femininas e outros olhares.<\/span><\/i><\/a><\/p>\n<p><strong>\u00a0 \u00a0 \u00a0 \u00a0 \u00a0 \u00a0 Espelho CNPq:<\/strong>\u00a0<a href=\"http:\/\/dgp.cnpq.br\/dgp\/espelhogrupo\/40743\"><span style=\"font-weight: 400\">http:\/\/dgp.cnpq.br\/dgp\/espelhogrupo\/40743<\/span><\/a><span style=\"font-weight: 400\"> \u00a0<\/span><\/p>\n","protected":false},"excerpt":{"rendered":"<p>\u00a0 \u00a0 \u00a0 \u00a0 \u00a0 \u00a0 \u00a0JORNALISMO E G\u00caNERO \u00a0 \u00a0 \u00a0 \u00a0 \u00a0 \u00a0 \u00a0O grupo de pesquisa Jornalismo e G\u00eanero, criado em 2010 na UEPG, busca discutir a pr\u00e1tica do jornalismo cruzada pelas quest\u00f5es de g\u00eanero em uma abordagem interseccional, que envolve a articula\u00e7\u00e3o entre g\u00eanero, ra\u00e7a, classe, sexualidade, entre outros marcadores sociais.&nbsp;&hellip;<\/p>\n","protected":false},"author":378,"featured_media":0,"parent":0,"menu_order":0,"comment_status":"closed","ping_status":"closed","template":"","meta":[],"_links":{"self":[{"href":"https:\/\/www2.uepg.br\/bacharelado-jornalismo\/wp-json\/wp\/v2\/pages\/523"}],"collection":[{"href":"https:\/\/www2.uepg.br\/bacharelado-jornalismo\/wp-json\/wp\/v2\/pages"}],"about":[{"href":"https:\/\/www2.uepg.br\/bacharelado-jornalismo\/wp-json\/wp\/v2\/types\/page"}],"author":[{"embeddable":true,"href":"https:\/\/www2.uepg.br\/bacharelado-jornalismo\/wp-json\/wp\/v2\/users\/378"}],"replies":[{"embeddable":true,"href":"https:\/\/www2.uepg.br\/bacharelado-jornalismo\/wp-json\/wp\/v2\/comments?post=523"}],"version-history":[{"count":5,"href":"https:\/\/www2.uepg.br\/bacharelado-jornalismo\/wp-json\/wp\/v2\/pages\/523\/revisions"}],"predecessor-version":[{"id":856,"href":"https:\/\/www2.uepg.br\/bacharelado-jornalismo\/wp-json\/wp\/v2\/pages\/523\/revisions\/856"}],"wp:attachment":[{"href":"https:\/\/www2.uepg.br\/bacharelado-jornalismo\/wp-json\/wp\/v2\/media?parent=523"}],"curies":[{"name":"wp","href":"https:\/\/api.w.org\/{rel}","templated":true}]}}