{"id":524,"date":"2021-11-04T15:10:39","date_gmt":"2021-11-04T18:10:39","guid":{"rendered":"https:\/\/www2.uepg.br\/bacharelado-jornalismo\/?page_id=524"},"modified":"2023-02-16T11:50:58","modified_gmt":"2023-02-16T14:50:58","slug":"jornalismo-e-politica","status":"publish","type":"page","link":"https:\/\/www2.uepg.br\/bacharelado-jornalismo\/jornalismo-e-politica\/","title":{"rendered":"Jornalismo e Pol\u00edtica"},"content":{"rendered":"<p><b>\u00a0 \u00a0 \u00a0 \u00a0 \u00a0 \u00a0 \u00a0JORNALISMO E POL\u00cdTICA<\/b><span style=\"font-weight: 400\">\u00a0<\/span><\/p>\n<p><span style=\"font-weight: 400\">\u00a0 \u00a0 \u00a0 \u00a0 \u00a0 \u00a0 \u00a0O grupo de pesquisa Jornalismo e Pol\u00edtica: representa\u00e7\u00f5es e atores sociais existe desde 2006. A origem do projeto conta com pesquisas iniciadas sobre a produ\u00e7\u00e3o em jornalismo pol\u00edtico, com destaque \u00e0s campanhas eleitorais.\u00a0<\/span><\/p>\n<p><span style=\"font-weight: 400\">\u00a0 \u00a0 \u00a0 \u00a0 \u00a0 \u00a0 \u00a0Os trabalhos realizados dentro do projeto ou que est\u00e3o em desenvolvimento t\u00eam o objetivo de ampliar pesquisas envolvendo jornalismo e pol\u00edtica, principalmente no acompanhamento da cobertura da imprensa sobre as representa\u00e7\u00f5es pol\u00edticas e disputas eleitorais no Paran\u00e1, em especial Ponta Grossa. O grupo dialoga com o projeto de extens\u00e3o Ag\u00eancia de Jornalismo. Desde a cria\u00e7\u00e3o do projeto, j\u00e1 foram lan\u00e7ados diversos livros, entre eles se encontra \u2018\u2018Elei\u00e7\u00f5es Midi\u00e1ticas: Retratos da Disputa Municipal em Ponta Grossa\u2019\u2019 de autoria do Professor S\u00e9rgio Luiz Gadini.\u00a0<\/span><\/p>\n<p><span style=\"font-weight: 400\">\u00a0 \u00a0 \u00a0 \u00a0 \u00a0 \u00a0 \u00a0O Grupo tamb\u00e9m criou um curso especializado de p\u00f3s-gradua\u00e7\u00e3o em M\u00eddia, Pol\u00edtica e Atores Sociais. O curso foi realizado em tr\u00eas edi\u00e7\u00f5es no ano de 2008, 2010 e 2012. Al\u00e9m disso, Jornalismo e Pol\u00edtica: representa\u00e7\u00f5es e atores sociais colaborou na cria\u00e7\u00e3o do Programa de Mestrado em Jornalismo na UEPG, e a partir disso, o projeto passou a integrar como disciplina do programa. Assim, as reuni\u00f5es do grupo passaram a ser em conjunto com as turmas de mestrado.\u00a0<\/span><\/p>\n<p><span style=\"font-weight: 400\">\u00a0 \u00a0 \u00a0 \u00a0 \u00a0 \u00a0 \u00a0O grupo \u00e9 mantido por professores e estudantes, que participam de projetos e atividades de pesquisa, seja por meio do Mestrado em Jornalismo ou via inicia\u00e7\u00e3o cient\u00edfica. Assim, os integrantes do grupo podem participar de eventos de inicia\u00e7\u00e3o cient\u00edfica, congressos regionais, nacionais e internacionais, divulgando resultados parciais.<\/span><\/p>\n<p><b>\u00a0 \u00a0 \u00a0 \u00a0 \u00a0 \u00a0 Espelho CNPq:<\/b><span style=\"font-weight: 400\">\u00a0<\/span><a href=\"http:\/\/dgp.cnpq.br\/dgp\/espelhogrupo\/54045\"><span style=\"font-weight: 400\">http:\/\/dgp.cnpq.br\/dgp\/espelhogrupo\/54045<\/span><\/a><span style=\"font-weight: 400\">\u00a0<\/span><\/p>\n","protected":false},"excerpt":{"rendered":"<p>\u00a0 \u00a0 \u00a0 \u00a0 \u00a0 \u00a0 \u00a0JORNALISMO E POL\u00cdTICA\u00a0 \u00a0 \u00a0 \u00a0 \u00a0 \u00a0 \u00a0 \u00a0O grupo de pesquisa Jornalismo e Pol\u00edtica: representa\u00e7\u00f5es e atores sociais existe desde 2006. A origem do projeto conta com pesquisas iniciadas sobre a produ\u00e7\u00e3o em jornalismo pol\u00edtico, com destaque \u00e0s campanhas eleitorais.\u00a0 \u00a0 \u00a0 \u00a0 \u00a0 \u00a0 \u00a0 \u00a0Os&nbsp;&hellip;<\/p>\n","protected":false},"author":378,"featured_media":0,"parent":0,"menu_order":0,"comment_status":"closed","ping_status":"closed","template":"","meta":[],"_links":{"self":[{"href":"https:\/\/www2.uepg.br\/bacharelado-jornalismo\/wp-json\/wp\/v2\/pages\/524"}],"collection":[{"href":"https:\/\/www2.uepg.br\/bacharelado-jornalismo\/wp-json\/wp\/v2\/pages"}],"about":[{"href":"https:\/\/www2.uepg.br\/bacharelado-jornalismo\/wp-json\/wp\/v2\/types\/page"}],"author":[{"embeddable":true,"href":"https:\/\/www2.uepg.br\/bacharelado-jornalismo\/wp-json\/wp\/v2\/users\/378"}],"replies":[{"embeddable":true,"href":"https:\/\/www2.uepg.br\/bacharelado-jornalismo\/wp-json\/wp\/v2\/comments?post=524"}],"version-history":[{"count":5,"href":"https:\/\/www2.uepg.br\/bacharelado-jornalismo\/wp-json\/wp\/v2\/pages\/524\/revisions"}],"predecessor-version":[{"id":857,"href":"https:\/\/www2.uepg.br\/bacharelado-jornalismo\/wp-json\/wp\/v2\/pages\/524\/revisions\/857"}],"wp:attachment":[{"href":"https:\/\/www2.uepg.br\/bacharelado-jornalismo\/wp-json\/wp\/v2\/media?parent=524"}],"curies":[{"name":"wp","href":"https:\/\/api.w.org\/{rel}","templated":true}]}}