{"id":525,"date":"2021-11-04T15:10:39","date_gmt":"2021-11-04T18:10:39","guid":{"rendered":"https:\/\/www2.uepg.br\/bacharelado-jornalismo\/?page_id=525"},"modified":"2023-02-16T11:52:28","modified_gmt":"2023-02-16T14:52:28","slug":"logicas-de-producao","status":"publish","type":"page","link":"https:\/\/www2.uepg.br\/bacharelado-jornalismo\/logicas-de-producao\/","title":{"rendered":"L\u00f3gicas de Produ\u00e7\u00e3o"},"content":{"rendered":"<p><b>\u00a0 \u00a0 \u00a0 \u00a0 \u00a0 \u00a0 \u00a0L\u00d3GICAS DE PRODU\u00c7\u00c3O E CONSUMO NO JORNALISMO<\/b><\/p>\n<p><span style=\"font-weight: 400\">\u00a0 \u00a0 \u00a0 \u00a0 \u00a0 \u00a0 \u00a0O grupo de pesquisa L\u00f3gicas em Produ\u00e7\u00e3o e Consumo no Jornalismo conta com a coordena\u00e7\u00e3o coletiva dos professores docentes: Marcelo Bronosky, Rafael Schoenherr, Cintia Xavier e dos professores externos Manoel Moabis, Pedro Aguiar (UFRJ) e Guilherme Carvalho (UNINTER).\u00a0<\/span><\/p>\n<p><span style=\"font-weight: 400\">\u00a0 \u00a0 \u00a0 \u00a0 \u00a0 \u00a0 \u00a0O projeto surgiu em 2008, a partir da iniciativa do professor Marcelo Bronosky e da professora C\u00edntia Xavier, com o objetivo de tentar sistematizar pesquisas em grupo e interesses comuns, que era tentar compreender as caracter\u00edsticas e din\u00e2micas dos processos de produ\u00e7\u00e3o que se materializam nas atividades em torno de reda\u00e7\u00f5es jornal\u00edsticas.<\/span><\/p>\n<p><span style=\"font-weight: 400\">\u00a0 \u00a0 \u00a0 \u00a0 \u00a0 \u00a0 \u00a0O grupo trabalha com processos de pesquisa em conjunto, em torno dos resultados obtidos na\u00a0 an\u00e1lise em cima de dados sobre a compreens\u00e3o do lugar de trabalho dos egressos do curso no mercado de trabalho do jornalismo. Al\u00e9m dessa \u00e1rea, o grupo realiza estudos sobre\u00a0 os efeitos das transforma\u00e7\u00f5es que as reda\u00e7\u00f5es receberam com a populariza\u00e7\u00e3o da internet e o avan\u00e7o das redes sociais.<\/span><\/p>\n<p><span style=\"font-weight: 400\">\u00a0 \u00a0 \u00a0 \u00a0 \u00a0 \u00a0 \u00a0O grupo se dedica a estudar a hist\u00f3ria das m\u00eddias, especialmente aquelas localizadas na regi\u00e3o dos Campos Gerais, especialmente na cidade de Ponta Grossa.<\/span><\/p>\n<p><span style=\"font-weight: 400\">\u00a0 \u00a0 \u00a0 \u00a0 \u00a0 \u00a0 \u00a0As reuni\u00f5es s\u00e3o quinzenais e o projeto conta com professores do curso, alunos do mestrado, bolsistas e integrantes de outras institui\u00e7\u00f5es. O projeto tem bolsista em pesquisa, extens\u00e3o e mestrado.<\/span><\/p>\n<p><b>\u00a0 \u00a0 \u00a0 \u00a0 \u00a0 \u00a0 Espelho CNPq:<\/b>\u00a0<a href=\"https:\/\/dgp.cnpq.br\/dgp\/espelhogrupo\/4428174589644778\"><span style=\"font-weight: 400\">https:\/\/dgp.cnpq.br\/dgp\/espelhogrupo\/4428174589644778<\/span><\/a><span style=\"font-weight: 400\">\u00a0<\/span><\/p>\n<p>&nbsp;<\/p>\n","protected":false},"excerpt":{"rendered":"<p>\u00a0 \u00a0 \u00a0 \u00a0 \u00a0 \u00a0 \u00a0L\u00d3GICAS DE PRODU\u00c7\u00c3O E CONSUMO NO JORNALISMO \u00a0 \u00a0 \u00a0 \u00a0 \u00a0 \u00a0 \u00a0O grupo de pesquisa L\u00f3gicas em Produ\u00e7\u00e3o e Consumo no Jornalismo conta com a coordena\u00e7\u00e3o coletiva dos professores docentes: Marcelo Bronosky, Rafael Schoenherr, Cintia Xavier e dos professores externos Manoel Moabis, Pedro Aguiar (UFRJ) e Guilherme&nbsp;&hellip;<\/p>\n","protected":false},"author":378,"featured_media":0,"parent":0,"menu_order":0,"comment_status":"closed","ping_status":"closed","template":"","meta":[],"_links":{"self":[{"href":"https:\/\/www2.uepg.br\/bacharelado-jornalismo\/wp-json\/wp\/v2\/pages\/525"}],"collection":[{"href":"https:\/\/www2.uepg.br\/bacharelado-jornalismo\/wp-json\/wp\/v2\/pages"}],"about":[{"href":"https:\/\/www2.uepg.br\/bacharelado-jornalismo\/wp-json\/wp\/v2\/types\/page"}],"author":[{"embeddable":true,"href":"https:\/\/www2.uepg.br\/bacharelado-jornalismo\/wp-json\/wp\/v2\/users\/378"}],"replies":[{"embeddable":true,"href":"https:\/\/www2.uepg.br\/bacharelado-jornalismo\/wp-json\/wp\/v2\/comments?post=525"}],"version-history":[{"count":5,"href":"https:\/\/www2.uepg.br\/bacharelado-jornalismo\/wp-json\/wp\/v2\/pages\/525\/revisions"}],"predecessor-version":[{"id":858,"href":"https:\/\/www2.uepg.br\/bacharelado-jornalismo\/wp-json\/wp\/v2\/pages\/525\/revisions\/858"}],"wp:attachment":[{"href":"https:\/\/www2.uepg.br\/bacharelado-jornalismo\/wp-json\/wp\/v2\/media?parent=525"}],"curies":[{"name":"wp","href":"https:\/\/api.w.org\/{rel}","templated":true}]}}