{"id":526,"date":"2021-11-04T15:10:40","date_gmt":"2021-11-04T18:10:40","guid":{"rendered":"https:\/\/www2.uepg.br\/bacharelado-jornalismo\/?page_id=526"},"modified":"2023-02-16T11:55:47","modified_gmt":"2023-02-16T14:55:47","slug":"conhecimento-no-jornalismo","status":"publish","type":"page","link":"https:\/\/www2.uepg.br\/bacharelado-jornalismo\/conhecimento-no-jornalismo\/","title":{"rendered":"Conhecimento no Jornalismo"},"content":{"rendered":"<p><strong>\u00a0 \u00a0 \u00a0 \u00a0 \u00a0 \u00a0 \u00a0CONHECIMENTO NO JORNALISMO<\/strong><\/p>\n<p><span style=\"font-weight: 400\">\u00a0 \u00a0 \u00a0 \u00a0 \u00a0 \u00a0 \u00a0O grupo de pesquisa O Conhecimento no Jornalismo, tamb\u00e9m nomeado como Jornalismo, Conhecimento e Profissionaliza\u00e7\u00e3o, foi formado no ano de 2010 pelo Departamento de Comunica\u00e7\u00e3o da Universidade Estadual de Ponta Grossa. <\/span><span style=\"font-weight: 400\">Liderado pelos professores doutores Paula Melani Rocha e Felipe Sim\u00e3o Pontes, possui como \u00e1reas predominantes as Ci\u00eancias Sociais Aplicadas e a Comunica\u00e7\u00e3o, al\u00e9m de duas outras linhas de pesquisa, que s\u00e3o: L\u00f3gicas de produ\u00e7\u00e3o e consumo no jornalismo e O conhecimento do jornalismo em difus\u00e3o cient\u00edfica.<\/span><\/p>\n<p><span style=\"font-weight: 400\">\u00a0 \u00a0 \u00a0 \u00a0 \u00a0 \u00a0 O objetivo do projeto \u00e9 discutir o jornalismo e suas transforma\u00e7\u00f5es hist\u00f3ricas e tecnol\u00f3gicas, o campo jornal\u00edstico nos variados espa\u00e7os de comunica\u00e7\u00e3o, os meios de produ\u00e7\u00e3o e tamb\u00e9m sua rela\u00e7\u00e3o com a sociedade. As pesquisas e a difus\u00e3o cient\u00edfica s\u00e3o realizadas como meio de contribuir na forma\u00e7\u00e3o do conhecimento em rela\u00e7\u00e3o a este campo do saber. <\/span><span style=\"font-weight: 400\">O grupo atualmente conta com 24 estudantes e 8 pesquisadores, incluindo docentes e acad\u00eamicos em n\u00edvel de gradua\u00e7\u00e3o e p\u00f3s-gradua\u00e7\u00e3o.<\/span><\/p>\n<p><strong>\u00a0 \u00a0 \u00a0 \u00a0 \u00a0 \u00a0Espelho CNPq:<\/strong> <a href=\"http:\/\/dgp.cnpq.br\/dgp\/espelhogrupo\/31213\">http:\/\/dgp.cnpq.br\/dgp\/espelhogrupo\/31213<\/a><\/p>\n","protected":false},"excerpt":{"rendered":"<p>\u00a0 \u00a0 \u00a0 \u00a0 \u00a0 \u00a0 \u00a0CONHECIMENTO NO JORNALISMO \u00a0 \u00a0 \u00a0 \u00a0 \u00a0 \u00a0 \u00a0O grupo de pesquisa O Conhecimento no Jornalismo, tamb\u00e9m nomeado como Jornalismo, Conhecimento e Profissionaliza\u00e7\u00e3o, foi formado no ano de 2010 pelo Departamento de Comunica\u00e7\u00e3o da Universidade Estadual de Ponta Grossa. Liderado pelos professores doutores Paula Melani Rocha e Felipe&nbsp;&hellip;<\/p>\n","protected":false},"author":378,"featured_media":0,"parent":0,"menu_order":0,"comment_status":"closed","ping_status":"closed","template":"","meta":[],"_links":{"self":[{"href":"https:\/\/www2.uepg.br\/bacharelado-jornalismo\/wp-json\/wp\/v2\/pages\/526"}],"collection":[{"href":"https:\/\/www2.uepg.br\/bacharelado-jornalismo\/wp-json\/wp\/v2\/pages"}],"about":[{"href":"https:\/\/www2.uepg.br\/bacharelado-jornalismo\/wp-json\/wp\/v2\/types\/page"}],"author":[{"embeddable":true,"href":"https:\/\/www2.uepg.br\/bacharelado-jornalismo\/wp-json\/wp\/v2\/users\/378"}],"replies":[{"embeddable":true,"href":"https:\/\/www2.uepg.br\/bacharelado-jornalismo\/wp-json\/wp\/v2\/comments?post=526"}],"version-history":[{"count":7,"href":"https:\/\/www2.uepg.br\/bacharelado-jornalismo\/wp-json\/wp\/v2\/pages\/526\/revisions"}],"predecessor-version":[{"id":860,"href":"https:\/\/www2.uepg.br\/bacharelado-jornalismo\/wp-json\/wp\/v2\/pages\/526\/revisions\/860"}],"wp:attachment":[{"href":"https:\/\/www2.uepg.br\/bacharelado-jornalismo\/wp-json\/wp\/v2\/media?parent=526"}],"curies":[{"name":"wp","href":"https:\/\/api.w.org\/{rel}","templated":true}]}}