{"id":544,"date":"2021-11-04T15:15:23","date_gmt":"2021-11-04T18:15:23","guid":{"rendered":"https:\/\/www2.uepg.br\/bacharelado-jornalismo\/?page_id=544"},"modified":"2023-02-15T18:48:51","modified_gmt":"2023-02-15T21:48:51","slug":"agencia-de-jornalismo","status":"publish","type":"page","link":"https:\/\/www2.uepg.br\/bacharelado-jornalismo\/agencia-de-jornalismo\/","title":{"rendered":"Ag\u00eancia de Jornalismo"},"content":{"rendered":"<p><b>\u00a0 \u00a0 \u00a0 \u00a0 AG\u00caNCIA DE JORNALISMO<\/b><\/p>\n<p><span style=\"font-weight: 400\">\u00a0 \u00a0 \u00a0 \u00a0 A Ag\u00eancia de Jornalismo UEPG \u00e9 um programa de extens\u00e3o, mantido por estudantes e professores do Curso de Jornalismo da Universidade Estadual de Ponta Grossa, na regi\u00e3o Sul do Paran\u00e1. Criada em 2003, a Ag\u00eancia interage com diversos setores da comunidade. O foco de a\u00e7\u00e3o do programa extensionista \u00e9 dar visibilidade \u00e0s atividades das entidades, grupos e movimentos sociais populares parceiros, atrav\u00e9s de a\u00e7\u00f5es comunicacionais, ou seja, criar um espa\u00e7o de ajuda aos segmentos que precisam de apoio na \u00e1rea de comunica\u00e7\u00e3o.<\/span><\/p>\n<p><span style=\"font-weight: 400\">\u00a0 \u00a0 \u00a0 \u00a0 Para garantir visibilidade de tais produ\u00e7\u00f5es, a Ag\u00eancia de Jornalismo mant\u00e9m di\u00e1logo e intera\u00e7\u00e3o com a R\u00e1dio Comunit\u00e1ria Nova R\u00fassia (R\u00e1dio Princesa FM 89,7) e a Associa\u00e7\u00e3o das Entidades Usu\u00e1rias do Canal Comunit\u00e1rio (TVCom PG, canal 17 Net cabo). As atividades desenvolvidas com essas parcerias proporcionam visibilidade \u00e0s a\u00e7\u00f5es populares que praticamente n\u00e3o ganham espa\u00e7o junto aos meios e produtos da m\u00eddia comercial na regi\u00e3o e estado.<\/span><\/p>\n<p><span style=\"font-weight: 400\">\u00a0 \u00a0 \u00a0 \u00a0 A Ag\u00eancia tamb\u00e9m engloba o N\u00facleo de Produ\u00e7\u00e3o Audiovisual. O N\u00facleo produz materiais audiovisuais em um sistema de parcerias, cujo foco \u00e9 auxiliar nas demandas da sociedade e da Universidade.<\/span><\/p>\n<p><span style=\"font-weight: 400\">Sites e Redes sociais:<\/span><\/p>\n<ul>\n<li><span style=\"font-weight: 400\">Youtube:<\/span><a href=\"https:\/\/www.youtube.com\/@agenciauepg\"> <span style=\"font-weight: 400\">https:\/\/www.youtube.com\/@agenciauepg<\/span><\/a><span style=\"font-weight: 400\">\u00a0<\/span><\/li>\n<li><span style=\"font-weight: 400\">Instagram:<\/span><a href=\"https:\/\/www.instagram.com\/agenciajornalismouepg\/\"> <span style=\"font-weight: 400\">https:\/\/www.instagram.com\/agenciajornalismouepg\/<\/span><\/a><span style=\"font-weight: 400\">\u00a0<\/span><\/li>\n<li><span style=\"font-weight: 400\">Facebook:<\/span><a href=\"https:\/\/www.facebook.com\/AgenciaJornalismoUepg\/\"> <span style=\"font-weight: 400\">https:\/\/www.facebook.com\/AgenciaJornalismoUepg\/<\/span><\/a><\/li>\n<\/ul>\n<p>&nbsp;<\/p>\n","protected":false},"excerpt":{"rendered":"<p>\u00a0 \u00a0 \u00a0 \u00a0 AG\u00caNCIA DE JORNALISMO \u00a0 \u00a0 \u00a0 \u00a0 A Ag\u00eancia de Jornalismo UEPG \u00e9 um programa de extens\u00e3o, mantido por estudantes e professores do Curso de Jornalismo da Universidade Estadual de Ponta Grossa, na regi\u00e3o Sul do Paran\u00e1. Criada em 2003, a Ag\u00eancia interage com diversos setores da comunidade. O foco de&nbsp;&hellip;<\/p>\n","protected":false},"author":378,"featured_media":0,"parent":0,"menu_order":0,"comment_status":"closed","ping_status":"closed","template":"","meta":[],"_links":{"self":[{"href":"https:\/\/www2.uepg.br\/bacharelado-jornalismo\/wp-json\/wp\/v2\/pages\/544"}],"collection":[{"href":"https:\/\/www2.uepg.br\/bacharelado-jornalismo\/wp-json\/wp\/v2\/pages"}],"about":[{"href":"https:\/\/www2.uepg.br\/bacharelado-jornalismo\/wp-json\/wp\/v2\/types\/page"}],"author":[{"embeddable":true,"href":"https:\/\/www2.uepg.br\/bacharelado-jornalismo\/wp-json\/wp\/v2\/users\/378"}],"replies":[{"embeddable":true,"href":"https:\/\/www2.uepg.br\/bacharelado-jornalismo\/wp-json\/wp\/v2\/comments?post=544"}],"version-history":[{"count":7,"href":"https:\/\/www2.uepg.br\/bacharelado-jornalismo\/wp-json\/wp\/v2\/pages\/544\/revisions"}],"predecessor-version":[{"id":808,"href":"https:\/\/www2.uepg.br\/bacharelado-jornalismo\/wp-json\/wp\/v2\/pages\/544\/revisions\/808"}],"wp:attachment":[{"href":"https:\/\/www2.uepg.br\/bacharelado-jornalismo\/wp-json\/wp\/v2\/media?parent=544"}],"curies":[{"name":"wp","href":"https:\/\/api.w.org\/{rel}","templated":true}]}}