{"id":546,"date":"2021-11-04T15:15:24","date_gmt":"2021-11-04T18:15:24","guid":{"rendered":"https:\/\/www2.uepg.br\/bacharelado-jornalismo\/?page_id=546"},"modified":"2023-02-16T11:12:14","modified_gmt":"2023-02-16T14:12:14","slug":"democracia-e-direitos-humanos","status":"publish","type":"page","link":"https:\/\/www2.uepg.br\/bacharelado-jornalismo\/democracia-e-direitos-humanos\/","title":{"rendered":"Democracia e Direitos Humanos"},"content":{"rendered":"<p><b>\u00a0 \u00a0 \u00a0 \u00a0 \u00a0 \u00a0 \u00a0DEMOCRACIA E DIREITOS HUMANOS<\/b><span style=\"font-weight: 400\">\u00a0<\/span><\/p>\n<p><span style=\"font-weight: 400\">\u00a0 \u00a0 \u00a0 \u00a0 \u00a0 \u00a0 \u00a0 O projeto surgiu no ano de 2020, a partir das idealizadoras professoras Hebe Maria Gon\u00e7alves de Oliveira e Angela de Aguiar Ara\u00fajo, que na edi\u00e7\u00e3o de 2021 j\u00e1 n\u00e3o faz mais parte do projeto.<\/span><\/p>\n<p><span style=\"font-weight: 400\">\u00a0 \u00a0 \u00a0 \u00a0 \u00a0 \u00a0 \u00a0 A proposta do Democracia e Direitos Humanos em Debate: Nas ondas da R\u00e1dio Comunit\u00e1ria Princesa (FM 87,9) consiste na produ\u00e7\u00e3o de entrevistas jornal\u00edsticas voltadas para veicula\u00e7\u00e3o na R\u00e1dio Comunit\u00e1ria Princesa, situada na Nova R\u00fassia, em Ponta Grossa. Tem como iniciativa promover o debate p\u00fablico sobre quest\u00f5es que perpassam os temas democracia e direitos humanos.\u00a0<\/span><\/p>\n<p><span style=\"font-weight: 400\">\u00a0 \u00a0 \u00a0 \u00a0 \u00a0 \u00a0 \u00a0O projeto tamb\u00e9m tem como objetivos fortalecer os canais abertos entre Universidade e Comunidade e possibilitar a atua\u00e7\u00e3o e envolvimento de estudantes de jornalismo em pr\u00e1ticas de comunica\u00e7\u00e3o e jornal\u00edsticas.<\/span><\/p>\n<p><span style=\"font-weight: 400\">\u00a0 \u00a0 \u00a0 \u00a0 \u00a0 \u00a0 Site do projeto: <\/span><a href=\"https:\/\/elos.sites.uepg.br\/editoria\/democracia-e-direitos-humanos\/\"><span style=\"font-weight: 400\">https:\/\/elos.sites.uepg.br\/editoria\/democracia-e-direitos-humanos\/<\/span><\/a><span style=\"font-weight: 400\">\u00a0<\/span><\/p>\n","protected":false},"excerpt":{"rendered":"<p>\u00a0 \u00a0 \u00a0 \u00a0 \u00a0 \u00a0 \u00a0DEMOCRACIA E DIREITOS HUMANOS\u00a0 \u00a0 \u00a0 \u00a0 \u00a0 \u00a0 \u00a0 \u00a0 O projeto surgiu no ano de 2020, a partir das idealizadoras professoras Hebe Maria Gon\u00e7alves de Oliveira e Angela de Aguiar Ara\u00fajo, que na edi\u00e7\u00e3o de 2021 j\u00e1 n\u00e3o faz mais parte do projeto. \u00a0 \u00a0 \u00a0 \u00a0&nbsp;&hellip;<\/p>\n","protected":false},"author":378,"featured_media":0,"parent":0,"menu_order":0,"comment_status":"closed","ping_status":"closed","template":"","meta":[],"_links":{"self":[{"href":"https:\/\/www2.uepg.br\/bacharelado-jornalismo\/wp-json\/wp\/v2\/pages\/546"}],"collection":[{"href":"https:\/\/www2.uepg.br\/bacharelado-jornalismo\/wp-json\/wp\/v2\/pages"}],"about":[{"href":"https:\/\/www2.uepg.br\/bacharelado-jornalismo\/wp-json\/wp\/v2\/types\/page"}],"author":[{"embeddable":true,"href":"https:\/\/www2.uepg.br\/bacharelado-jornalismo\/wp-json\/wp\/v2\/users\/378"}],"replies":[{"embeddable":true,"href":"https:\/\/www2.uepg.br\/bacharelado-jornalismo\/wp-json\/wp\/v2\/comments?post=546"}],"version-history":[{"count":5,"href":"https:\/\/www2.uepg.br\/bacharelado-jornalismo\/wp-json\/wp\/v2\/pages\/546\/revisions"}],"predecessor-version":[{"id":833,"href":"https:\/\/www2.uepg.br\/bacharelado-jornalismo\/wp-json\/wp\/v2\/pages\/546\/revisions\/833"}],"wp:attachment":[{"href":"https:\/\/www2.uepg.br\/bacharelado-jornalismo\/wp-json\/wp\/v2\/media?parent=546"}],"curies":[{"name":"wp","href":"https:\/\/api.w.org\/{rel}","templated":true}]}}