{"id":548,"date":"2021-11-04T15:15:24","date_gmt":"2021-11-04T18:15:24","guid":{"rendered":"https:\/\/www2.uepg.br\/bacharelado-jornalismo\/?page_id=548"},"modified":"2023-02-16T11:19:12","modified_gmt":"2023-02-16T14:19:12","slug":"elos","status":"publish","type":"page","link":"https:\/\/www2.uepg.br\/bacharelado-jornalismo\/elos\/","title":{"rendered":"Elos"},"content":{"rendered":"<p><b>\u00a0 \u00a0 \u00a0 \u00a0 \u00a0 \u00a0 \u00a0ELOS UEPG<\/b><\/p>\n<p><span style=\"font-weight: 400\">\u00a0 \u00a0 \u00a0 \u00a0 \u00a0 \u00a0 \u00a0Criado em 2016, inicialmente, o projeto se chamava Direitos Humanos, Jornalismo e Forma\u00e7\u00e3o Cidad\u00e3 e era coordenado pelas professoras Paula Melani Rocha e Graziela Bianchi. Em 2019, a professora Karina Janz Woitowicz passa a fazer parte da equipe.<\/span><\/p>\n<p><span style=\"font-weight: 400\">\u00a0 \u00a0 \u00a0 \u00a0 \u00a0 \u00a0 \u00a0Em 2017, o projeto come\u00e7a produzindo textos, entrevistas, \u00e1udios e v\u00eddeos apresentando pautas sobre direitos humanos, g\u00eanero e cidadania. O site tamb\u00e9m apresenta colunas de especialistas sobre quest\u00f5es ind\u00edgenas, g\u00eanero, ra\u00e7a e direitos humanos, e o Observat\u00f3rio de M\u00eddia, espa\u00e7o que analisa a cobertura da m\u00eddia em Ponta Grossa.<\/span><\/p>\n<p><span style=\"font-weight: 400\">\u00a0 \u00a0 \u00a0 \u00a0 \u00a0 \u00a0 \u00a0A partir de parcerias com a Faculdade Secal e com os col\u00e9gios estaduais Meneleu, Elzira, Regente Feij\u00f3 e Senador Correia, o ELOS busca produzir conte\u00fado jornal\u00edstico de qualidade para o p\u00fablico, sejam professores, funcion\u00e1rios ou alunos. Assim como a universidade p\u00fablica, o ELOS preza pela pluralidade, diversidade, respeito, direitos humanos e forma\u00e7\u00e3o cidad\u00e3.<\/span><\/p>\n<p><span style=\"font-weight: 400\">\u00a0 \u00a0 \u00a0 \u00a0 \u00a0 \u00a0 \u00a0Durante a pandemia do novo Coronav\u00edrus, o grupo coordenou o projeto Boletim COVID-19, uma iniciativa do curso de Jornalismo em parceria com a r\u00e1dio Princesa para a divulga\u00e7\u00e3o de materiais informativos relacionados \u00e0 pandemia ao longo de um ano e meio de atua\u00e7\u00e3o.<\/span><\/p>\n<p><strong>\u00a0 \u00a0 \u00a0 \u00a0 \u00a0 \u00a0 Redes Sociais:<\/strong><\/p>\n<ul>\n<li><span style=\"font-weight: 400\">Site: <\/span><a href=\"https:\/\/elos.sites.uepg.br\/\"><span style=\"font-weight: 400\">https:\/\/elos.sites.uepg.br\/<\/span><\/a><span style=\"font-weight: 400\">\u00a0<\/span><\/li>\n<li><span style=\"font-weight: 400\">Instagram: <\/span><a href=\"https:\/\/www.instagram.com\/elosuepg\/\"><span style=\"font-weight: 400\">@elosuepg<\/span><\/a><\/li>\n<li><span style=\"font-weight: 400\">Twitter: <\/span><a href=\"https:\/\/twitter.com\/elosuepg\"><span style=\"font-weight: 400\">@elosuepg<\/span><\/a><\/li>\n<\/ul>\n","protected":false},"excerpt":{"rendered":"<p>\u00a0 \u00a0 \u00a0 \u00a0 \u00a0 \u00a0 \u00a0ELOS UEPG \u00a0 \u00a0 \u00a0 \u00a0 \u00a0 \u00a0 \u00a0Criado em 2016, inicialmente, o projeto se chamava Direitos Humanos, Jornalismo e Forma\u00e7\u00e3o Cidad\u00e3 e era coordenado pelas professoras Paula Melani Rocha e Graziela Bianchi. Em 2019, a professora Karina Janz Woitowicz passa a fazer parte da equipe. \u00a0 \u00a0 \u00a0&nbsp;&hellip;<\/p>\n","protected":false},"author":378,"featured_media":0,"parent":0,"menu_order":0,"comment_status":"closed","ping_status":"closed","template":"","meta":[],"_links":{"self":[{"href":"https:\/\/www2.uepg.br\/bacharelado-jornalismo\/wp-json\/wp\/v2\/pages\/548"}],"collection":[{"href":"https:\/\/www2.uepg.br\/bacharelado-jornalismo\/wp-json\/wp\/v2\/pages"}],"about":[{"href":"https:\/\/www2.uepg.br\/bacharelado-jornalismo\/wp-json\/wp\/v2\/types\/page"}],"author":[{"embeddable":true,"href":"https:\/\/www2.uepg.br\/bacharelado-jornalismo\/wp-json\/wp\/v2\/users\/378"}],"replies":[{"embeddable":true,"href":"https:\/\/www2.uepg.br\/bacharelado-jornalismo\/wp-json\/wp\/v2\/comments?post=548"}],"version-history":[{"count":8,"href":"https:\/\/www2.uepg.br\/bacharelado-jornalismo\/wp-json\/wp\/v2\/pages\/548\/revisions"}],"predecessor-version":[{"id":838,"href":"https:\/\/www2.uepg.br\/bacharelado-jornalismo\/wp-json\/wp\/v2\/pages\/548\/revisions\/838"}],"wp:attachment":[{"href":"https:\/\/www2.uepg.br\/bacharelado-jornalismo\/wp-json\/wp\/v2\/media?parent=548"}],"curies":[{"name":"wp","href":"https:\/\/api.w.org\/{rel}","templated":true}]}}