{"id":549,"date":"2021-11-04T15:15:24","date_gmt":"2021-11-04T18:15:24","guid":{"rendered":"https:\/\/www2.uepg.br\/bacharelado-jornalismo\/?page_id=549"},"modified":"2023-02-16T11:21:48","modified_gmt":"2023-02-16T14:21:48","slug":"foca-foto","status":"publish","type":"page","link":"https:\/\/www2.uepg.br\/bacharelado-jornalismo\/foca-foto\/","title":{"rendered":"Foca Foto"},"content":{"rendered":"<p><b>\u00a0 \u00a0 \u00a0 \u00a0 \u00a0 \u00a0 \u00a0FOCA FOTO<\/b><\/p>\n<p><span style=\"font-weight: 400\">\u00a0 \u00a0 \u00a0 \u00a0 \u00a0 \u00a0 \u00a0O projeto Foca Foto foi criado em mar\u00e7o de 2010, com iniciativa de Carlos Alberto Souza, Ta\u00eds Maria Ferreira e de um grupo de alunos. O objetivo era prestar servi\u00e7os \u00e0 comunidade, atender a demanda dos bairros, fazer coberturas jornal\u00edsticas, organizar eventos e exposi\u00e7\u00f5es. O passar do tempo estruturou melhor o projeto e envolveu mais estudantes interessados na \u00e1rea, a fim de aperfei\u00e7oar a pr\u00e1tica fotojornal\u00edstica.<\/span><\/p>\n<p><span style=\"font-weight: 400\">\u00a0 \u00a0 \u00a0 \u00a0 \u00a0 \u00a0 \u00a0No in\u00edcio, a produ\u00e7\u00e3o e as coberturas jornal\u00edsticas do grupo eram postadas em um blog informativo. Depois, criou-se um site para dar conta de todas as atividades do Foca Foto, incluindo editorias jornal\u00edsticas, produ\u00e7\u00f5es t\u00e9cnicas (Antes&amp;Depois, Portf\u00f3lios, ensaios fotogr\u00e1ficos e foto-legendas). A equipe tamb\u00e9m come\u00e7ou a fazer pesquisa e foi respons\u00e1vel pela cria\u00e7\u00e3o do Projeto Foto&amp;Tec, que passou a mobilizar alunos interessados em ci\u00eancia e nos editais de inicia\u00e7\u00e3o cient\u00edfica.<\/span><\/p>\n<p><span style=\"font-weight: 400\">\u00a0 \u00a0 \u00a0 \u00a0 \u00a0 \u00a0 \u00a0Simult\u00e2neo a essa produ\u00e7\u00e3o, o grupo (professores e alunos) passou a organizar e-books. At\u00e9 o momento, publicou 13 livros eletr\u00f4nicos na \u00e1rea da fotografia e da imagem. Dentre os t\u00edtulos das obras, est\u00e3o: Cole\u00e7\u00e3o Imag\u00e9tica, M\u00eddias Contempor\u00e2neas, Ensaios e Fotorreportagens, Antes e Depois, Produ\u00e7\u00f5es do Foca Foto e Foto&amp;Poema.<\/span><\/p>\n<p><span style=\"font-weight: 400\">\u00a0 \u00a0 \u00a0 \u00a0 \u00a0 \u00a0 \u00a0Al\u00e9m de contar com a participa\u00e7\u00e3o de aproximadamente 30 alunos, alguns dos quais egressos do curso, conta com a participa\u00e7\u00e3o de tr\u00eas professores e uma funcion\u00e1ria do Departamento. As reuni\u00f5es s\u00e3o realizadas quinzenalmente e tem, por objetivo, planejar as pautas e as atividades das semanas seguintes, bem como avaliar e refletir sobre as produ\u00e7\u00f5es j\u00e1 publicadas, a fim de melhorar a qualidade da produ\u00e7\u00e3o.<\/span><\/p>\n<p><span style=\"font-weight: 400\">\u00a0 \u00a0 \u00a0 \u00a0 \u00a0 \u00a0 \u00a0 <strong>Site e Rede Social:<\/strong><\/span><\/p>\n<ul>\n<li><span style=\"font-weight: 400\">Site: <\/span><a href=\"https:\/\/instagram.com\/focafoto?igshid=YmMyMTA2M2Y=\"><span style=\"font-weight: 400\">https:\/\/instagram.com\/focafoto?igshid=YmMyMTA2M2Y=<\/span><\/a><span style=\"font-weight: 400\">\u00a0<\/span><\/li>\n<li><span style=\"font-weight: 400\">Instagram: <\/span><a href=\"https:\/\/instagram.com\/focafoto?igshid=YmMyMTA2M2Y=\"><span style=\"font-weight: 400\">@focafoto<\/span><\/a><\/li>\n<\/ul>\n","protected":false},"excerpt":{"rendered":"<p>\u00a0 \u00a0 \u00a0 \u00a0 \u00a0 \u00a0 \u00a0FOCA FOTO \u00a0 \u00a0 \u00a0 \u00a0 \u00a0 \u00a0 \u00a0O projeto Foca Foto foi criado em mar\u00e7o de 2010, com iniciativa de Carlos Alberto Souza, Ta\u00eds Maria Ferreira e de um grupo de alunos. O objetivo era prestar servi\u00e7os \u00e0 comunidade, atender a demanda dos bairros, fazer coberturas jornal\u00edsticas, organizar&nbsp;&hellip;<\/p>\n","protected":false},"author":378,"featured_media":0,"parent":0,"menu_order":0,"comment_status":"closed","ping_status":"closed","template":"","meta":[],"_links":{"self":[{"href":"https:\/\/www2.uepg.br\/bacharelado-jornalismo\/wp-json\/wp\/v2\/pages\/549"}],"collection":[{"href":"https:\/\/www2.uepg.br\/bacharelado-jornalismo\/wp-json\/wp\/v2\/pages"}],"about":[{"href":"https:\/\/www2.uepg.br\/bacharelado-jornalismo\/wp-json\/wp\/v2\/types\/page"}],"author":[{"embeddable":true,"href":"https:\/\/www2.uepg.br\/bacharelado-jornalismo\/wp-json\/wp\/v2\/users\/378"}],"replies":[{"embeddable":true,"href":"https:\/\/www2.uepg.br\/bacharelado-jornalismo\/wp-json\/wp\/v2\/comments?post=549"}],"version-history":[{"count":6,"href":"https:\/\/www2.uepg.br\/bacharelado-jornalismo\/wp-json\/wp\/v2\/pages\/549\/revisions"}],"predecessor-version":[{"id":840,"href":"https:\/\/www2.uepg.br\/bacharelado-jornalismo\/wp-json\/wp\/v2\/pages\/549\/revisions\/840"}],"wp:attachment":[{"href":"https:\/\/www2.uepg.br\/bacharelado-jornalismo\/wp-json\/wp\/v2\/media?parent=549"}],"curies":[{"name":"wp","href":"https:\/\/api.w.org\/{rel}","templated":true}]}}