{"id":550,"date":"2021-11-04T15:15:24","date_gmt":"2021-11-04T18:15:24","guid":{"rendered":"https:\/\/www2.uepg.br\/bacharelado-jornalismo\/?page_id=550"},"modified":"2023-02-16T11:41:37","modified_gmt":"2023-02-16T14:41:37","slug":"lente-quente","status":"publish","type":"page","link":"https:\/\/www2.uepg.br\/bacharelado-jornalismo\/lente-quente\/","title":{"rendered":"Lente Quente"},"content":{"rendered":"<p><strong>\u00a0 \u00a0 \u00a0 \u00a0 \u00a0 \u00a0 \u00a0LENTE QUENTE<\/strong><\/p>\n<p>O projeto surgiu no ano de 2010, a partir da manifesta\u00e7\u00e3o de alunos com objetivo de aprofundar o estudo da fotografia. O Lente Quente busca registrar o di\u00e1rio da cultura na cidade de Ponta Grossa e regi\u00e3o dos Campos Gerais, a partir do fotojornalismo. Os registros s\u00e3o divulgados na plataforma Flickr, que tamb\u00e9m funciona como banco de imagens para o curso de Jornalismo da UEPG. Os integrantes do projeto escolhem as pautas, realizam a cobertura, produzem legendas e publicam o material, enquadrando o conte\u00fado em valores-not\u00edcia e no campo cultural.<\/p>\n<p>O fotojornalismo \u00e9 o principal objeto de estudo do Lente Quente, abordando a aus\u00eancia da manipula\u00e7\u00e3o, montagem de cen\u00e1rio e diversos pontos que diferem da fotografia comercial. A parte t\u00e9cnica da fotografia \u00e9 debatida em todas as reuni\u00f5es, at\u00e9 mesmo em oficinas espec\u00edficas direcionadas a todos os acad\u00eamicos do curso. As express\u00f5es culturais, sendo elas de qualquer origem, s\u00e3o os elementos que caracterizam o estudo do Lente Quente. Categorizar, formar padr\u00f5es e analisar.<\/p>\n<p><strong>\u00a0 \u00a0 \u00a0 \u00a0 \u00a0 \u00a0 \u00a0Produ\u00e7\u00f5es e redes sociais:<\/strong><\/p>\n<ul>\n<li>Flickr:\u00a0<a href=\"https:\/\/www.flickr.com\/photos\/lentequente\/\">https:\/\/www.flickr.com\/photos\/lentequente\/<\/a><\/li>\n<li>Instagram: <a href=\"https:\/\/www.instagram.com\/lentequente\/\">https:\/\/www.instagram.com\/lentequente\/<\/a><\/li>\n<li>Facebook:\u00a0<a href=\"https:\/\/www.facebook.com\/lentequente\/\">https:\/\/www.facebook.com\/lentequente\/<\/a><\/li>\n<\/ul>\n","protected":false},"excerpt":{"rendered":"<p>\u00a0 \u00a0 \u00a0 \u00a0 \u00a0 \u00a0 \u00a0LENTE QUENTE O projeto surgiu no ano de 2010, a partir da manifesta\u00e7\u00e3o de alunos com objetivo de aprofundar o estudo da fotografia. O Lente Quente busca registrar o di\u00e1rio da cultura na cidade de Ponta Grossa e regi\u00e3o dos Campos Gerais, a partir do fotojornalismo. Os registros s\u00e3o&nbsp;&hellip;<\/p>\n","protected":false},"author":378,"featured_media":0,"parent":0,"menu_order":0,"comment_status":"closed","ping_status":"closed","template":"","meta":[],"_links":{"self":[{"href":"https:\/\/www2.uepg.br\/bacharelado-jornalismo\/wp-json\/wp\/v2\/pages\/550"}],"collection":[{"href":"https:\/\/www2.uepg.br\/bacharelado-jornalismo\/wp-json\/wp\/v2\/pages"}],"about":[{"href":"https:\/\/www2.uepg.br\/bacharelado-jornalismo\/wp-json\/wp\/v2\/types\/page"}],"author":[{"embeddable":true,"href":"https:\/\/www2.uepg.br\/bacharelado-jornalismo\/wp-json\/wp\/v2\/users\/378"}],"replies":[{"embeddable":true,"href":"https:\/\/www2.uepg.br\/bacharelado-jornalismo\/wp-json\/wp\/v2\/comments?post=550"}],"version-history":[{"count":11,"href":"https:\/\/www2.uepg.br\/bacharelado-jornalismo\/wp-json\/wp\/v2\/pages\/550\/revisions"}],"predecessor-version":[{"id":802,"href":"https:\/\/www2.uepg.br\/bacharelado-jornalismo\/wp-json\/wp\/v2\/pages\/550\/revisions\/802"}],"wp:attachment":[{"href":"https:\/\/www2.uepg.br\/bacharelado-jornalismo\/wp-json\/wp\/v2\/media?parent=550"}],"curies":[{"name":"wp","href":"https:\/\/api.w.org\/{rel}","templated":true}]}}