{"id":665,"date":"2022-11-01T08:39:26","date_gmt":"2022-11-01T11:39:26","guid":{"rendered":"https:\/\/www2.uepg.br\/bacharelado-jornalismo\/?page_id=665"},"modified":"2023-02-16T11:03:26","modified_gmt":"2023-02-16T14:03:26","slug":"eventos","status":"publish","type":"page","link":"https:\/\/www2.uepg.br\/bacharelado-jornalismo\/eventos\/","title":{"rendered":"Eventos"},"content":{"rendered":"<p><b>\u00a0 \u00a0 \u00a0 \u00a0 \u00a0 \u00a0 \u00a0SEMIN\u00c1RIO DE INVERNO DE ESTUDOS EM COMUNICA\u00c7\u00c3O\u00a0<\/b><\/p>\n<p><span style=\"font-weight: 400\">\u00a0 \u00a0 \u00a0 \u00a0 \u00a0 \u00a0 \u00a0O Semin\u00e1rio de Inverno \u00e9 um evento promovido pelo curso de Jornalismo da UEPG que re\u00fane, anualmente, estudantes, profissionais e docentes de institui\u00e7\u00f5es de ensino superior do Paran\u00e1 e do Brasil. <\/span><span style=\"font-weight: 400\">Durante uma semana, ocorrem apresenta\u00e7\u00f5es de trabalhos cient\u00edficos previamente inscritos de forma gratuita. Estes trabalhos passam por uma comiss\u00e3o cient\u00edfica. Ap\u00f3s esta etapa, eles s\u00e3o agrupados em mesas tem\u00e1ticas, reunindo trabalhos com temas similares, com o objetivo de promover debates sobre os trabalhos ao fim de cada apresenta\u00e7\u00e3o.<\/span><\/p>\n<p><span style=\"font-weight: 400\">\u00a0 \u00a0 \u00a0 \u00a0 \u00a0 \u00a0 \u00a0O Semin\u00e1rio de Inverno de Estudos em Comunica\u00e7\u00e3o acontece, de forma ininterrupta, desde 1998. O ano de 2022 marcou a 25\u00aa edi\u00e7\u00e3o do evento, que voltou a ser presencial ap\u00f3s dois anos de atividades remotas em raz\u00e3o da pandemia da COVID-19. <\/span><span style=\"font-weight: 400\">\u00c9 uma organiza\u00e7\u00e3o do Grupo de Pesquisa L\u00f3gicas de Produ\u00e7\u00e3o e Consumo no Jornalismo, com apoio do curso de Jornalismo da Uninter (Curitiba) e das institui\u00e7\u00f5es de fomento Capes e Funda\u00e7\u00e3o Arauc\u00e1ria, via bolsas de pesquisa e extens\u00e3o, assim como Pr\u00f3-Reitoria de Pesquisa e P\u00f3s-Gradua\u00e7\u00e3o (Propesp) e Pr\u00f3-Reitoria de Extens\u00e3o e Assuntos Culturais (Proex).<\/span><\/p>\n<p>&nbsp;<\/p>\n<p><b>\u00a0 \u00a0 \u00a0 \u00a0 \u00a0 \u00a0 \u00a0SEMANA DA COMUNICA\u00c7\u00c3O<\/b><\/p>\n<p><span style=\"font-weight: 400\">\u00a0 \u00a0 \u00a0 \u00a0 \u00a0 \u00a0 \u00a0 A Semana da Comunica\u00e7\u00e3o \u00e9 um evento realizado pelo curso de Jornalismo da UEPG. Neste evento, os alunos t\u00eam a oportunidade de participar de oficinas que proporcionam atividades pr\u00e1ticas, visitas a reda\u00e7\u00f5es e emissoras ou debates em grupos sobre as especificidades da \u00e1rea de Jornalismo e Comunica\u00e7\u00e3o. <\/span><span style=\"font-weight: 400\">Durante as atividades, os alunos t\u00eam a oportunidade de terem contato com os profissionais que atuam na \u00e1rea do jornalismo, para que estes falem sobre suas experi\u00eancias e sobre o dia a dia das reda\u00e7\u00f5es, auxiliando os alunos sobre d\u00favidas sobre o mercado de trabalho no jornalismo.<\/span><\/p>\n","protected":false},"excerpt":{"rendered":"<p>\u00a0 \u00a0 \u00a0 \u00a0 \u00a0 \u00a0 \u00a0SEMIN\u00c1RIO DE INVERNO DE ESTUDOS EM COMUNICA\u00c7\u00c3O\u00a0 \u00a0 \u00a0 \u00a0 \u00a0 \u00a0 \u00a0 \u00a0O Semin\u00e1rio de Inverno \u00e9 um evento promovido pelo curso de Jornalismo da UEPG que re\u00fane, anualmente, estudantes, profissionais e docentes de institui\u00e7\u00f5es de ensino superior do Paran\u00e1 e do Brasil. Durante uma semana, ocorrem apresenta\u00e7\u00f5es&nbsp;&hellip;<\/p>\n","protected":false},"author":378,"featured_media":0,"parent":0,"menu_order":0,"comment_status":"closed","ping_status":"closed","template":"","meta":[],"_links":{"self":[{"href":"https:\/\/www2.uepg.br\/bacharelado-jornalismo\/wp-json\/wp\/v2\/pages\/665"}],"collection":[{"href":"https:\/\/www2.uepg.br\/bacharelado-jornalismo\/wp-json\/wp\/v2\/pages"}],"about":[{"href":"https:\/\/www2.uepg.br\/bacharelado-jornalismo\/wp-json\/wp\/v2\/types\/page"}],"author":[{"embeddable":true,"href":"https:\/\/www2.uepg.br\/bacharelado-jornalismo\/wp-json\/wp\/v2\/users\/378"}],"replies":[{"embeddable":true,"href":"https:\/\/www2.uepg.br\/bacharelado-jornalismo\/wp-json\/wp\/v2\/comments?post=665"}],"version-history":[{"count":6,"href":"https:\/\/www2.uepg.br\/bacharelado-jornalismo\/wp-json\/wp\/v2\/pages\/665\/revisions"}],"predecessor-version":[{"id":829,"href":"https:\/\/www2.uepg.br\/bacharelado-jornalismo\/wp-json\/wp\/v2\/pages\/665\/revisions\/829"}],"wp:attachment":[{"href":"https:\/\/www2.uepg.br\/bacharelado-jornalismo\/wp-json\/wp\/v2\/media?parent=665"}],"curies":[{"name":"wp","href":"https:\/\/api.w.org\/{rel}","templated":true}]}}