{"id":147,"date":"2020-02-04T21:15:50","date_gmt":"2020-02-05T00:15:50","guid":{"rendered":"http:\/\/www2.uepg.br\/testes\/?page_id=147"},"modified":"2020-11-23T19:29:54","modified_gmt":"2020-11-23T22:29:54","slug":"historico","status":"publish","type":"page","link":"https:\/\/www2.uepg.br\/bacharelado-odontologia\/historico\/","title":{"rendered":"Hist\u00f3rico"},"content":{"rendered":"<p>A UEPG foi <strong>criada pelo Governo do Estado do Paran\u00e1<\/strong>, atrav\u00e9s da <strong>Lei no 6.034<\/strong>, de 6 de novembro de <strong>1969<\/strong>, e Decreto no 18.111, de 28 de janeiro de 1970, que foi o <strong>resultado da incorpora\u00e7\u00e3o das Faculdades Estaduais j\u00e1 existentes <\/strong>e que funcionavam isoladamente na cidade de Ponta Grossa. Eram a Faculdade Estadual de <strong>Filosofia, Ci\u00eancias e Letras<\/strong>, a Faculdade Estadual de <strong>Farm\u00e1cia e Odontologia<\/strong>, a Faculdade Estadual de <strong>Direito<\/strong> e a Faculdade Estadual de <strong>Ci\u00eancias Econ\u00f4micas e Administra\u00e7\u00e3o<\/strong>.<\/p>\n<p><strong>1975<\/strong> &#8211; Atrav\u00e9s de conv\u00eanio com a Secretaria Municipal de Sa\u00fade de Ponta Grossa, o curso de Odontologia saiu para fora e iniciou o atendimento da comunidade externa nas zonas rurais de Guaragi e Itaiacoca por meio de um projeto extensionista chamado CRUTAC &#8211; CENTRO RURAL UNIVERSIT\u00c1RIO DE TREINAMENTO E A\u00c7\u00c3O COMUNIT\u00c1RIA.<\/p>\n<p><strong>2002<\/strong> &#8211; Foi institu\u00eddo o programa de p\u00f3s-gradua\u00e7\u00e3o a n\u00edvel de mestrado e em 2009 o programa de p\u00f3s-gradua\u00e7\u00e3o a n\u00edvel de doutorado.<\/p>\n<p><strong>2014 <\/strong>&#8211; <strong>o curso aderiu \u00e0 Rede de Sa\u00fade Bucal da secretaria de sa\u00fade do Paran\u00e1, permitindo aos alunos est\u00e1gios na rede p\u00fablica do munic\u00edpio. <\/strong><\/p>\n<p align=\"justify\"><strong>2016 <\/strong>&#8211; Seguindo as recomenda\u00e7\u00f5es das Diretrizes Curriculares Nacionais houve uma nova reformula\u00e7\u00e3o do curr\u00edculo do curso.<\/p>\n<p align=\"justify\">O curso de Odontologia foi reconhecido pelo Decreto N\u00ba40. 445- de 30\/11\/1956, D.O.U\u00a0 de 30\/11\/1956.<\/p>\n<p align=\"justify\">Pertence ao Setor de Ci\u00eancias Biol\u00f3gicas e da Sa\u00fade. O corpo docente possui\u00a0 55 professores, em sua maioria Doutores.<\/p>\n<p align=\"justify\">O curso se empenha na forma\u00e7\u00e3o de profissionais qualificados para atuar na promo\u00e7\u00e3o de sa\u00fade, preven\u00e7\u00e3o e tratamento das doen\u00e7as bucais. Preocupa-se em formar cidad\u00e3os socialmente conscientes, \u00e9ticos e Cirurgi\u00f5es-Dentistas generalistas com habilidades t\u00e9cnico-cient\u00edficas para exercer atividades em \u00e2mbito privado ou p\u00fablico.<br \/>\nPossui 15 laborat\u00f3rios, incluindo as Cl\u00ednicas Integradas de atendimento \u00e0 comunidade, que est\u00e3o instaladas no Campus Universit\u00e1rio de Uvaranas.<\/p>\n<p align=\"justify\">Atualmente, o curso de Odontologia \u00e9 oferecido em per\u00edodo integral, tendo a dura\u00e7\u00e3o de cinco anos.<\/p>\n<p>O curso de Odontologia da Universidade Estadual de Ponta Grossa, no ano de 2019 obteve Nota 4 no Enade e o Programa de P\u00f3s-Gradua\u00e7\u00e3o Nota 5 (Capes).<\/p>\n","protected":false},"excerpt":{"rendered":"<p>A UEPG foi criada pelo Governo do Estado do Paran\u00e1, atrav\u00e9s da Lei no 6.034, de 6 de novembro de 1969, e Decreto no 18.111, de 28 de janeiro de 1970, que foi o resultado da incorpora\u00e7\u00e3o das Faculdades Estaduais j\u00e1 existentes e que funcionavam isoladamente na cidade de Ponta Grossa. Eram a Faculdade Estadual&nbsp;&hellip;<\/p>\n","protected":false},"author":24,"featured_media":0,"parent":0,"menu_order":0,"comment_status":"closed","ping_status":"closed","template":"","meta":[],"_links":{"self":[{"href":"https:\/\/www2.uepg.br\/bacharelado-odontologia\/wp-json\/wp\/v2\/pages\/147"}],"collection":[{"href":"https:\/\/www2.uepg.br\/bacharelado-odontologia\/wp-json\/wp\/v2\/pages"}],"about":[{"href":"https:\/\/www2.uepg.br\/bacharelado-odontologia\/wp-json\/wp\/v2\/types\/page"}],"author":[{"embeddable":true,"href":"https:\/\/www2.uepg.br\/bacharelado-odontologia\/wp-json\/wp\/v2\/users\/24"}],"replies":[{"embeddable":true,"href":"https:\/\/www2.uepg.br\/bacharelado-odontologia\/wp-json\/wp\/v2\/comments?post=147"}],"version-history":[{"count":14,"href":"https:\/\/www2.uepg.br\/bacharelado-odontologia\/wp-json\/wp\/v2\/pages\/147\/revisions"}],"predecessor-version":[{"id":502,"href":"https:\/\/www2.uepg.br\/bacharelado-odontologia\/wp-json\/wp\/v2\/pages\/147\/revisions\/502"}],"wp:attachment":[{"href":"https:\/\/www2.uepg.br\/bacharelado-odontologia\/wp-json\/wp\/v2\/media?parent=147"}],"curies":[{"name":"wp","href":"https:\/\/api.w.org\/{rel}","templated":true}]}}