{"id":151,"date":"2020-02-04T21:17:26","date_gmt":"2020-02-05T00:17:26","guid":{"rendered":"http:\/\/www2.uepg.br\/testes\/?page_id=151"},"modified":"2020-09-21T17:10:30","modified_gmt":"2020-09-21T20:10:30","slug":"docentes","status":"publish","type":"page","link":"https:\/\/www2.uepg.br\/bacharelado-odontologia\/docentes\/","title":{"rendered":"Docentes"},"content":{"rendered":"<p style=\"text-align: center\"><strong>Rela\u00e7\u00e3o dos docentes do Departamento de Odontologia<\/strong><\/p>\n<table width=\"100%\">\n<tbody>\n<tr>\n<td width=\"35%\">Nome<\/td>\n<td width=\"35%\">Cargo<\/td>\n<td width=\"15%\">Titula\u00e7\u00e3o<\/td>\n<td width=\"15%\">Carga Hor\u00e1ria<\/td>\n<\/tr>\n<\/tbody>\n<\/table>\n<p>&nbsp;<\/p>\n<table width=\"100%\">\n<tbody>\n<tr>\n<td width=\"35%\">1.\u00a0\u00a0\u00a0\u00a0 Abraham Lincoln Calixto<\/td>\n<td width=\"35%\">Professor de Ensino Superior &#8211; Carreira<\/td>\n<td width=\"15%\">Doutorado<\/td>\n<td width=\"15%\">Dedica\u00e7\u00e3o Excl.<\/td>\n<\/tr>\n<tr>\n<td width=\"35%\">2.\u00a0\u00a0\u00a0\u00a0 Adriana Postiglione Buhrer Samra<\/td>\n<td width=\"35%\">Professor de Ensino Superior &#8211; Carreira<\/td>\n<td width=\"15%\">Doutorado<\/td>\n<td width=\"15%\">40 Horas<\/td>\n<\/tr>\n<tr>\n<td width=\"35%\">3.\u00a0\u00a0\u00a0\u00a0 Alessandra de Souza Martins<\/td>\n<td width=\"35%\">Professor de Ens. Superior &#8211; Colaborador<\/td>\n<td width=\"15%\">Doutorado<\/td>\n<td width=\"15%\">20 Horas<\/td>\n<\/tr>\n<tr>\n<td width=\"35%\">4.\u00a0\u00a0\u00a0\u00a0 Alessandra Reis Silva Loguercio<\/td>\n<td width=\"35%\">Professor de Ensino Superior &#8211; Carreira<\/td>\n<td width=\"15%\">Doutorado<\/td>\n<td width=\"15%\">Dedica\u00e7\u00e3o Excl.<\/td>\n<\/tr>\n<tr>\n<td width=\"35%\">5.\u00a0\u00a0\u00a0\u00a0 Alessandro Dourado Loguercio<\/td>\n<td width=\"35%\">Professor de Ensino Superior &#8211; Carreira<\/td>\n<td width=\"15%\">Doutorado<\/td>\n<td width=\"15%\">Dedica\u00e7\u00e3o Excl.<\/td>\n<\/tr>\n<tr>\n<td width=\"35%\">6.\u00a0\u00a0\u00a0\u00a0 Alfonso S\u00e1nchez Ayala<\/td>\n<td width=\"35%\">Professor de Ensino Superior &#8211; Carreira<\/td>\n<td width=\"15%\">Doutorado<\/td>\n<td width=\"15%\">Dedica\u00e7\u00e3o Excl.<\/td>\n<\/tr>\n<tr>\n<td width=\"35%\">7.\u00a0\u00a0\u00a0\u00a0 Alfredo Adimari Junior<\/td>\n<td width=\"35%\">Professor de Ensino Superior &#8211; Carreira<\/td>\n<td width=\"15%\">Mestrado<\/td>\n<td width=\"15%\">Dedica\u00e7\u00e3o Excl.<\/td>\n<\/tr>\n<tr>\n<td width=\"35%\">8.\u00a0\u00a0\u00a0\u00a0 Ana Claudia Rodrigues Chibinski<\/td>\n<td width=\"35%\">Professor de Ensino Superior &#8211; Carreira<\/td>\n<td width=\"15%\">Doutorado<\/td>\n<td width=\"15%\">40 Horas<\/td>\n<\/tr>\n<tr>\n<td width=\"35%\">9.\u00a0\u00a0\u00a0\u00a0 Andr\u00e9 Takahashi<\/td>\n<td width=\"35%\">Professor de Ensino Superior &#8211; Carreira<\/td>\n<td width=\"15%\">Doutorado<\/td>\n<td width=\"15%\">Dedica\u00e7\u00e3o Excl.<\/td>\n<\/tr>\n<tr>\n<td width=\"35%\">10.\u00a0\u00a0 Bruno Orellana<\/td>\n<td width=\"35%\">Professor de Ensino Superior &#8211; Carreira<\/td>\n<td width=\"15%\">Doutorado<\/td>\n<td width=\"15%\">Dedica\u00e7\u00e3o Excl.<\/td>\n<\/tr>\n<tr>\n<td width=\"35%\">11.\u00a0\u00a0 Camila Maggi Maia Silveira<\/td>\n<td width=\"35%\">Professor de Ens. Superior &#8211; Colaborador<\/td>\n<td width=\"15%\">Doutorado<\/td>\n<td width=\"15%\">20 Horas<\/td>\n<\/tr>\n<tr>\n<td width=\"35%\">12.\u00a0\u00a0 C\u00e9sar Augusto Galv\u00e3o Arrais<\/td>\n<td width=\"35%\">Professor de Ensino Superior &#8211; Carreira<\/td>\n<td width=\"15%\">Doutorado<\/td>\n<td width=\"15%\">Dedica\u00e7\u00e3o Excl.<\/td>\n<\/tr>\n<tr>\n<td width=\"35%\">13.\u00a0\u00a0 Cristina Berger Fadel<\/td>\n<td width=\"35%\">Professor de Ensino Superior &#8211; Carreira<\/td>\n<td width=\"15%\">Doutorado<\/td>\n<td width=\"15%\">Dedica\u00e7\u00e3o Excl.<\/td>\n<\/tr>\n<tr>\n<td width=\"35%\">14.\u00a0\u00a0 Denise Stadler Wambier<\/td>\n<td width=\"35%\">Professor de Ensino Superior &#8211; Carreira<\/td>\n<td width=\"15%\">Doutorado<\/td>\n<td width=\"15%\">Dedica\u00e7\u00e3o Excl.<\/td>\n<\/tr>\n<tr>\n<td width=\"35%\">15.\u00a0\u00a0 Douglas Augusto Roderjan<\/td>\n<td width=\"35%\">Professor de Ensino Superior &#8211; Carreira<\/td>\n<td width=\"15%\">Doutorado<\/td>\n<td width=\"15%\">Dedica\u00e7\u00e3o Excl.<\/td>\n<\/tr>\n<tr>\n<td width=\"35%\">16.\u00a0\u00a0 Edison do Rocio Meister<\/td>\n<td width=\"35%\">Professor de Ensino Superior &#8211; Carreira<\/td>\n<td width=\"15%\">Mestrado<\/td>\n<td width=\"15%\">40 Horas<\/td>\n<\/tr>\n<tr>\n<td width=\"35%\">17.\u00a0\u00a0 Eduardo Bauml Campagnoli<\/td>\n<td width=\"35%\">Professor de Ensino Superior &#8211; Carreira<\/td>\n<td width=\"15%\">Doutorado<\/td>\n<td width=\"15%\">Dedica\u00e7\u00e3o Excl.<\/td>\n<\/tr>\n<tr>\n<td width=\"35%\">18.\u00a0\u00a0 Fabiana Bucholdz Teixeira Alves<\/td>\n<td width=\"35%\">Professor de Ensino Superior &#8211; Carreira<\/td>\n<td width=\"15%\">Doutorado<\/td>\n<td width=\"15%\">Dedica\u00e7\u00e3o Excl.<\/td>\n<\/tr>\n<tr>\n<td width=\"35%\">19.\u00a0\u00a0 Fabiana Fernandes Madalozzo Coppla<\/td>\n<td width=\"35%\">Professor de Ens. Superior &#8211; Colaborador<\/td>\n<td width=\"15%\">Doutorado<\/td>\n<td width=\"15%\">20 Horas<\/td>\n<\/tr>\n<tr>\n<td width=\"35%\">20.\u00a0\u00a0 F\u00e1bio Andr\u00e9 dos Santos<\/td>\n<td width=\"35%\">Professor de Ensino Superior &#8211; Carreira<\/td>\n<td width=\"15%\">Doutorado<\/td>\n<td width=\"15%\">Dedica\u00e7\u00e3o Excl.<\/td>\n<\/tr>\n<tr>\n<td width=\"35%\">21.\u00a0\u00a0 Fabio Anibal Jara Goiris<\/td>\n<td width=\"35%\">Professor de Ensino Superior &#8211; Carreira<\/td>\n<td width=\"15%\">Doutorado<\/td>\n<td width=\"15%\">40 Horas<\/td>\n<\/tr>\n<tr>\n<td width=\"35%\">22.\u00a0\u00a0 Gibson Luiz Pilatti<\/td>\n<td width=\"35%\">Professor de Ensino Superior &#8211; Carreira<\/td>\n<td width=\"15%\">Doutorado<\/td>\n<td width=\"15%\">Dedica\u00e7\u00e3o Excl.<\/td>\n<\/tr>\n<tr>\n<td width=\"35%\">23.\u00a0\u00a0 Gilson Cesar Nobre Franco<\/td>\n<td width=\"35%\">Professor de Ensino Superior &#8211; Carreira<\/td>\n<td width=\"15%\">Doutorado<\/td>\n<td width=\"15%\">Dedica\u00e7\u00e3o Excl.<\/td>\n<\/tr>\n<tr>\n<td width=\"35%\">24.\u00a0\u00a0 Giovana Mongruel Gomes<\/td>\n<td width=\"35%\">Professor de Ensino Superior &#8211; Carreira<\/td>\n<td width=\"15%\">Doutorado<\/td>\n<td width=\"15%\">Dedica\u00e7\u00e3o Excl.<\/td>\n<\/tr>\n<tr>\n<td width=\"35%\">25.\u00a0\u00a0 Gislaine Denise Czlusniak<\/td>\n<td width=\"35%\">Professor de Ensino Superior &#8211; Carreira<\/td>\n<td width=\"15%\">Doutorado<\/td>\n<td width=\"15%\">Dedica\u00e7\u00e3o Excl.<\/td>\n<\/tr>\n<tr>\n<td width=\"35%\">26.\u00a0\u00a0 Jo\u00e3o Carlos Gomes<\/td>\n<td width=\"35%\">Professor de Ensino Superior &#8211; Carreira<\/td>\n<td width=\"15%\">Doutorado<\/td>\n<td width=\"15%\">40 Horas<\/td>\n<\/tr>\n<tr>\n<td width=\"35%\">27.\u00a0\u00a0 Juliana Larocca de Geus<\/td>\n<td width=\"35%\">Professor de Ens. Superior &#8211; Colaborador<\/td>\n<td width=\"15%\">Doutorado<\/td>\n<td width=\"15%\">20 Horas<\/td>\n<\/tr>\n<tr>\n<td width=\"35%\">28.\u00a0\u00a0 Lea Rosa Chioca Ferro<\/td>\n<td width=\"35%\">Professor de Ens. Superior &#8211; Colaborador<\/td>\n<td width=\"15%\">Doutorado<\/td>\n<td width=\"15%\">20 Horas<\/td>\n<\/tr>\n<tr>\n<td width=\"35%\">29.\u00a0\u00a0 Let\u00edcia Maira Wambier<\/td>\n<td width=\"35%\">Professor de Ens. Superior &#8211; Colaborador<\/td>\n<td width=\"15%\">Doutorado<\/td>\n<td width=\"15%\">20 Horas<\/td>\n<\/tr>\n<tr>\n<td width=\"35%\">30.\u00a0\u00a0 Lidia Olga Bach Pinheiro<\/td>\n<td width=\"35%\">Professor de Ensino Superior &#8211; Carreira<\/td>\n<td width=\"15%\">Doutorado<\/td>\n<td width=\"15%\">Dedica\u00e7\u00e3o Excl.<\/td>\n<\/tr>\n<tr>\n<td width=\"35%\">31.\u00a0\u00a0 Luciana Dorochenko Martins<\/td>\n<td width=\"35%\">Professor de Ensino Superior &#8211; Carreira<\/td>\n<td width=\"15%\">Doutorado<\/td>\n<td width=\"15%\">Dedica\u00e7\u00e3o Excl.<\/td>\n<\/tr>\n<tr>\n<td width=\"35%\">32.\u00a0\u00a0 Luciano Celinski<\/td>\n<td width=\"35%\">Professor de Ensino Superior &#8211; Carreira<\/td>\n<td width=\"15%\">Doutorado<\/td>\n<td width=\"15%\">40 Horas<\/td>\n<\/tr>\n<tr>\n<td width=\"35%\">33.\u00a0\u00a0 Luciano Serpe<\/td>\n<td width=\"35%\">Professor de Ens. Superior &#8211; Colaborador<\/td>\n<td width=\"15%\">Doutorado<\/td>\n<td width=\"15%\">20 Horas<\/td>\n<\/tr>\n<tr>\n<td width=\"35%\">34.\u00a0\u00a0 Manoelito Ferreira Silva Junior<\/td>\n<td width=\"35%\">Professor de Ens. Superior &#8211; Colaborador<\/td>\n<td width=\"15%\">Doutorado<\/td>\n<td width=\"15%\">20 Horas<\/td>\n<\/tr>\n<tr>\n<td width=\"35%\">35.\u00a0\u00a0 Marcela Claudino da Silva Nardino<\/td>\n<td width=\"35%\">Professor de Ensino Superior &#8211; Carreira<\/td>\n<td width=\"15%\">Doutorado<\/td>\n<td width=\"15%\">Dedica\u00e7\u00e3o Excl.<\/td>\n<\/tr>\n<tr>\n<td width=\"35%\">36.\u00a0\u00a0 Marcelo Carlos Bortoluzzi<\/td>\n<td width=\"35%\">Professor de Ensino Superior &#8211; Carreira<\/td>\n<td width=\"15%\">Doutorado<\/td>\n<td width=\"15%\">Dedica\u00e7\u00e3o Excl.<\/td>\n<\/tr>\n<tr>\n<td width=\"35%\">37.\u00a0\u00a0 M\u00e1rcia Helena Baldani Pinto<\/td>\n<td width=\"35%\">Professor de Ensino Superior &#8211; Carreira<\/td>\n<td width=\"15%\">Doutorado<\/td>\n<td width=\"15%\">Dedica\u00e7\u00e3o Excl.<\/td>\n<\/tr>\n<tr>\n<td width=\"35%\">38.\u00a0\u00a0 M\u00e1rcia Thais Pochapski<\/td>\n<td width=\"35%\">Professor de Ensino Superior &#8211; Carreira<\/td>\n<td width=\"15%\">Doutorado<\/td>\n<td width=\"15%\">Dedica\u00e7\u00e3o Excl.<\/td>\n<\/tr>\n<tr>\n<td width=\"35%\">39.\u00a0\u00a0 Mariane Aparecida Sanson Wayar<\/td>\n<td width=\"35%\">Professor de Ens. Superior &#8211; Colaborador<\/td>\n<td width=\"15%\">Doutorado<\/td>\n<td width=\"15%\">20 Horas<\/td>\n<\/tr>\n<tr>\n<td width=\"35%\">40.\u00a0\u00a0 Murilo Martins Borges<\/td>\n<td width=\"35%\">Professor de Ens. Superior &#8211; Colaborador<\/td>\n<td width=\"15%\">Mestrado<\/td>\n<td width=\"15%\">20 Horas<\/td>\n<\/tr>\n<tr>\n<td width=\"35%\">41.\u00a0\u00a0 Murilo S\u00e9rgio Pr\u00edncipe Bizetto<\/td>\n<td width=\"35%\">Professor de Ens. Superior &#8211; Colaborador<\/td>\n<td width=\"15%\">Doutorado<\/td>\n<td width=\"15%\">20 Horas<\/td>\n<\/tr>\n<tr>\n<td width=\"35%\">42.\u00a0\u00a0 Nara Hellen Campanha Bombarda<\/td>\n<td width=\"35%\">Professor de Ensino Superior &#8211; Carreira<\/td>\n<td width=\"15%\">Doutorado<\/td>\n<td width=\"15%\">Dedica\u00e7\u00e3o Excl.<\/td>\n<\/tr>\n<tr>\n<td width=\"35%\">43.\u00a0\u00a0 Nelson Scholz Junior<\/td>\n<td width=\"35%\">Professor de Ensino Superior &#8211; Carreira<\/td>\n<td width=\"15%\">Doutorado<\/td>\n<td width=\"15%\">Dedica\u00e7\u00e3o Excl.<\/td>\n<\/tr>\n<tr>\n<td width=\"35%\">44.\u00a0\u00a0 Patricio Runnacles<\/td>\n<td width=\"35%\">Professor de Ens. Superior &#8211; Colaborador<\/td>\n<td width=\"15%\">Doutorado<\/td>\n<td width=\"15%\">20 Horas<\/td>\n<\/tr>\n<tr>\n<td width=\"35%\">45.\u00a0\u00a0 Priscila de Camargo Smolarek Flores<\/td>\n<td width=\"35%\">Professor de Ens. Superior &#8211; Colaborador<\/td>\n<td width=\"15%\">Doutorado<\/td>\n<td width=\"15%\">20 Horas<\/td>\n<\/tr>\n<tr>\n<td width=\"35%\">46.\u00a0\u00a0 Ricarda Duarte da Silva<\/td>\n<td width=\"35%\">Professor de Ens. Superior &#8211; Colaborador<\/td>\n<td width=\"15%\">Doutorado<\/td>\n<td width=\"15%\">20 Horas<\/td>\n<\/tr>\n<tr>\n<td width=\"35%\">47.\u00a0\u00a0 Rosana Marques Silva Figueroa<\/td>\n<td width=\"35%\">Professor de Ens. Superior &#8211; Colaborador<\/td>\n<td width=\"15%\">Doutorado<\/td>\n<td width=\"15%\">20 Horas<\/td>\n<\/tr>\n<tr>\n<td width=\"35%\">48.\u00a0\u00a0 Shelon Cristina Souza Bandeca<\/td>\n<td width=\"35%\">Professor de Ensino Superior &#8211; Carreira<\/td>\n<td width=\"15%\">Doutorado<\/td>\n<td width=\"15%\">Dedica\u00e7\u00e3o Excl.<\/td>\n<\/tr>\n<tr>\n<td width=\"35%\">49.\u00a0\u00a0 Stella Kossatz Pereira<\/td>\n<td width=\"35%\">Professor de Ensino Superior &#8211; Carreira<\/td>\n<td width=\"15%\">Doutorado<\/td>\n<td width=\"15%\">Dedica\u00e7\u00e3o Excl.<\/td>\n<\/tr>\n<tr>\n<td width=\"35%\">50.\u00a0\u00a0 Thais Regina Kummer Ferraz<\/td>\n<td width=\"35%\">Professor de Ensino Superior &#8211; Carreira<\/td>\n<td width=\"15%\">Doutorado<\/td>\n<td width=\"15%\">40 Horas<\/td>\n<\/tr>\n<tr>\n<td width=\"35%\">51.\u00a0\u00a0 Thaynara Faelly Boing Servat<\/td>\n<td width=\"35%\">Professor de Ens. Superior &#8211; Colaborador<\/td>\n<td width=\"15%\">Doutorado<\/td>\n<td width=\"15%\">20 Horas<\/td>\n<\/tr>\n<tr>\n<td width=\"35%\">52.\u00a0\u00a0 Tito Lucio Fernandes<\/td>\n<td width=\"35%\">Professor de Ensino Superior &#8211; Carreira<\/td>\n<td width=\"15%\">Mestrado<\/td>\n<td width=\"15%\">40 Horas<\/td>\n<\/tr>\n<tr>\n<td width=\"35%\">53.\u00a0\u00a0 Ulisses Coelho<\/td>\n<td width=\"35%\">Professor de Ensino Superior &#8211; Carreira<\/td>\n<td width=\"15%\">Doutorado<\/td>\n<td width=\"15%\">40 Horas<\/td>\n<\/tr>\n<tr>\n<td width=\"35%\">54.\u00a0\u00a0 Vanessa Migliorini Urban<\/td>\n<td width=\"35%\">Professor de Ensino Superior &#8211; Carreira<\/td>\n<td width=\"15%\">Doutorado<\/td>\n<td width=\"15%\">Dedica\u00e7\u00e3o Excl.<\/td>\n<\/tr>\n<tr>\n<td width=\"35%\">55.\u00a0\u00a0 Vitoldo Antonio Kozlowski Junior<\/td>\n<td width=\"35%\">Professor de Ensino Superior &#8211; Carreira<\/td>\n<td width=\"15%\">Livre Doc\u00eancia<\/td>\n<td width=\"15%\">40 Horas<\/td>\n<\/tr>\n<\/tbody>\n<\/table>\n<p>&nbsp;<\/p>\n<p>&nbsp;<\/p>\n<p style=\"padding-left: 40px\">\n","protected":false},"excerpt":{"rendered":"<p>Rela\u00e7\u00e3o dos docentes do Departamento de Odontologia Nome Cargo Titula\u00e7\u00e3o Carga Hor\u00e1ria &nbsp; 1.\u00a0\u00a0\u00a0\u00a0 Abraham Lincoln Calixto Professor de Ensino Superior &#8211; Carreira Doutorado Dedica\u00e7\u00e3o Excl. 2.\u00a0\u00a0\u00a0\u00a0 Adriana Postiglione Buhrer Samra Professor de Ensino Superior &#8211; Carreira Doutorado 40 Horas 3.\u00a0\u00a0\u00a0\u00a0 Alessandra de Souza Martins Professor de Ens. Superior &#8211; Colaborador Doutorado 20 Horas 4.\u00a0\u00a0\u00a0\u00a0&nbsp;&hellip;<\/p>\n","protected":false},"author":24,"featured_media":0,"parent":0,"menu_order":0,"comment_status":"closed","ping_status":"closed","template":"","meta":[],"_links":{"self":[{"href":"https:\/\/www2.uepg.br\/bacharelado-odontologia\/wp-json\/wp\/v2\/pages\/151"}],"collection":[{"href":"https:\/\/www2.uepg.br\/bacharelado-odontologia\/wp-json\/wp\/v2\/pages"}],"about":[{"href":"https:\/\/www2.uepg.br\/bacharelado-odontologia\/wp-json\/wp\/v2\/types\/page"}],"author":[{"embeddable":true,"href":"https:\/\/www2.uepg.br\/bacharelado-odontologia\/wp-json\/wp\/v2\/users\/24"}],"replies":[{"embeddable":true,"href":"https:\/\/www2.uepg.br\/bacharelado-odontologia\/wp-json\/wp\/v2\/comments?post=151"}],"version-history":[{"count":9,"href":"https:\/\/www2.uepg.br\/bacharelado-odontologia\/wp-json\/wp\/v2\/pages\/151\/revisions"}],"predecessor-version":[{"id":409,"href":"https:\/\/www2.uepg.br\/bacharelado-odontologia\/wp-json\/wp\/v2\/pages\/151\/revisions\/409"}],"wp:attachment":[{"href":"https:\/\/www2.uepg.br\/bacharelado-odontologia\/wp-json\/wp\/v2\/media?parent=151"}],"curies":[{"name":"wp","href":"https:\/\/api.w.org\/{rel}","templated":true}]}}