{"id":159,"date":"2020-02-04T21:19:10","date_gmt":"2020-02-05T00:19:10","guid":{"rendered":"http:\/\/www2.uepg.br\/testes\/?page_id=159"},"modified":"2020-12-01T18:31:28","modified_gmt":"2020-12-01T21:31:28","slug":"extensao","status":"publish","type":"page","link":"https:\/\/www2.uepg.br\/bacharelado-odontologia\/extensao\/","title":{"rendered":"Extens\u00e3o"},"content":{"rendered":"<p class=\"post\" align=\"center\"><strong><span style=\"font-size: small\">PROJETOS EXTENS\u00c3O<\/span><\/strong><\/p>\n<p class=\"post\" align=\"center\">Aten\u00e7\u00e3o Integrada a moradores dos Distritos de Guaragi e Crutac<\/p>\n<p align=\"center\">Atendimento na UBS atrav\u00e9s de convenio realizado entre a Prefeitura e a UEPG &#8211; Unidade de Sa\u00fade Sharize Ang\u00e9lica Arruda &#8211; N\u00facleo Recanto Verde &#8211; Bairro Car\u00e1-Car\u00e1.<\/p>\n<p class=\"post\" align=\"center\">PROEX &#8211; UEPG<br \/>\nPROJETO DE ATENDIMENTO A POPULA\u00c7\u00c3O DO DISTRITO DE GUARAGI<\/p>\n<p class=\"post\">A sa\u00fade de uma popula\u00e7\u00e3o, genericamente, depende da qualidade e do acesso ao consumo de certos bens e servi\u00e7os de subsist\u00eancia que constituem basicamente em moradia, alimenta\u00e7\u00e3o, educa\u00e7\u00e3o e\u00a0<strong><u>assist\u00eancia em sa\u00fade<\/u><\/strong><strong>, \u00e9<\/strong><strong>\u00a0<\/strong>preciso que servi\u00e7os de sa\u00fade estejam pr\u00f3ximos de onde as pessoas vivem ou trabalham que sejam resolutivos oportunos e humanizados.<br \/>\nPensando assim e, com objetivo de promover sa\u00fade a popula\u00e7\u00e3o do Distrito do Guaragi, em parceria com a Prefeitura Municipal, a Universidade Estadual de Ponta Grossa, atrav\u00e9s da PROEX, como atividade extensionista, proporciona o atendimento odontol\u00f3gico preventivo e curativo para todas as faixas et\u00e1rias da popula\u00e7\u00e3o desta comunidade. Este atendimento que visa a\u00a0<strong>promo\u00e7\u00e3o de sa\u00fade p\u00fablica<\/strong>\u00a0de maneira abrangente \u00e9 feito em uma primeira etapa pelo setor de triagem do Curso de Odontologia em associa\u00e7\u00e3o com os Agentes Sanit\u00e1rios da Prefeitura Municipal e os Lideres Comunit\u00e1rios das Associa\u00e7\u00f5es de Bairros, no sentido de estabelecer metas e prioridades para esta comunidade Distrital.<\/p>\n<ul type=\"disc\">\n<li class=\"post\">Os alunos do 5\u00ba ano do Curso de Odontologia s\u00e3o respons\u00e1veis por tratamentos integralizados neste projeto de Extens\u00e3o da PROEX, tanto preventivos como curativos nas \u00e1reas de Cl\u00ednica Integrada e Odontopediatria, aplicando os conhecimentos que o aluno adquiriu no transcorrer do Curso. Estes atendimentos t\u00eam necessariamente o suporte de um professor extensionista do Departamento de Odontologia e, faz com que o aluno formando envolvido no programa possa:<\/li>\n<li class=\"post\">Conhecer a realidade das fam\u00edlias da Comunidade, pelas quais \u00e9 respons\u00e1vel, por meio do cadastramento, diagn\u00f3stico de caracter\u00edsticas s\u00f3cias, demogr\u00e1ficas e epidemiol\u00f3gicas feitos anteriormente, ao atendimento na cl\u00ednica.<\/li>\n<li class=\"post\">Identificar os principais problemas de sa\u00fade bucal que estas popula\u00e7\u00f5es est\u00e3o expostas,<\/li>\n<li class=\"post\">Elaborar plano de atendimento \u00e0 fam\u00edlia baseado em condi\u00e7\u00f5es que determinem o processo sa\u00fade\/doen\u00e7a.<\/li>\n<li class=\"post\">Prestar assist\u00eancia integral e desenvolver a\u00e7\u00f5es educativas junto \u00e0s escolas desta comunidade com palestras preventivas.<\/li>\n<\/ul>\n","protected":false},"excerpt":{"rendered":"<p>PROJETOS EXTENS\u00c3O Aten\u00e7\u00e3o Integrada a moradores dos Distritos de Guaragi e Crutac Atendimento na UBS atrav\u00e9s de convenio realizado entre a Prefeitura e a UEPG &#8211; Unidade de Sa\u00fade Sharize Ang\u00e9lica Arruda &#8211; N\u00facleo Recanto Verde &#8211; Bairro Car\u00e1-Car\u00e1. PROEX &#8211; UEPG PROJETO DE ATENDIMENTO A POPULA\u00c7\u00c3O DO DISTRITO DE GUARAGI A sa\u00fade de uma&nbsp;&hellip;<\/p>\n","protected":false},"author":24,"featured_media":0,"parent":0,"menu_order":0,"comment_status":"closed","ping_status":"closed","template":"","meta":[],"_links":{"self":[{"href":"https:\/\/www2.uepg.br\/bacharelado-odontologia\/wp-json\/wp\/v2\/pages\/159"}],"collection":[{"href":"https:\/\/www2.uepg.br\/bacharelado-odontologia\/wp-json\/wp\/v2\/pages"}],"about":[{"href":"https:\/\/www2.uepg.br\/bacharelado-odontologia\/wp-json\/wp\/v2\/types\/page"}],"author":[{"embeddable":true,"href":"https:\/\/www2.uepg.br\/bacharelado-odontologia\/wp-json\/wp\/v2\/users\/24"}],"replies":[{"embeddable":true,"href":"https:\/\/www2.uepg.br\/bacharelado-odontologia\/wp-json\/wp\/v2\/comments?post=159"}],"version-history":[{"count":4,"href":"https:\/\/www2.uepg.br\/bacharelado-odontologia\/wp-json\/wp\/v2\/pages\/159\/revisions"}],"predecessor-version":[{"id":509,"href":"https:\/\/www2.uepg.br\/bacharelado-odontologia\/wp-json\/wp\/v2\/pages\/159\/revisions\/509"}],"wp:attachment":[{"href":"https:\/\/www2.uepg.br\/bacharelado-odontologia\/wp-json\/wp\/v2\/media?parent=159"}],"curies":[{"name":"wp","href":"https:\/\/api.w.org\/{rel}","templated":true}]}}