{"id":278,"date":"2020-03-05T15:38:10","date_gmt":"2020-03-05T18:38:10","guid":{"rendered":"http:\/\/www2.uepg.br\/testes\/?page_id=278"},"modified":"2020-12-01T18:53:47","modified_gmt":"2020-12-01T21:53:47","slug":"estrutura","status":"publish","type":"page","link":"https:\/\/www2.uepg.br\/bacharelado-odontologia\/estrutura\/","title":{"rendered":"Estrutura"},"content":{"rendered":"<p>O curso de Odontologia possui 7 cl\u00ednicas que prestam atendimento constante \u00e0 popula\u00e7\u00e3o, localizadas no bloco M. S\u00e3o atendidos entre 4 e 5 mil pacientes por ano. Atrav\u00e9s de conv\u00eanio com a Secretaria Municipal de Sa\u00fade de Ponta Grossa, o curso de Odontologia atende as zonas rurais de Guaragi e Itaiacoca por meio de um projeto extensionista que teve seus prim\u00f3rdios em 1975 com o CRUTAC. Em 2014, o curso aderiu \u00e0 Rede de Sa\u00fade Bucal da SESA-PR como prestador de servi\u00e7os e provedor de educa\u00e7\u00e3o continuada aos profissionais da rede p\u00fablica de sa\u00fade.<\/p>\n<h3 id=\"estrutura-fisica\" class=\"western\">Estrutura F\u00edsica do Departamento<\/h3>\n<div class=\"table-scroll\">\n<table class=\"tabela\" width=\"663\" cellspacing=\"0\" cellpadding=\"7\">\n<colgroup>\n<col width=\"226\" \/>\n<col width=\"111\" \/>\n<col width=\"93\" \/>\n<col width=\"173\" \/><\/colgroup>\n<tbody>\n<tr valign=\"top\">\n<td><strong>\u00a0<\/strong><\/td>\n<td><strong>Atividade<\/strong><\/td>\n<td><strong>Telefone<\/strong><\/td>\n<td class=\"nome\"><strong>T\u00e9cnico(s)<\/strong><\/td>\n<\/tr>\n<tr valign=\"top\">\n<td width=\"226\">Departamento de Odontologia<br \/>\ndeodonuepg@gmail.com<\/td>\n<td width=\"111\">Administra\u00e7\u00e3o<\/td>\n<td width=\"93\">3220-3104<\/td>\n<td width=\"173\">Amilton Jos\u00e9 Reis<\/td>\n<\/tr>\n<tr valign=\"top\">\n<td width=\"226\">Chefia do Departamento<\/td>\n<td width=\"111\">Administra\u00e7\u00e3o<\/td>\n<td width=\"93\">3220-3292<\/td>\n<td width=\"173\">Prof. Marcia Helena B. Pinto<\/td>\n<\/tr>\n<tr valign=\"top\">\n<td width=\"226\">Colegiado de Curso<br \/>\ncolodon@uepg.br<\/td>\n<td width=\"111\">Administra\u00e7\u00e3o<\/td>\n<td width=\"93\">3220-3103<\/td>\n<td width=\"173\">Prof. Eduardo Bauml Campagnoli<\/td>\n<\/tr>\n<tr valign=\"top\">\n<td width=\"226\">Recep\u00e7\u00e3o de pacientes<\/td>\n<td width=\"111\">Recep\u00e7\u00e3o, informa\u00e7\u00f5es e agendamento<\/td>\n<td width=\"93\">3220-3142<\/td>\n<td width=\"173\">Rosi Eliane Cassia Batista<\/td>\n<\/tr>\n<tr valign=\"top\">\n<td width=\"226\">Centro Radiol\u00f3gico (M 10)<\/td>\n<td width=\"111\">Presta\u00e7\u00e3o de servi\u00e7os<\/td>\n<td width=\"93\">3220-3791<\/td>\n<td width=\"173\">Jos\u00e9 Milano Junior<br \/>\nAmilton Jose Reis<\/td>\n<\/tr>\n<tr valign=\"top\">\n<td width=\"226\">Cl\u00ednica Odontol\u00f3gica\/PPGO (M 24)<\/td>\n<td width=\"111\">Aulas pr\u00e1ticas com presta\u00e7\u00e3o de servi\u00e7os<\/td>\n<td width=\"93\">3220-3197<\/td>\n<td width=\"173\">Bianca Linhares Teleska<br \/>\nRosi Eliane Cassia Batista<\/td>\n<\/tr>\n<tr valign=\"top\">\n<td width=\"226\">Cl\u00ednica Odontol\u00f3gica (M 25)<\/td>\n<td width=\"111\">Aulas pr\u00e1ticas com presta\u00e7\u00e3o de servi\u00e7os<\/td>\n<td width=\"93\">3220-3105<\/td>\n<td width=\"173\">Lourdes Aparecida Campos<\/td>\n<\/tr>\n<tr valign=\"top\">\n<td width=\"226\">Cl\u00ednica Odontol\u00f3gica e laborat\u00f3rio (M 26)<\/td>\n<td width=\"111\">Aulas pr\u00e1ticas com presta\u00e7\u00e3o de servi\u00e7os<\/td>\n<td width=\"93\">3220-3106<\/td>\n<td width=\"173\">Val\u00e9ria Ferreira Reis<\/td>\n<\/tr>\n<tr valign=\"top\">\n<td width=\"226\">Cl\u00ednica Odontol\u00f3gica e laborat\u00f3rio (M 27)<\/td>\n<td width=\"111\">Aulas pr\u00e1ticas com presta\u00e7\u00e3o de servi\u00e7os<\/td>\n<td width=\"93\">3220-3107<\/td>\n<td width=\"173\">Laura Regina B.de Andrade<\/td>\n<\/tr>\n<tr valign=\"top\">\n<td width=\"226\">Cl\u00ednica Odontol\u00f3gica (M 61)<\/td>\n<td width=\"111\">Aulas pr\u00e1ticas com presta\u00e7\u00e3o de servi\u00e7os<\/td>\n<td width=\"93\">3220-3109<\/td>\n<td width=\"173\">Marli Terezinha S. Monteiro<\/td>\n<\/tr>\n<tr valign=\"top\">\n<td width=\"226\">Cl\u00ednica Odontol\u00f3gica (M 62)<\/td>\n<td width=\"111\">Aulas pr\u00e1ticas com presta\u00e7\u00e3o de servi\u00e7os<\/td>\n<td width=\"93\">3220-3110<\/td>\n<td width=\"173\">Orotilde Pereira dos Santos<\/td>\n<\/tr>\n<tr valign=\"top\">\n<td width=\"226\">Cl\u00ednica Odontol\u00f3gica e escov\u00f3dromo (M 63)<\/td>\n<td width=\"111\">Aulas pr\u00e1ticas com presta\u00e7\u00e3o de servi\u00e7os<\/td>\n<td width=\"93\">3220-3111<\/td>\n<td width=\"173\">Morgana das Gra\u00e7as P. Santos<br \/>\nBianca Linhares Teleska<\/td>\n<\/tr>\n<tr valign=\"top\">\n<td width=\"226\">Laborat\u00f3rio de Radiologia (M 18)<\/td>\n<td width=\"111\">Aulas pr\u00e1ticas com presta\u00e7\u00e3o de servi\u00e7os<\/td>\n<td width=\"93\">\u2014\u2013<\/td>\n<td width=\"173\">Amilton Jose Reis<\/td>\n<\/tr>\n<tr valign=\"top\">\n<td width=\"226\">Laborat\u00f3rio de Pr\u00f3tese (M 53)<\/td>\n<td width=\"111\">Presta\u00e7\u00e3o de servi\u00e7os<\/td>\n<td width=\"93\">\u2014\u2013<\/td>\n<td width=\"173\">Acir Jos\u00e9 Popoatski<br \/>\nLuiz Andr\u00e9 Guzzoni<br \/>\nJailson Ferreira de Brito<br \/>\nDario Cesar Teixeira Alves<\/td>\n<\/tr>\n<tr valign=\"top\">\n<td width=\"226\">Cl\u00ednica Odontol\u00f3gica CRUTAC Distrito Rural de Guaragi<\/td>\n<td width=\"111\">Aulas pr\u00e1ticas com presta\u00e7\u00e3o de servi\u00e7os<\/td>\n<td width=\"93\">\u2014\u2013<\/td>\n<td width=\"173\">Marilene Terezinha Barbosa<br \/>\nSueli Procz dos Santos<\/td>\n<\/tr>\n<tr valign=\"top\">\n<td width=\"226\">Cl\u00ednica Odontol\u00f3gica CRUTAC Distrito Rural de Cerrado Grande<\/td>\n<td width=\"111\">Aulas pr\u00e1ticas com presta\u00e7\u00e3o de servi\u00e7os<\/td>\n<td width=\"93\">\u2014\u2013<\/td>\n<td width=\"173\">Sueli Procz dos Santos<\/td>\n<\/tr>\n<tr valign=\"top\">\n<td width=\"226\">Centro de Especialidades Odontol\u00f3gicas (Centro M\u00e9dico)<\/td>\n<td width=\"111\">Presta\u00e7\u00e3o de servi\u00e7os<\/td>\n<td width=\"93\">3220-3468<\/td>\n<td width=\"173\">Prof. Nelson Scholz Junior<br \/>\nGlassi Mendes da Silva<\/td>\n<\/tr>\n<tr valign=\"top\">\n<td width=\"226\">Laborat\u00f3rio de Pr\u00e9-Cl\u00ednica (M 17)<\/td>\n<td width=\"111\">Aulas pr\u00e1ticas<\/td>\n<td width=\"93\">\u2014\u2013<\/td>\n<td width=\"173\">Val\u00e9ria Ferreira Reis<\/td>\n<\/tr>\n<tr valign=\"top\">\n<td width=\"226\">Laborat\u00f3rio de Anatomia Dental e Biomateriais (M 50)<\/td>\n<td width=\"111\">Aulas pr\u00e1ticas<\/td>\n<td width=\"93\">\u2014\u2013<\/td>\n<td width=\"173\">Marli Terezinha S.Monteiro<\/td>\n<\/tr>\n<tr valign=\"top\">\n<td width=\"226\">Banco de Dentes Humanos (M 11)<\/td>\n<td width=\"111\">Suporte did\u00e1tico<\/td>\n<td width=\"93\">\u2014\u2013<\/td>\n<td width=\"173\">Lourdes Aparecida Campos<\/td>\n<\/tr>\n<tr>\n<td valign=\"top\" width=\"226\">Central de Materiais Esterilizados \u2013 armazenamento (M 6)<\/td>\n<td valign=\"top\" width=\"111\">Suporte did\u00e1tico<\/td>\n<td rowspan=\"3\" width=\"93\">3220-3112<\/td>\n<td rowspan=\"3\" valign=\"top\" width=\"173\">Prof\u00aa Enf. Juliana S. do Nascimento<br \/>\nAlice Mikalina Popoatzki<br \/>\nC\u00e9lia Regina R.F. de Mello<br \/>\nM\u00e1rcia Jose Waclavik<br \/>\nDomingas Arlice Pinheiro<br \/>\nRosi Eliane Cassia Batista<\/td>\n<\/tr>\n<tr>\n<td valign=\"top\" width=\"226\">Central de Esteriliza\u00e7\u00e3o (M 7)<\/td>\n<td valign=\"top\" width=\"111\">Suporte did\u00e1tico<\/td>\n<\/tr>\n<tr>\n<td valign=\"top\" width=\"226\">Sala de Preparo e Empacotamento de Materiais (M 8)<\/td>\n<td valign=\"top\" width=\"111\">Suporte did\u00e1tico<\/td>\n<\/tr>\n<tr valign=\"top\">\n<td width=\"226\">Sala de Manuten\u00e7\u00e3o\/Oficina Odontol\u00f3gica (M 3B)<\/td>\n<td width=\"111\">Suporte did\u00e1tico<\/td>\n<td width=\"93\">3220-3161<\/td>\n<td width=\"173\">Cristiano Delabernarda<br \/>\nCelso Bylynkievycz Santos<br \/>\nRog\u00e9rio Boita<\/td>\n<\/tr>\n<tr valign=\"top\">\n<td width=\"226\">Sala de Apoio em Inform\u00e1tica (M 12)<\/td>\n<td width=\"111\">Suporte did\u00e1tico<\/td>\n<td width=\"93\">\u2014\u2013<\/td>\n<td width=\"173\">Celso Bylynkievycz Santos<\/td>\n<\/tr>\n<tr valign=\"top\">\n<td width=\"226\">Almoxarifado de Produtos Qu\u00edmicos Odontol\u00f3gicos (M 3)<\/td>\n<td width=\"111\">Suporte did\u00e1tico<\/td>\n<td width=\"93\">3220-3106<\/td>\n<td width=\"173\">Rog\u00e9rio Boita<\/td>\n<\/tr>\n<tr valign=\"top\">\n<td width=\"226\">Laborat\u00f3rio de Inform\u00e1tica (M 64)<\/td>\n<td width=\"111\">Suporte did\u00e1tico<\/td>\n<td width=\"93\">3220-3741<\/td>\n<td width=\"173\">Bianca Linhares Teleska<\/td>\n<\/tr>\n<tr valign=\"top\">\n<td width=\"226\">Recep\u00e7\u00e3o do PPGO<br \/>\nstricto.odonto@gmail.com<\/td>\n<td width=\"111\">Administra\u00e7\u00e3o<\/td>\n<td width=\"93\">3220-3741<\/td>\n<td width=\"173\">Bianca Linhares Teleska<\/td>\n<\/tr>\n<tr valign=\"top\">\n<td width=\"226\">Coordena\u00e7\u00e3o do PPGO<\/td>\n<td width=\"111\">Administra\u00e7\u00e3o<\/td>\n<td width=\"93\">3220-3740<\/td>\n<td width=\"173\">Prof\u00aa Denise Stadler Wambier<\/td>\n<\/tr>\n<tr valign=\"top\">\n<td width=\"226\">Laborat\u00f3rio de Biologia Celular, Cultivo Celular e Imunohistoqu\u00edmica- PPGO<\/td>\n<td width=\"111\">Pesquisa<\/td>\n<td width=\"93\">\u2014\u2013<\/td>\n<td width=\"173\">Prof. F\u00e1bio Andr\u00e9 dos Santos<\/td>\n<\/tr>\n<\/tbody>\n<\/table>\n<\/div>\n<p>&nbsp;<\/p>\n<p>&nbsp;<\/p>\n<p>&nbsp;<\/p>\n","protected":false},"excerpt":{"rendered":"<p>O curso de Odontologia possui 7 cl\u00ednicas que prestam atendimento constante \u00e0 popula\u00e7\u00e3o, localizadas no bloco M. S\u00e3o atendidos entre 4 e 5 mil pacientes por ano. Atrav\u00e9s de conv\u00eanio com a Secretaria Municipal de Sa\u00fade de Ponta Grossa, o curso de Odontologia atende as zonas rurais de Guaragi e Itaiacoca por meio de um&nbsp;&hellip;<\/p>\n","protected":false},"author":24,"featured_media":0,"parent":0,"menu_order":0,"comment_status":"closed","ping_status":"closed","template":"","meta":[],"_links":{"self":[{"href":"https:\/\/www2.uepg.br\/bacharelado-odontologia\/wp-json\/wp\/v2\/pages\/278"}],"collection":[{"href":"https:\/\/www2.uepg.br\/bacharelado-odontologia\/wp-json\/wp\/v2\/pages"}],"about":[{"href":"https:\/\/www2.uepg.br\/bacharelado-odontologia\/wp-json\/wp\/v2\/types\/page"}],"author":[{"embeddable":true,"href":"https:\/\/www2.uepg.br\/bacharelado-odontologia\/wp-json\/wp\/v2\/users\/24"}],"replies":[{"embeddable":true,"href":"https:\/\/www2.uepg.br\/bacharelado-odontologia\/wp-json\/wp\/v2\/comments?post=278"}],"version-history":[{"count":6,"href":"https:\/\/www2.uepg.br\/bacharelado-odontologia\/wp-json\/wp\/v2\/pages\/278\/revisions"}],"predecessor-version":[{"id":513,"href":"https:\/\/www2.uepg.br\/bacharelado-odontologia\/wp-json\/wp\/v2\/pages\/278\/revisions\/513"}],"wp:attachment":[{"href":"https:\/\/www2.uepg.br\/bacharelado-odontologia\/wp-json\/wp\/v2\/media?parent=278"}],"curies":[{"name":"wp","href":"https:\/\/api.w.org\/{rel}","templated":true}]}}