{"id":281,"date":"2020-03-05T15:39:15","date_gmt":"2020-03-05T18:39:15","guid":{"rendered":"http:\/\/www2.uepg.br\/testes\/?page_id=281"},"modified":"2020-11-23T19:17:00","modified_gmt":"2020-11-23T22:17:00","slug":"perfil-de-formacao","status":"publish","type":"page","link":"https:\/\/www2.uepg.br\/bacharelado-odontologia\/perfil-de-formacao\/","title":{"rendered":"Perfil de Forma\u00e7\u00e3o"},"content":{"rendered":"<p><strong>POR QUE FAZER ESTE CURSO?<\/strong><\/p>\n<p>Um fator importante \u00e9 ter afinidade com a \u00e1rea da sa\u00fade. Se voc\u00ea possui afinidade com essa \u00e1rea, j\u00e1 \u00e9 um grande motivo para pensar em fazer odontologia. Voc\u00ea atender\u00e1 diretamente o p\u00fablico e lidar\u00e1 com diversos tipos de pessoas. O papa Pio XII discursou para Cirurgi\u00f5es-Dentistas na It\u00e1lia em 24 de outubro de 1946 e disse: \u201cA Odontologia \u00e9 uma profiss\u00e3o que exige dos que a ela se dedicam, o senso est\u00e9tico de um artista, a destreza manual de um cirurgi\u00e3o, os conhecimentos cient\u00edficos de um m\u00e9dico e a paci\u00eancia de um monge!<\/p>\n<p>O dentista \u00e9 o respons\u00e1vel por tratar da sa\u00fade bucal, prevenir e cuidar da est\u00e9tica dos dentes e sorrisos de seus pacientes. Deve atuar na preven\u00e7\u00e3o, diagn\u00f3stico e tratamento de problemas relacionados \u00e0 oclus\u00e3o, gengiva e dentes. Identificar doen\u00e7as atrav\u00e9s de exames cl\u00ednicos, radiogr\u00e1ficos e laboratoriais e, a partir do diagn\u00f3stico, propor o tratamento mais adequado e receitar medicamentos.<\/p>\n<p>Tamb\u00e9m ajudar\u00e1 pacientes a voltar a se alimentar de forma efetiva e a se comunicar, fun\u00e7\u00f5es que podem estar prejudicadas devido \u00e0 m\u00e1 condi\u00e7\u00e3o bucal. Saber que voc\u00ea trabalhar\u00e1 diretamente com a autoestima dos pacientes pode ser algo motivador. Devolver a confian\u00e7a e o prazer em sorrir \u00e0 pessoa \u00e9 algo bastante gratificante.<\/p>\n<p><strong>QUAL CONHECIMENTO PR\u00c9VIO DEVO TER?<\/strong><\/p>\n<p>Como acontece em outras \u00e1reas da sa\u00fade, o cirurgi\u00e3o dentista deve reunir caracter\u00edsticas exigidas \u00e0 assist\u00eancia de pacientes. \u00c9 importante que seja:<\/p>\n<p>1- Humanista,<\/p>\n<p>2- Gostar de cuidar do outro e ter sensibilidade para lidar com pessoas em situa\u00e7\u00e3o de sofrimento e dor,<\/p>\n<p>3- Poder de concentra\u00e7\u00e3o,<\/p>\n<p>4- Ser paciente,<\/p>\n<p>5- Ser detalhista,<\/p>\n<p>6- Ser din\u00e2mico,<\/p>\n<p>7- Ter boa vis\u00e3o e coordena\u00e7\u00e3o motora,<\/p>\n<p>8- Possuir autocontrole e senso de responsabilidade,<\/p>\n<p>9- Saber trabalhar em equipe,<\/p>\n<p>10- Desenvolver boa rela\u00e7\u00e3o com os pacientes e colegas de trabalho,<\/p>\n<p>11- Ser comunicativo para ganhar a confian\u00e7a do paciente<\/p>\n<p><strong>O QUE EU ESTUDAREI DURANTE O CURSO?<\/strong><\/p>\n<p>No in\u00edcio, a grade curricular inclui disciplinas das \u00e1reas de forma\u00e7\u00e3o b\u00e1sica geral como: anatomia, anatomia dental, biologia tecidual e do desenvolvimento, fisiologia humana, bioqu\u00edmica, gen\u00e9tica aplicada a odontologia, farmacologia, mecanismos das doen\u00e7as, fundamentos das ci\u00eancias sociais, psicologia, bio\u00e9tica e direitos humanos, odontologia legal e forense, gest\u00e3o e orienta\u00e7\u00e3o profissional.<\/p>\n<p>J\u00e1 na \u00e1rea de forma\u00e7\u00e3o espec\u00edfica a grade curricular oferece disciplinas como: diagn\u00f3stico e cirurgia bucal, dent\u00edstica restauradora pr\u00e9-cl\u00ednica, endodontia pr\u00e9-cl\u00ednica, periodontia pr\u00e9-cl\u00ednica, dent\u00edstica restauradora cl\u00ednica, endodontia cl\u00ednica, periodontia cl\u00ednica, biomaterias aplicados a pr\u00f3tese dental, oclus\u00e3o dental, pr\u00f3tese remov\u00edvel pr\u00e9-cl\u00ednica, pr\u00f3tese fixa pr\u00e9-cl\u00ednica, reabilita\u00e7\u00e3o bucal, implantodontia, pr\u00e1ticas de sa\u00fade bucal, sa\u00fade coletiva, ortodontia preventiva e interceptadora, metodologia cient\u00edfica e bioestat\u00edstica, orienta\u00e7\u00e3o de trabalho de conclus\u00e3o de curso.<\/p>\n<p>Oferece tamb\u00e9m disciplinas de est\u00e1gio supervisionado na \u00e1rea de: diagn\u00f3stico e cirurgia bucal, cl\u00ednica integrada, sa\u00fade coletiva, cl\u00ednica infantil, est\u00e1gios em cl\u00ednica especializada e em cl\u00ednica de aten\u00e7\u00e3o b\u00e1sica. Al\u00e9m de disciplinas de diversifica\u00e7\u00e3o como: ingl\u00eas instrumental, imaginologia aplicada, odontogeriatria, contabilidade, empreendedorismo, cl\u00ednica para pacientes especiais, etc&#8230;. O curso de odontologia proporciona desde o inicio atividades laboratoriais em manequim e atendimento cl\u00ednico ao paciente, proporcionando ao aluno conhecimentos, habilidades e atitudes necess\u00e1rias para a forma\u00e7\u00e3o de um profissional que deseja atuar na melhoria da qualidade de vida e autoestima da popula\u00e7\u00e3o.<\/p>\n<p><strong>O QUE EU POSSO FAZER AP\u00d3S A FORMATURA?<\/strong><\/p>\n<p>Para exercer a profiss\u00e3o, \u00e9 obrigat\u00f3rio obter o registro do Conselho Regional de Odontologia (CRO), concedido a todos os bachar\u00e9is em Odontologia. Ter \u00eaxito na Odontologia requer um bom curso de gradua\u00e7\u00e3o e se atualizar, fazer especializa\u00e7\u00e3o, mestrado e doutorado. H\u00e1 pelo menos 15 \u00e1reas em que \u00e9 poss\u00edvel desenvolver um trabalho s\u00e9rio e ter a t\u00e3o almejada satisfa\u00e7\u00e3o pessoal.<\/p>\n<p>Voc\u00ea poder\u00e1 atuar em consult\u00f3rios e cl\u00ednicas privadas; sa\u00fade p\u00fablica; gest\u00e3o do servi\u00e7o de sa\u00fade; sa\u00fade no servi\u00e7o militar; pesquisa e desenvolvimento de biomateriais; atua\u00e7\u00e3o em hospitais em Cirurgia Bucomaxilofacial e Odontologia Hospitalar; per\u00edcia e auditorias; e carreira acad\u00eamica. No interior do pa\u00eds, as chances s\u00e3o melhores do que nos grandes centros urbanos, j\u00e1 que existe um desequil\u00edbrio no n\u00famero de profissionais nas regi\u00f5es mais e menos populosas.<\/p>\n","protected":false},"excerpt":{"rendered":"<p>POR QUE FAZER ESTE CURSO? Um fator importante \u00e9 ter afinidade com a \u00e1rea da sa\u00fade. Se voc\u00ea possui afinidade com essa \u00e1rea, j\u00e1 \u00e9 um grande motivo para pensar em fazer odontologia. Voc\u00ea atender\u00e1 diretamente o p\u00fablico e lidar\u00e1 com diversos tipos de pessoas. O papa Pio XII discursou para Cirurgi\u00f5es-Dentistas na It\u00e1lia em&nbsp;&hellip;<\/p>\n","protected":false},"author":24,"featured_media":0,"parent":0,"menu_order":0,"comment_status":"closed","ping_status":"closed","template":"","meta":[],"_links":{"self":[{"href":"https:\/\/www2.uepg.br\/bacharelado-odontologia\/wp-json\/wp\/v2\/pages\/281"}],"collection":[{"href":"https:\/\/www2.uepg.br\/bacharelado-odontologia\/wp-json\/wp\/v2\/pages"}],"about":[{"href":"https:\/\/www2.uepg.br\/bacharelado-odontologia\/wp-json\/wp\/v2\/types\/page"}],"author":[{"embeddable":true,"href":"https:\/\/www2.uepg.br\/bacharelado-odontologia\/wp-json\/wp\/v2\/users\/24"}],"replies":[{"embeddable":true,"href":"https:\/\/www2.uepg.br\/bacharelado-odontologia\/wp-json\/wp\/v2\/comments?post=281"}],"version-history":[{"count":4,"href":"https:\/\/www2.uepg.br\/bacharelado-odontologia\/wp-json\/wp\/v2\/pages\/281\/revisions"}],"predecessor-version":[{"id":498,"href":"https:\/\/www2.uepg.br\/bacharelado-odontologia\/wp-json\/wp\/v2\/pages\/281\/revisions\/498"}],"wp:attachment":[{"href":"https:\/\/www2.uepg.br\/bacharelado-odontologia\/wp-json\/wp\/v2\/media?parent=281"}],"curies":[{"name":"wp","href":"https:\/\/api.w.org\/{rel}","templated":true}]}}