{"id":287,"date":"2020-03-05T16:03:55","date_gmt":"2020-03-05T19:03:55","guid":{"rendered":"http:\/\/www2.uepg.br\/testes\/?page_id=287"},"modified":"2020-11-23T18:50:02","modified_gmt":"2020-11-23T21:50:02","slug":"grade-curricular","status":"publish","type":"page","link":"https:\/\/www2.uepg.br\/bacharelado-odontologia\/grade-curricular\/","title":{"rendered":"Grade curricular"},"content":{"rendered":"<p>Para completar o curr\u00edculo pleno do curso superior de gradua\u00e7\u00e3o em Odontologia, o acad\u00eamico dever\u00e1 perfazer um total m\u00ednimo 4.773 (quatro mil setecentas e setenta e tr\u00eas) horas, sendo 1.224 (mil e duzentas e vinte e quatro) horas em disciplinas de Forma\u00e7\u00e3o B\u00e1sica Geral, 1.938 (mil e novecentas e trinta e oito) horas em disciplinas de Forma\u00e7\u00e3o Espec\u00edfica Profissional, 1.071 (mil e setenta e uma) horas em disciplinas de Est\u00e1gio Curricular Supervisionado, 340 (trezentas e quarenta) horas em disciplinas de Diversifica\u00e7\u00e3o ou Aprofundamento e 200 (duzentas) horas de Atividades Complementares, distribu\u00eddas em, no m\u00ednimo, 05 (cinco) anos e, no m\u00e1ximo, 07 (sete) anos letivos.<br \/>\n\u00c9 o seguinte o elenco de disciplinas que comp\u00f5e o curso:<\/p>\n<p style=\"text-align: center\"><strong>DISCIPLINAS DE FORMA\u00c7\u00c3O B\u00c1SICA GERAL<\/strong><\/p>\n<table style=\"height: 1170px\" width=\"717\">\n<tbody>\n<tr>\n<td colspan=\"2\" width=\"143\">\n<p style=\"padding-left: 80px;text-align: left\">\u00a0<strong>C\u00d3DIGO <\/strong><\/p>\n<\/td>\n<td style=\"padding-left: 80px;text-align: left\" width=\"233\">\n<p style=\"padding-left: 80px\"><strong>DISCIPLINAS <\/strong><\/p>\n<\/td>\n<td style=\"padding-left: 80px;text-align: left\" width=\"113\">\n<p style=\"padding-left: 80px\"><strong>CARGA HOR\u00c1RIA <\/strong><\/p>\n<\/td>\n<\/tr>\n<tr style=\"padding-left: 80px\">\n<td style=\"padding-left: 80px\" colspan=\"2\" width=\"143\">\n<p style=\"padding-left: 80px\">302105<\/p>\n<\/td>\n<td style=\"padding-left: 80px\" width=\"233\">Anatomia<\/td>\n<td style=\"padding-left: 80px\" width=\"113\">\n<p style=\"padding-left: 80px\">136<\/p>\n<\/td>\n<\/tr>\n<tr style=\"padding-left: 80px\">\n<td style=\"padding-left: 80px\" colspan=\"2\" width=\"143\">\n<p style=\"padding-left: 80px\">302106<\/p>\n<\/td>\n<td style=\"padding-left: 80px\" width=\"233\">Anatomia Dental (*)<\/td>\n<td style=\"padding-left: 80px\" width=\"113\">\n<p style=\"padding-left: 80px\">68<\/p>\n<\/td>\n<\/tr>\n<tr style=\"padding-left: 80px\">\n<td style=\"padding-left: 80px\" colspan=\"2\" width=\"143\">\n<p style=\"padding-left: 80px\">308514<\/p>\n<\/td>\n<td style=\"padding-left: 80px\" width=\"233\">Biologia Tecidual e do Desenvolvimento<\/td>\n<td style=\"padding-left: 80px\" width=\"113\">\n<p style=\"padding-left: 80px\">136<\/p>\n<\/td>\n<\/tr>\n<tr style=\"padding-left: 80px\">\n<td style=\"padding-left: 80px\" colspan=\"2\" width=\"143\">\n<p style=\"padding-left: 80px\">303513<\/p>\n<\/td>\n<td style=\"padding-left: 80px\" width=\"233\">Fisiologia Humana I (**)<\/td>\n<td style=\"padding-left: 80px\" width=\"113\">\n<p style=\"padding-left: 80px\">68<\/p>\n<\/td>\n<\/tr>\n<tr style=\"padding-left: 80px\">\n<td style=\"padding-left: 80px\" colspan=\"2\" width=\"143\">\n<p style=\"padding-left: 80px\">303514<\/p>\n<\/td>\n<td style=\"padding-left: 80px\" width=\"233\">Fisiologia Humana II (*)<\/td>\n<td style=\"padding-left: 80px\" width=\"113\">\n<p style=\"padding-left: 80px\">68<\/p>\n<\/td>\n<\/tr>\n<tr style=\"padding-left: 80px\">\n<td style=\"padding-left: 80px\" colspan=\"2\" width=\"143\">\n<p style=\"padding-left: 80px\">103159<\/p>\n<\/td>\n<td style=\"padding-left: 80px\" width=\"233\">Bioqu\u00edmica<\/td>\n<td style=\"padding-left: 80px\" width=\"113\">\n<p style=\"padding-left: 80px\">68<\/p>\n<\/td>\n<\/tr>\n<tr style=\"padding-left: 80px\">\n<td style=\"padding-left: 80px\" colspan=\"2\" width=\"143\">\n<p style=\"padding-left: 80px\">308515<\/p>\n<\/td>\n<td style=\"padding-left: 80px\" width=\"233\">Gen\u00e9tica Aplicada \u00e0 Odontologia (*)<\/td>\n<td style=\"padding-left: 80px\" width=\"113\">\n<p style=\"padding-left: 80px\">68<\/p>\n<\/td>\n<\/tr>\n<tr style=\"padding-left: 80px\">\n<td style=\"padding-left: 80px\" colspan=\"2\" width=\"143\">\n<p style=\"padding-left: 80px\">302107<\/p>\n<\/td>\n<td style=\"padding-left: 80px\" width=\"233\">Farmacologia I<\/td>\n<td style=\"padding-left: 80px\" width=\"113\">\n<p style=\"padding-left: 80px\">68<\/p>\n<\/td>\n<\/tr>\n<tr style=\"padding-left: 80px\">\n<td style=\"padding-left: 80px\" colspan=\"2\" width=\"143\">\n<p style=\"padding-left: 80px\">302108<\/p>\n<\/td>\n<td style=\"padding-left: 80px\" width=\"233\">Farmacologia II<\/td>\n<td style=\"padding-left: 80px\" width=\"113\">\n<p style=\"padding-left: 80px\">68<\/p>\n<\/td>\n<\/tr>\n<tr style=\"padding-left: 80px\">\n<td style=\"padding-left: 80px\" colspan=\"2\" width=\"143\">\n<p style=\"padding-left: 80px\">302109<\/p>\n<\/td>\n<td style=\"padding-left: 80px\" width=\"233\">Mecanismos das Doen\u00e7as I (**)<\/td>\n<td style=\"padding-left: 80px\" width=\"113\">\n<p style=\"padding-left: 80px\">68<\/p>\n<\/td>\n<\/tr>\n<tr style=\"padding-left: 80px\">\n<td style=\"padding-left: 80px\" colspan=\"2\" width=\"143\">\n<p style=\"padding-left: 80px\">302110<\/p>\n<p style=\"padding-left: 80px\">501594<\/p>\n<p style=\"padding-left: 80px\">501595<\/p>\n<p style=\"padding-left: 80px\">302111<\/p>\n<p style=\"padding-left: 80px\">302112<\/p>\n<p style=\"padding-left: 80px\">302113<\/p>\n<\/td>\n<td style=\"padding-left: 80px\" width=\"233\">Mecanismos das Doen\u00e7as II<\/p>\n<p>Fundamentos das Ci\u00eancias Sociais (*)<\/p>\n<p>Psicologia (**)<\/p>\n<p>Bio\u00e9tica e Direitos Humanos (**)<\/p>\n<p>Odontologia Legal e Forense<\/p>\n<p>Gest\u00e3o e Orienta\u00e7\u00e3o Profissional (*)<\/td>\n<td style=\"padding-left: 80px\" width=\"113\">\n<p style=\"padding-left: 80px\">136<\/p>\n<p style=\"padding-left: 80px\">51<\/p>\n<p style=\"padding-left: 80px\">51<\/p>\n<p style=\"padding-left: 80px\">51<\/p>\n<p style=\"padding-left: 80px\">68<\/p>\n<p style=\"padding-left: 80px\">51<\/p>\n<\/td>\n<\/tr>\n<tr style=\"padding-left: 80px\">\n<td style=\"padding-left: 80px\" width=\"139\">\n<p style=\"padding-left: 80px\"><strong>Sub-total <\/strong><\/p>\n<\/td>\n<td style=\"padding-left: 80px\" colspan=\"3\" width=\"350\">\n<p style=\"text-align: center\">1.224<\/p>\n<\/td>\n<\/tr>\n<\/tbody>\n<\/table>\n<p style=\"padding-left: 80px;text-align: center\"><strong>DISCIPLINAS DE FORMA\u00c7\u00c3O ESPEC\u00cdFICA PROFISSIONAL<\/strong><\/p>\n<table style=\"height: 2615px\" width=\"750\">\n<tbody>\n<tr>\n<td colspan=\"2\" width=\"143\">\n<p style=\"padding-left: 80px\">\u00a0<strong>C\u00d3DIGO <\/strong><\/p>\n<\/td>\n<td style=\"padding-left: 80px;text-align: left\" width=\"185\"><strong>DISCIPLINAS <\/strong><\/td>\n<td style=\"padding-left: 80px;text-align: left\" width=\"101\"><strong>CARGA HOR\u00c1RIA <\/strong><\/td>\n<\/tr>\n<tr style=\"padding-left: 80px\">\n<td style=\"padding-left: 80px\" colspan=\"2\" width=\"143\">\n<p style=\"padding-left: 80px\">302114<\/p>\n<\/td>\n<td style=\"padding-left: 80px\" width=\"185\">Diagn\u00f3stico e Cirurgia Bucal I<\/td>\n<td style=\"padding-left: 80px\" width=\"101\">\n<p style=\"padding-left: 80px\">136<\/p>\n<\/td>\n<\/tr>\n<tr style=\"padding-left: 80px\">\n<td style=\"padding-left: 80px\" colspan=\"2\" width=\"143\">\n<p style=\"padding-left: 80px\">302115<\/p>\n<\/td>\n<td style=\"padding-left: 80px\" width=\"185\">Diagn\u00f3stico e Cirurgia Bucal II<\/td>\n<td style=\"padding-left: 80px\" width=\"101\">\n<p style=\"padding-left: 80px\">136<\/p>\n<\/td>\n<\/tr>\n<tr style=\"padding-left: 80px\">\n<td style=\"padding-left: 80px\" colspan=\"2\" width=\"143\">\n<p style=\"padding-left: 80px\">302116<\/p>\n<\/td>\n<td style=\"padding-left: 80px\" width=\"185\">Diagn\u00f3stico e Cirurgia Bucal III<\/td>\n<td style=\"padding-left: 80px\" width=\"101\">\n<p style=\"padding-left: 80px\">136<\/p>\n<\/td>\n<\/tr>\n<tr style=\"padding-left: 80px\">\n<td style=\"padding-left: 80px\" colspan=\"2\" width=\"143\">\n<p style=\"padding-left: 80px\">302117<\/p>\n<\/td>\n<td style=\"padding-left: 80px\" width=\"185\">Dent\u00edstica Restauradora Pr\u00e9-Cl\u00ednica<\/td>\n<td style=\"padding-left: 80px\" width=\"101\">\n<p style=\"padding-left: 80px\">136<\/p>\n<\/td>\n<\/tr>\n<tr style=\"padding-left: 80px\">\n<td style=\"padding-left: 80px\" colspan=\"2\" width=\"143\">\n<p style=\"padding-left: 80px\">302118<\/p>\n<\/td>\n<td style=\"padding-left: 80px\" width=\"185\">Endodontia Pr\u00e9-Cl\u00ednica (**)<\/td>\n<td style=\"padding-left: 80px\" width=\"101\">\n<p style=\"padding-left: 80px\">68<\/p>\n<\/td>\n<\/tr>\n<tr style=\"padding-left: 80px\">\n<td style=\"padding-left: 80px\" colspan=\"2\" width=\"143\">\n<p style=\"padding-left: 80px\">302119<\/p>\n<\/td>\n<td style=\"padding-left: 80px\" width=\"185\">Periodontia Pr\u00e9-Cl\u00ednica (**) (\u00b0) (3)<\/td>\n<td style=\"padding-left: 80px\" width=\"101\">\n<p style=\"padding-left: 80px\">68<\/p>\n<\/td>\n<\/tr>\n<tr style=\"padding-left: 80px\">\n<td style=\"padding-left: 80px\" colspan=\"2\" width=\"143\">\n<p style=\"padding-left: 80px\">302120<\/p>\n<\/td>\n<td style=\"padding-left: 80px\" width=\"185\">Dent\u00edstica Restauradora Cl\u00ednica (*)<\/td>\n<td style=\"padding-left: 80px\" width=\"101\">\n<p style=\"padding-left: 80px\">68<\/p>\n<\/td>\n<\/tr>\n<tr style=\"padding-left: 80px\">\n<td style=\"padding-left: 80px\" colspan=\"2\" width=\"143\">\n<p style=\"padding-left: 80px\">302121<\/p>\n<\/td>\n<td style=\"padding-left: 80px\" width=\"185\">Endodontia Cl\u00ednica (*)<\/td>\n<td style=\"padding-left: 80px\" width=\"101\">\n<p style=\"padding-left: 80px\">68<\/p>\n<\/td>\n<\/tr>\n<tr style=\"padding-left: 80px\">\n<td style=\"padding-left: 80px\" colspan=\"2\" width=\"143\">\n<p style=\"padding-left: 80px\">302122<\/p>\n<\/td>\n<td style=\"padding-left: 80px\" width=\"185\">Periodontia Cl\u00ednica (*)<\/td>\n<td style=\"padding-left: 80px\" width=\"101\">\n<p style=\"padding-left: 80px\">68<\/p>\n<\/td>\n<\/tr>\n<tr style=\"padding-left: 80px\">\n<td style=\"padding-left: 80px\" colspan=\"2\" width=\"143\">\n<p style=\"padding-left: 80px\">302123<\/p>\n<\/td>\n<td style=\"padding-left: 80px\" width=\"185\">Biomateriais Aplicados \u00e0 Pr\u00f3tese Dental (**)<\/td>\n<td style=\"padding-left: 80px\" width=\"101\">\n<p style=\"padding-left: 80px\">68<\/p>\n<\/td>\n<\/tr>\n<tr style=\"padding-left: 80px\">\n<td style=\"padding-left: 80px\" colspan=\"2\" width=\"143\">\n<p style=\"padding-left: 80px\">302124<\/p>\n<\/td>\n<td style=\"padding-left: 80px\" width=\"185\">Oclus\u00e3o Dental (*)<\/td>\n<td style=\"padding-left: 80px\" width=\"101\">\n<p style=\"padding-left: 80px\">68<\/p>\n<\/td>\n<\/tr>\n<tr style=\"padding-left: 80px\">\n<td style=\"padding-left: 80px\" colspan=\"2\" width=\"143\">\n<p style=\"padding-left: 80px\">302125<\/p>\n<\/td>\n<td style=\"padding-left: 80px\" width=\"185\">Pr\u00f3tese Remov\u00edvel Pr\u00e9-Cl\u00ednica (**)<\/td>\n<td style=\"padding-left: 80px\" width=\"101\">\n<p style=\"padding-left: 80px\">68<\/p>\n<\/td>\n<\/tr>\n<tr style=\"padding-left: 80px\">\n<td style=\"padding-left: 80px\" colspan=\"2\" width=\"143\">\n<p style=\"padding-left: 80px\">302126<\/p>\n<\/td>\n<td style=\"padding-left: 80px\" width=\"185\">Pr\u00f3tese Fixa Pr\u00e9-Cl\u00ednica (*)<\/td>\n<td style=\"padding-left: 80px\" width=\"101\">\n<p style=\"padding-left: 80px\">68<\/p>\n<\/td>\n<\/tr>\n<tr style=\"padding-left: 80px\">\n<td style=\"padding-left: 80px\" colspan=\"2\" width=\"143\">\n<p style=\"padding-left: 80px\">302127<\/p>\n<\/td>\n<td style=\"padding-left: 80px\" width=\"185\">Reabilita\u00e7\u00e3o Bucal I (*)<\/td>\n<td style=\"padding-left: 80px\" width=\"101\">\n<p style=\"padding-left: 80px\">68<\/p>\n<\/td>\n<\/tr>\n<tr style=\"padding-left: 80px\">\n<td style=\"padding-left: 80px\" colspan=\"2\" width=\"143\">\n<p style=\"padding-left: 80px\">302128<\/p>\n<\/td>\n<td style=\"padding-left: 80px\" width=\"185\">Reabilita\u00e7\u00e3o Bucal II<\/td>\n<td style=\"padding-left: 80px\" width=\"101\">\n<p style=\"padding-left: 80px\">136<\/p>\n<\/td>\n<\/tr>\n<tr style=\"padding-left: 80px\">\n<td style=\"padding-left: 80px\" colspan=\"2\" width=\"143\">\n<p style=\"padding-left: 80px\">302129<\/p>\n<\/td>\n<td style=\"padding-left: 80px\" width=\"185\">Implantodontia (*)<\/td>\n<td style=\"padding-left: 80px\" width=\"101\">\n<p style=\"padding-left: 80px\">68<\/p>\n<\/td>\n<\/tr>\n<tr style=\"padding-left: 80px\">\n<td style=\"padding-left: 80px\" colspan=\"2\" width=\"143\">\n<p style=\"padding-left: 80px\">302130<\/p>\n<\/td>\n<td style=\"padding-left: 80px\" width=\"185\">Pr\u00e1ticas em Sa\u00fade Bucal I (**)<\/td>\n<td style=\"padding-left: 80px\" width=\"101\">\n<p style=\"padding-left: 80px\">51<\/p>\n<\/td>\n<\/tr>\n<tr style=\"padding-left: 80px\">\n<td style=\"padding-left: 80px\" colspan=\"2\" width=\"143\">\n<p style=\"padding-left: 80px\">302131<\/p>\n<\/td>\n<td style=\"padding-left: 80px\" width=\"185\">Pr\u00e1ticas em Sa\u00fade Bucal II (*)<\/td>\n<td style=\"padding-left: 80px\" width=\"101\">\n<p style=\"padding-left: 80px\">51<\/p>\n<\/td>\n<\/tr>\n<tr style=\"padding-left: 80px\">\n<td style=\"padding-left: 80px\" colspan=\"2\" width=\"143\">\n<p style=\"padding-left: 80px\">302132<\/p>\n<\/td>\n<td style=\"padding-left: 80px\" width=\"185\">Sa\u00fade Coletiva I (*)<\/td>\n<td style=\"padding-left: 80px\" width=\"101\">\n<p style=\"padding-left: 80px\">51<\/p>\n<\/td>\n<\/tr>\n<tr style=\"padding-left: 80px\">\n<td style=\"padding-left: 80px\" colspan=\"2\" width=\"143\">\n<p style=\"padding-left: 80px\">302133<\/p>\n<\/td>\n<td style=\"padding-left: 80px\" width=\"185\">Pr\u00e1ticas em Sa\u00fade Bucal III<\/td>\n<td style=\"padding-left: 80px\" width=\"101\">\n<p style=\"padding-left: 80px\">136<\/p>\n<\/td>\n<\/tr>\n<tr style=\"padding-left: 80px\">\n<td style=\"padding-left: 80px\" colspan=\"2\" width=\"143\">\n<p style=\"padding-left: 80px\">302134<\/p>\n<\/td>\n<td style=\"padding-left: 80px\" width=\"185\">Ortodontia Preventiva e Interceptadora (**)<\/td>\n<td style=\"padding-left: 80px\" width=\"101\">\n<p style=\"padding-left: 80px\">68<\/p>\n<\/td>\n<\/tr>\n<tr style=\"padding-left: 80px\">\n<td style=\"padding-left: 80px\" colspan=\"2\" width=\"143\">\n<p style=\"padding-left: 80px\">302135<\/p>\n<\/td>\n<td style=\"padding-left: 80px\" width=\"185\">Metodologia Cient\u00edfica e Bioestat\u00edstica I<\/td>\n<td style=\"padding-left: 80px\" width=\"101\">\n<p style=\"padding-left: 80px\">68<\/p>\n<\/td>\n<\/tr>\n<tr style=\"padding-left: 80px\">\n<td style=\"padding-left: 80px\" colspan=\"2\" width=\"143\">\n<p style=\"padding-left: 80px\">302136<\/p>\n<\/td>\n<td style=\"padding-left: 80px\" width=\"185\">Metodologia Cient\u00edfica e Bioestat\u00edstica II (*)<\/td>\n<td style=\"padding-left: 80px\" width=\"101\">\n<p style=\"padding-left: 80px\">51<\/p>\n<\/td>\n<\/tr>\n<tr style=\"padding-left: 80px\">\n<td style=\"padding-left: 80px\" colspan=\"2\" width=\"143\">\n<p style=\"padding-left: 80px\">302137<\/p>\n<\/td>\n<td style=\"padding-left: 80px\" width=\"185\">Orienta\u00e7\u00e3o do Trabalho de Conclus\u00e3o de Curso (*)<\/td>\n<td style=\"padding-left: 80px\" width=\"101\">\n<p style=\"padding-left: 80px\">34<\/p>\n<\/td>\n<\/tr>\n<tr style=\"padding-left: 80px\">\n<td style=\"padding-left: 80px\" width=\"139\">\n<p style=\"padding-left: 80px\"><strong>Sub-total <\/strong><\/p>\n<\/td>\n<td style=\"padding-left: 80px\" colspan=\"3\" width=\"290\">1.938<\/td>\n<\/tr>\n<\/tbody>\n<\/table>\n<p><strong>DISCIPLINAS DE EST\u00c1GIO CURRICULAR SUPERVISIONADO<\/strong><\/p>\n<table style=\"height: 692px\" width=\"749\">\n<tbody>\n<tr>\n<td width=\"143\">\u00a0<strong>C\u00d3DIGO <\/strong><\/td>\n<td colspan=\"2\" width=\"143\"><strong>DISCIPLINAS <\/strong><\/td>\n<td width=\"143\"><strong>CARGA HOR\u00c1RIA <\/strong><\/td>\n<\/tr>\n<tr>\n<td width=\"143\">302138<\/td>\n<td colspan=\"2\" width=\"143\">Diagn\u00f3stico e Cirurgia Bucal IV<\/td>\n<td width=\"143\">136<\/td>\n<\/tr>\n<tr>\n<td width=\"143\">302139<\/td>\n<td colspan=\"2\" width=\"143\">Cl\u00ednica Integrada I (**)<\/td>\n<td width=\"143\">68<\/td>\n<\/tr>\n<tr>\n<td width=\"143\">302140<\/td>\n<td colspan=\"2\" width=\"143\">Cl\u00ednica Integrada II<\/td>\n<td width=\"143\">136<\/td>\n<\/tr>\n<tr>\n<td width=\"143\">302141<\/td>\n<td colspan=\"2\" width=\"143\">Sa\u00fade Coletiva II (**)<\/td>\n<td width=\"143\">51<\/td>\n<\/tr>\n<tr>\n<td width=\"143\">302142<\/td>\n<td colspan=\"2\" width=\"143\">Cl\u00ednica Integrada Infantil I<\/td>\n<td width=\"143\">170<\/td>\n<\/tr>\n<tr>\n<td width=\"143\">302143<\/p>\n<p>302144<\/p>\n<p>302145<\/td>\n<td colspan=\"2\" width=\"143\">Est\u00e1gio em Cl\u00ednica Especializada<\/p>\n<p>Est\u00e1gio em Cl\u00ednica de Aten\u00e7\u00e3o B\u00e1sica<\/p>\n<p>Est\u00e1gio em Cl\u00ednica Integrada<\/td>\n<td width=\"143\">102<\/p>\n<p>204<\/p>\n<p>204<\/td>\n<\/tr>\n<tr>\n<td colspan=\"2\" width=\"214\"><strong>Sub-total <\/strong><\/td>\n<td colspan=\"2\" width=\"214\"><strong>1.071 <\/strong><\/td>\n<\/tr>\n<\/tbody>\n<\/table>\n<p style=\"text-align: center\"><strong>DISCIPLINAS DE DIVERSIFICA\u00c7\u00c3O OU APROFUNDAMENTO<\/strong><\/p>\n<table style=\"height: 2601px\" width=\"754\">\n<tbody>\n<tr>\n<td width=\"107\"><strong>C\u00d3DIGO <\/strong><\/td>\n<td width=\"107\"><strong>DISCIPLINAS <\/strong><\/td>\n<td width=\"107\"><strong>S\u00c9RIE <\/strong><\/td>\n<td width=\"107\"><strong>CARGA HOR\u00c1RIA <\/strong><\/td>\n<\/tr>\n<tr>\n<td width=\"107\">510309<\/td>\n<td width=\"107\">Ingl\u00eas Instrumental (2) (*)<\/td>\n<td width=\"107\">1\u00aa<\/td>\n<td width=\"107\">68<\/td>\n<\/tr>\n<tr>\n<td width=\"107\">510310<\/td>\n<td width=\"107\">Espanhol Instrumental (**)<\/td>\n<td width=\"107\">2\u00aa<\/td>\n<td width=\"107\">68<\/td>\n<\/tr>\n<tr>\n<td width=\"107\">510311<\/td>\n<td width=\"107\">L\u00edngua Brasileira de Sinais \u2013 LIBRAS (**)<\/td>\n<td width=\"107\">3\u00aa<\/td>\n<td width=\"107\">68<\/td>\n<\/tr>\n<tr>\n<td width=\"107\">103160<\/td>\n<td width=\"107\">Bioqu\u00edmica Experimental (*)<\/td>\n<td width=\"107\">2\u00aa<\/td>\n<td width=\"107\">68<\/td>\n<\/tr>\n<tr>\n<td width=\"107\">308516<\/td>\n<td width=\"107\">Biologia Bucodental Experimental (*)<\/td>\n<td width=\"107\">2\u00aa<\/td>\n<td width=\"107\">68<\/td>\n<\/tr>\n<tr>\n<td width=\"107\">302146<\/td>\n<td width=\"107\">Anatomia Aplicada \u00e0 Cirurgia Bucomaxilofacial (**)<\/td>\n<td width=\"107\">4\u00aa<\/td>\n<td width=\"107\">68<\/td>\n<\/tr>\n<tr>\n<td width=\"107\">302147<\/td>\n<td width=\"107\">Anatomia Aplicada \u00e0 Implantodontia (*)<\/td>\n<td width=\"107\">5\u00aa<\/td>\n<td width=\"107\">68<\/td>\n<\/tr>\n<tr>\n<td width=\"107\">302148<\/td>\n<td width=\"107\">Microbiologia Experimental (*)<\/td>\n<td width=\"107\">2\u00aa<\/td>\n<td width=\"107\">68<\/td>\n<\/tr>\n<tr>\n<td width=\"107\">302149<\/td>\n<td width=\"107\">Planejamento Oclusal em Reabilita\u00e7\u00e3o Bucal (**)<\/td>\n<td width=\"107\">4\u00aa<\/td>\n<td width=\"107\">68<\/td>\n<\/tr>\n<tr>\n<td width=\"107\">302150<\/td>\n<td width=\"107\">Est\u00e9tica em Odontologia (**)<\/td>\n<td width=\"107\">4\u00aa<\/td>\n<td width=\"107\">68<\/td>\n<\/tr>\n<tr>\n<td width=\"107\">302151<\/td>\n<td width=\"107\">Periodontia (**)<\/td>\n<td width=\"107\">3\u00aa<\/td>\n<td width=\"107\">68<\/td>\n<\/tr>\n<tr>\n<td width=\"107\">302152<\/td>\n<td width=\"107\">Imaginologia Aplicada \u00e0 Odontologia (**)<\/td>\n<td width=\"107\">3\u00aa<\/td>\n<td width=\"107\">68<\/td>\n<\/tr>\n<tr>\n<td width=\"107\">302153<\/td>\n<td width=\"107\">Altera\u00e7\u00f5es Sist\u00eamicas e a Odontologia (*) (\u00b0)<\/td>\n<td width=\"107\">3\u00aa<\/td>\n<td width=\"107\">68<\/td>\n<\/tr>\n<tr>\n<td width=\"107\">302154<\/td>\n<td width=\"107\">Cirurgia Bucomaxilofacial (*)<\/td>\n<td width=\"107\">5\u00aa<\/td>\n<td width=\"107\">68<\/td>\n<\/tr>\n<tr>\n<td width=\"107\">308517<\/td>\n<td width=\"107\">Gen\u00e9tica Molecular Aplicada (**)<\/td>\n<td width=\"107\">3\u00aa<\/td>\n<td width=\"107\">68<\/td>\n<\/tr>\n<tr>\n<td width=\"107\">302155<\/td>\n<td width=\"107\">Pr\u00e1tica de Interpreta\u00e7\u00e3o de textos legais (*)<\/td>\n<td width=\"107\">4\u00aa<\/td>\n<td width=\"107\">68<\/td>\n<\/tr>\n<tr>\n<td width=\"107\">302156<\/td>\n<td width=\"107\">Odontogeriatria (**)<\/td>\n<td width=\"107\">4\u00aa<\/td>\n<td width=\"107\">68<\/td>\n<\/tr>\n<tr>\n<td width=\"107\">403548<\/td>\n<td width=\"107\">Empreendedorismo (1) (*)<\/td>\n<td width=\"107\">5\u00aa<\/td>\n<td width=\"107\">34*<\/td>\n<\/tr>\n<tr>\n<td width=\"107\">406504<\/td>\n<td width=\"107\">Contabilidade (1) (*)<\/td>\n<td width=\"107\">4\u00aa<\/td>\n<td width=\"107\">34*<\/td>\n<\/tr>\n<tr>\n<td width=\"107\">302157<\/td>\n<td width=\"107\">Terap\u00eautica Cl\u00ednica (*)<\/td>\n<td width=\"107\">5\u00aa<\/td>\n<td width=\"107\">68<\/td>\n<\/tr>\n<tr>\n<td width=\"107\">302158<\/td>\n<td width=\"107\">Cl\u00ednica Integrada do Adolescente (*)<\/td>\n<td width=\"107\">5\u00aa<\/td>\n<td width=\"107\">68<\/td>\n<\/tr>\n<tr>\n<td width=\"107\">302159<\/td>\n<td width=\"107\">Ortodontia Cl\u00ednica Complementar (**)<\/td>\n<td width=\"107\">5\u00aa<\/td>\n<td width=\"107\">68<\/td>\n<\/tr>\n<tr>\n<td width=\"107\">302160<\/td>\n<td width=\"107\">Odontologia para Pacientes Especiais (**)<\/td>\n<td width=\"107\">5\u00aa<\/td>\n<td width=\"107\">68<\/td>\n<\/tr>\n<tr>\n<td width=\"107\">302161<\/td>\n<td width=\"107\">Odontologia Baseada em Evid\u00eancias (*) (\u00b0)<\/td>\n<td width=\"107\">4\u00aa<\/td>\n<td width=\"107\">68<\/td>\n<\/tr>\n<tr>\n<td width=\"107\">307212<\/td>\n<td width=\"107\">Linhas de Cuidado Multiprofissional<\/td>\n<td width=\"107\">4\u00aa<\/td>\n<td width=\"107\">68<\/td>\n<\/tr>\n<tr>\n<td colspan=\"2\" width=\"215\"><strong>Subtotal <\/strong><\/td>\n<td colspan=\"2\" width=\"215\"><strong>34 <\/strong><\/td>\n<\/tr>\n<\/tbody>\n<\/table>\n<p>Nota &#8211; Os s\u00edmbolos pospostos \u00e0s disciplinas t\u00eam a seguinte correspond\u00eancia:<br \/>\n* disciplina de meio ano de dura\u00e7\u00e3o, ofertada no primeiro semestre,<br \/>\n** disciplina de meio ano de dura\u00e7\u00e3o, ofertada no segundo semestre.<br \/>\n(\u00b0) disciplina ministrada na modalidade EaD.<br \/>\nObs. O aluno dever\u00e1 frequentar, obrigatoriamente, no m\u00ednimo, uma disciplina de diversifica\u00e7\u00e3o e aprofundamento no segundo, terceiro e quinto anos, e duas no quarto ano. No primeiro ano poder\u00e1 frequentar Ingl\u00eas Instrumental. Os semestres em que as disciplinas ser\u00e3o ofertadas poder\u00e3o ser alterados a crit\u00e9rio do Colegiado de Curso, de acordo com a disponibilidade de professores nos departamentos envolvidos. As disciplinas somente poder\u00e3o ser ofertadas nas s\u00e9ries para as quais est\u00e3o previstas.<br \/>\n(1)As Disciplinas de Empreendedorismo e Contabilidade devem ser cursadas juntas, pois s\u00e3o disciplinas complementares, por\u00e9m ofertadas por dois departamentos (Administra\u00e7\u00e3o e Economia).<br \/>\n(2) A disciplina de Ingl\u00eas Instrumental ser\u00e1 ofertada para a primeira s\u00e9rie, e poder\u00e3o ser matriculados acad\u00eamicos das s\u00e9ries subsequentes (segunda, terceira, quarta e quinta).<br \/>\n(3) Disciplina presencial, prevista com 17 horas te\u00f3ricas, 34 horas pr\u00e1ticas em laborat\u00f3rio e 17 horas ofertadas EAD.<br \/>\n______________________________________________________________________________<br \/>\nEST\u00c1GIO SUPERVISIONADO<br \/>\nO est\u00e1gio supervisionado ser\u00e1 desenvolvido nas disciplinas de Diagn\u00f3stico e Cirurgia Bucal IV, Cl\u00ednica Integrada I, Cl\u00ednica Integrada II, Sa\u00fade Coletiva II, Cl\u00ednica Integrada Infantil I, Est\u00e1gio em Cl\u00ednica Especializada, Est\u00e1gio em Cl\u00ednica de Aten\u00e7\u00e3o B\u00e1sica e Est\u00e1gio em Cl\u00ednica Integrada e de conformidade com o respectivo regulamento aprovado pelo Conselho de Ensino, Pesquisa e Extens\u00e3o.<br \/>\nTRABALHO DE CONCLUS\u00c3O DE CURSO<br \/>\nRequisito essencial e obrigat\u00f3rio para obten\u00e7\u00e3o do diploma, desenvolvido mediante controle, orienta\u00e7\u00e3o e avalia\u00e7\u00e3o docente, por meio da disciplina de Orienta\u00e7\u00e3o de Trabalho de Conclus\u00e3o de Curso e de defesa do Trabalho perante Banca Examinadora, conforme regulamento espec\u00edfico.<br \/>\nATIVIDADES COMPLEMENTARES<br \/>\nPara obter a sua gradua\u00e7\u00e3o, o acad\u00eamico dever\u00e1 cumprir, no m\u00ednimo, 200 (duzentas) horas em atividades complementares, regulamentados pelo Colegiado de Curso.<br \/>\nPR\u00c1TICA ESPORTIVA<br \/>\nA atividade de Pr\u00e1tica Esportiva ser\u00e1 desenvolvida pelo acad\u00eamico como atividade opcional.<\/p>\n","protected":false},"excerpt":{"rendered":"<p>Para completar o curr\u00edculo pleno do curso superior de gradua\u00e7\u00e3o em Odontologia, o acad\u00eamico dever\u00e1 perfazer um total m\u00ednimo 4.773 (quatro mil setecentas e setenta e tr\u00eas) horas, sendo 1.224 (mil e duzentas e vinte e quatro) horas em disciplinas de Forma\u00e7\u00e3o B\u00e1sica Geral, 1.938 (mil e novecentas e trinta e oito) horas em disciplinas&nbsp;&hellip;<\/p>\n","protected":false},"author":24,"featured_media":0,"parent":0,"menu_order":0,"comment_status":"closed","ping_status":"closed","template":"","meta":[],"_links":{"self":[{"href":"https:\/\/www2.uepg.br\/bacharelado-odontologia\/wp-json\/wp\/v2\/pages\/287"}],"collection":[{"href":"https:\/\/www2.uepg.br\/bacharelado-odontologia\/wp-json\/wp\/v2\/pages"}],"about":[{"href":"https:\/\/www2.uepg.br\/bacharelado-odontologia\/wp-json\/wp\/v2\/types\/page"}],"author":[{"embeddable":true,"href":"https:\/\/www2.uepg.br\/bacharelado-odontologia\/wp-json\/wp\/v2\/users\/24"}],"replies":[{"embeddable":true,"href":"https:\/\/www2.uepg.br\/bacharelado-odontologia\/wp-json\/wp\/v2\/comments?post=287"}],"version-history":[{"count":3,"href":"https:\/\/www2.uepg.br\/bacharelado-odontologia\/wp-json\/wp\/v2\/pages\/287\/revisions"}],"predecessor-version":[{"id":494,"href":"https:\/\/www2.uepg.br\/bacharelado-odontologia\/wp-json\/wp\/v2\/pages\/287\/revisions\/494"}],"wp:attachment":[{"href":"https:\/\/www2.uepg.br\/bacharelado-odontologia\/wp-json\/wp\/v2\/media?parent=287"}],"curies":[{"name":"wp","href":"https:\/\/api.w.org\/{rel}","templated":true}]}}