{"id":297,"date":"2020-03-05T16:21:16","date_gmt":"2020-03-05T19:21:16","guid":{"rendered":"http:\/\/www2.uepg.br\/testes\/?page_id=297"},"modified":"2020-11-23T19:07:47","modified_gmt":"2020-11-23T22:07:47","slug":"atividades-complementares","status":"publish","type":"page","link":"https:\/\/www2.uepg.br\/bacharelado-odontologia\/atividades-complementares\/","title":{"rendered":"Atividades Complementares"},"content":{"rendered":"<p>ATIVIDADES COMPLEMENTARES<br \/>\nPara obter a sua gradua\u00e7\u00e3o, o acad\u00eamico dever\u00e1 cumprir, no m\u00ednimo, 200 (duzentas) horas em atividades complementares, regulamentados pelo Colegiado de Curso.<\/p>\n<table>\n<tbody>\n<tr>\n<td width=\"241\"><\/td>\n<\/tr>\n<tr>\n<td>200 horas<\/td>\n<td width=\"673\">\n<table width=\"100%\">\n<tbody>\n<tr>\n<td>&#8211;\u00a0\u00a0\u00a0\u00a0\u00a0\u00a0 Atividades de extens\u00e3o<\/p>\n<p>&#8211;\u00a0\u00a0\u00a0\u00a0\u00a0\u00a0 Projetos de pesquisa (PIBIC, PROVIC e BIC)<\/p>\n<p>&#8211;\u00a0\u00a0\u00a0\u00a0\u00a0\u00a0 Monitoria<\/p>\n<p>&#8211;\u00a0\u00a0\u00a0\u00a0\u00a0\u00a0 Est\u00e1gios n\u00e3o-obrigat\u00f3rios*<\/p>\n<p>&#8211;\u00a0\u00a0\u00a0\u00a0\u00a0\u00a0 Participa\u00e7\u00e3o em Eventos Cient\u00edficos<\/p>\n<p>&#8211;\u00a0\u00a0\u00a0\u00a0\u00a0\u00a0 Representante Discente Publica\u00e7\u00f5es<\/p>\n<p>&#8211;\u00a0\u00a0\u00a0\u00a0\u00a0\u00a0 Disciplinas Eletivas<\/p>\n<p>&#8211;\u00a0\u00a0\u00a0\u00a0\u00a0\u00a0 Disc. Divers. e Aprofundamento n\u00e3o-obrigat\u00f3rias<\/p>\n<p>&#8211;\u00a0\u00a0\u00a0\u00a0\u00a0\u00a0 Cursos na \u00e1rea e em \u00e1reas afins<\/p>\n<p>&#8211;\u00a0\u00a0\u00a0\u00a0\u00a0\u00a0 Mobilidade Acad\u00eamica Nacional e Internacional<\/td>\n<\/tr>\n<\/tbody>\n<\/table>\n<\/td>\n<\/tr>\n<\/tbody>\n<\/table>\n<dl><\/dl>\n<dl>\n<dt>\n<h4><\/h4>\n<\/dt>\n<\/dl>\n<p>&nbsp;<\/p>\n","protected":false},"excerpt":{"rendered":"<p>ATIVIDADES COMPLEMENTARES Para obter a sua gradua\u00e7\u00e3o, o acad\u00eamico dever\u00e1 cumprir, no m\u00ednimo, 200 (duzentas) horas em atividades complementares, regulamentados pelo Colegiado de Curso. 200 horas &#8211;\u00a0\u00a0\u00a0\u00a0\u00a0\u00a0 Atividades de extens\u00e3o &#8211;\u00a0\u00a0\u00a0\u00a0\u00a0\u00a0 Projetos de pesquisa (PIBIC, PROVIC e BIC) &#8211;\u00a0\u00a0\u00a0\u00a0\u00a0\u00a0 Monitoria &#8211;\u00a0\u00a0\u00a0\u00a0\u00a0\u00a0 Est\u00e1gios n\u00e3o-obrigat\u00f3rios* &#8211;\u00a0\u00a0\u00a0\u00a0\u00a0\u00a0 Participa\u00e7\u00e3o em Eventos Cient\u00edficos &#8211;\u00a0\u00a0\u00a0\u00a0\u00a0\u00a0 Representante Discente Publica\u00e7\u00f5es &#8211;\u00a0\u00a0\u00a0\u00a0\u00a0\u00a0 Disciplinas Eletivas&nbsp;&hellip;<\/p>\n","protected":false},"author":24,"featured_media":0,"parent":0,"menu_order":0,"comment_status":"closed","ping_status":"closed","template":"","meta":[],"_links":{"self":[{"href":"https:\/\/www2.uepg.br\/bacharelado-odontologia\/wp-json\/wp\/v2\/pages\/297"}],"collection":[{"href":"https:\/\/www2.uepg.br\/bacharelado-odontologia\/wp-json\/wp\/v2\/pages"}],"about":[{"href":"https:\/\/www2.uepg.br\/bacharelado-odontologia\/wp-json\/wp\/v2\/types\/page"}],"author":[{"embeddable":true,"href":"https:\/\/www2.uepg.br\/bacharelado-odontologia\/wp-json\/wp\/v2\/users\/24"}],"replies":[{"embeddable":true,"href":"https:\/\/www2.uepg.br\/bacharelado-odontologia\/wp-json\/wp\/v2\/comments?post=297"}],"version-history":[{"count":3,"href":"https:\/\/www2.uepg.br\/bacharelado-odontologia\/wp-json\/wp\/v2\/pages\/297\/revisions"}],"predecessor-version":[{"id":496,"href":"https:\/\/www2.uepg.br\/bacharelado-odontologia\/wp-json\/wp\/v2\/pages\/297\/revisions\/496"}],"wp:attachment":[{"href":"https:\/\/www2.uepg.br\/bacharelado-odontologia\/wp-json\/wp\/v2\/media?parent=297"}],"curies":[{"name":"wp","href":"https:\/\/api.w.org\/{rel}","templated":true}]}}