{"id":351,"date":"2020-05-12T16:28:26","date_gmt":"2020-05-12T19:28:26","guid":{"rendered":"http:\/\/www2.uepg.br\/bacharelado-odontologia\/?page_id=351"},"modified":"2020-12-01T18:05:35","modified_gmt":"2020-12-01T21:05:35","slug":"colegiado","status":"publish","type":"page","link":"https:\/\/www2.uepg.br\/bacharelado-odontologia\/colegiado\/","title":{"rendered":"Colegiado"},"content":{"rendered":"<p><strong>Coordenadora<\/strong>: Prof\u00aa. Luciana Dorochenko Martins<\/p>\n<p><strong>Vice coordenadora<\/strong>: Prof\u00aa. Marcela Claudino da Silva Nardino<\/p>\n<p>Contato:\u00a0<a href=\"colodon@uepg.br\">colodon@uepg.br<\/a><\/p>\n<p><strong>Membros (representante docente):<\/strong><\/p>\n<ol>\n<li>Prof. Eduardo Campagnoli<\/li>\n<li>Prof\u00aa. Fabiana Bucholdz Teixeira Alves<\/li>\n<li>Prof. Bruno Orellana<\/li>\n<\/ol>\n<p><strong>Membros externos:<\/strong><\/p>\n<ol>\n<li>Prof. Jos\u00e9 Rosa (Representante do Departamento de Biologia Estrutural, Molecular e Gen\u00e9tica &#8211; DEBIOGEN)<\/li>\n<li>Prof.\u00a0 Marcelo Machado Ferro (Representante do Departamento de Biologia Geral &#8211; DEBIO)<\/li>\n<\/ol>\n<div>\n<p><strong>Coordenadora de est\u00e1gio:\u00a0<\/strong>Prof\u00aa. M\u00e1rcia Helena Baldani<\/p>\n<p><strong>Coordenador de TCC: <\/strong>Prof. Alfonso S\u00e1nchez Ayala<\/p>\n<p><strong>Representantes Discentes: <\/strong>Gustavo Keller Schemberger, Gabrielle Gomes Centenaro e Heloisa Carolina Bevervanso (suplente).<\/p>\n<p>O Colegiado de Curso exerce a coordena\u00e7\u00e3o did\u00e1tico-pedag\u00f3gica do curso de Odontologia.<\/p>\n<p>Compete ao Colegiado de Curso:<br \/>\nI \u2013 propor ao Conselho de Ensino, Pesquisa e Extens\u00e3o a organiza\u00e7\u00e3o ou reorganiza\u00e7\u00e3o do curr\u00edculo do curso respectivo;<br \/>\nII \u2013 oferecer ao Conselho de Ensino, Pesquisa e Extens\u00e3o subs\u00eddios:<br \/>\na) para a avalia\u00e7\u00e3o do ensino e promo\u00e7\u00e3o de alunos;<br \/>\nb) sobre a forma de ingresso de candidatos ao curso;<br \/>\nc) para a organiza\u00e7\u00e3o do Calend\u00e1rio Escolar;<br \/>\nIII \u2013 avaliar a execu\u00e7\u00e3o did\u00e1tico-pedag\u00f3gica do curso e sugerir medidas que considerar necess\u00e1rias ao Departamento, ao Colegiado Setorial e ao Conselho de Ensino, Pesquisa e Extens\u00e3o;<br \/>\nIV \u2013 emitir parecer sobre quest\u00f5es did\u00e1ticas e relativas \u00e0 frequ\u00eancia, transfer\u00eancia, adapta\u00e7\u00f5es de alunos, avalia\u00e7\u00f5es, exames e trabalhos escolares;<br \/>\nV \u2013 estabelecer normas para os est\u00e1gios curriculares e para os Trabalhos de Conclus\u00e3o de Curso \u2013 TCC;<br \/>\nVI \u2013 avaliar periodicamente os programas das disciplinas e deliberar sobre as modifica\u00e7\u00f5es propostas pelos professores;<br \/>\nVII \u2013 requisitar aos departamentos a oferta de disciplinas, explicitando as vagas necess\u00e1rias e os hor\u00e1rios convenientes;<br \/>\nVIII \u2013 solicitar ao(s) Departamento(s) a indica\u00e7\u00e3o de professores, de acordo com o perfil proposto no projeto pedag\u00f3gico;<br \/>\nIX \u2013 recusar, mediante an\u00e1lise fundamentada, a indica\u00e7\u00e3o de professores feita pelos Departamentos;<br \/>\nX \u2013 solicitar aos Departamentos a substitui\u00e7\u00e3o de professores que n\u00e3o estejam atendendo \u00e0s necessidades do curso, mediante an\u00e1lise fundamentada;<br \/>\nXI \u2013 estabelecer o calend\u00e1rio das suas reuni\u00f5es ordin\u00e1rias;<br \/>\nXII \u2013 analisar os pedidos de justificativas das faltas, \u00e0s reuni\u00f5es do Colegiado, feitos pelos seus membros;<br \/>\nXIII \u2013 responsabilizar-se pelo cumprimento integral do projeto pedag\u00f3gico do curso;<br \/>\nXIV \u2013 analisar qualquer retifica\u00e7\u00e3o de nota ou frequ\u00eancia de acad\u00eamico, ocorrida extemporaneamente.<\/p>\n<\/div>\n<div>\n<p>&nbsp;<\/p>\n<\/div>\n","protected":false},"excerpt":{"rendered":"<p>Coordenadora: Prof\u00aa. Luciana Dorochenko Martins Vice coordenadora: Prof\u00aa. Marcela Claudino da Silva Nardino Contato:\u00a0colodon@uepg.br Membros (representante docente): Prof. Eduardo Campagnoli Prof\u00aa. Fabiana Bucholdz Teixeira Alves Prof. Bruno Orellana Membros externos: Prof. Jos\u00e9 Rosa (Representante do Departamento de Biologia Estrutural, Molecular e Gen\u00e9tica &#8211; DEBIOGEN) Prof.\u00a0 Marcelo Machado Ferro (Representante do Departamento de Biologia Geral &#8211;&nbsp;&hellip;<\/p>\n","protected":false},"author":24,"featured_media":0,"parent":0,"menu_order":0,"comment_status":"closed","ping_status":"closed","template":"","meta":[],"_links":{"self":[{"href":"https:\/\/www2.uepg.br\/bacharelado-odontologia\/wp-json\/wp\/v2\/pages\/351"}],"collection":[{"href":"https:\/\/www2.uepg.br\/bacharelado-odontologia\/wp-json\/wp\/v2\/pages"}],"about":[{"href":"https:\/\/www2.uepg.br\/bacharelado-odontologia\/wp-json\/wp\/v2\/types\/page"}],"author":[{"embeddable":true,"href":"https:\/\/www2.uepg.br\/bacharelado-odontologia\/wp-json\/wp\/v2\/users\/24"}],"replies":[{"embeddable":true,"href":"https:\/\/www2.uepg.br\/bacharelado-odontologia\/wp-json\/wp\/v2\/comments?post=351"}],"version-history":[{"count":8,"href":"https:\/\/www2.uepg.br\/bacharelado-odontologia\/wp-json\/wp\/v2\/pages\/351\/revisions"}],"predecessor-version":[{"id":507,"href":"https:\/\/www2.uepg.br\/bacharelado-odontologia\/wp-json\/wp\/v2\/pages\/351\/revisions\/507"}],"wp:attachment":[{"href":"https:\/\/www2.uepg.br\/bacharelado-odontologia\/wp-json\/wp\/v2\/media?parent=351"}],"curies":[{"name":"wp","href":"https:\/\/api.w.org\/{rel}","templated":true}]}}