{"id":353,"date":"2020-05-12T16:29:18","date_gmt":"2020-05-12T19:29:18","guid":{"rendered":"http:\/\/www2.uepg.br\/bacharelado-odontologia\/?page_id=353"},"modified":"2020-09-21T16:57:30","modified_gmt":"2020-09-21T19:57:30","slug":"departamento","status":"publish","type":"page","link":"https:\/\/www2.uepg.br\/bacharelado-odontologia\/departamento\/","title":{"rendered":"Departamento"},"content":{"rendered":"<p>ESTRUTURA ADMINISTRATIVA<\/p>\n<p>Chefe do Departamento: Profa. Denise Stadler Wambier<\/p>\n<p>Chefe Adjunta: Profa. Alessandra Reis Silva Loguercio<\/p>\n<p>Contato:<br \/>\nSecretaria &#8211; (42) 3220-3104<br \/>\nChefia (42) 3220-3103<\/p>\n<p>Atividades do Departamento<br \/>\nO Curso de Odontologia funciona no Bloco M do Campus Uvaranas. Este bloco \u00e9 destinado exclusivamente aos cursos do Setor de Ci\u00eancias Biol\u00f3gicas e da Sa\u00fade, sendo que cada curso possui instala\u00e7\u00f5es pr\u00f3prias.<\/p>\n<p>A totalidade das aulas pr\u00e1ticas das disciplinas de forma\u00e7\u00e3o b\u00e1sica e de forma\u00e7\u00e3o espec\u00edfica profissional s\u00e3o ministradas nos laborat\u00f3rios localizados no bloco M, com exce\u00e7\u00e3o das disciplinas da \u00e1rea de Bioqu\u00edmica, ofertadas pelo Departamento de Qu\u00edmica em laborat\u00f3rio localizado no bloco L. O curso de Odontologia possui 7 cl\u00ednicas que prestam atendimento constante \u00e0 popula\u00e7\u00e3o, localizadas no bloco M. S\u00e3o atendidos entre 4 e 5 mil pacientes por ano. Atrav\u00e9s de conv\u00eanio com a Secretaria Municipal de Sa\u00fade de Ponta Grossa, o curso de Odontologia atende as zonas rurais de Guaragi e Itaiacoca por meio de um projeto extensionista que teve seus prim\u00f3rdios em 1975 com o CRUTAC. Em 2014, o curso aderiu \u00e0 Rede de Sa\u00fade Bucal da SESA-PR como prestador de servi\u00e7os e provedor de educa\u00e7\u00e3o continuada aos profissionais da rede p\u00fablica de sa\u00fade.<\/p>\n<p>O atendimento odontol\u00f3gico \u00e9 realizado pelos acad\u00eamicos e p\u00f3s-graduandos. Os acad\u00eamicos trabalham sempre em duplas e s\u00e3o orientados e supervisionados durante toda as aulas por um professor respons\u00e1vel. Os alunos s\u00e3o avaliados quanto ao seu desempenho pr\u00e1tico, conhecimento te\u00f3rico-cient\u00edfico, conduta e postura profissional, respeito ao paciente, assiduidade e demais conceitos pertinentes a cada disciplina.<\/p>\n<p>As pessoas interessadas nos atendimentos odontol\u00f3gicos podem ligar para o n\u00famero 3220-3142, ou comparecer \u00e0 recep\u00e7\u00e3o das cl\u00ednicas no Bloco M, para se informar ou agendar. N\u00e3o h\u00e1 necessidade da apresenta\u00e7\u00e3o de documentos. O atendimento de urg\u00eancias \u00e9 ofertado durante todo o hor\u00e1rio de funcionamento do curso. O agendamento para triagem e tratamento \u00e9 condicionado \u00e0 exist\u00eancia de vaga. Os servi\u00e7os prestados nas cl\u00ednicas odontol\u00f3gicas do bloco M e da zona rural s\u00e3o gratuitos. Apenas os trabalhos que envolvem servi\u00e7os de laborat\u00f3rios de pr\u00f3tese e ortodontia s\u00e3o cobrados com valores acess\u00edveis.<\/p>\n<p>As atividades de educa\u00e7\u00e3o em sa\u00fade bucal s\u00e3o incentivadas desde o primeiro ano do curso. Os pacientes recebem instru\u00e7\u00e3o sobre higiene bucal nos atendimentos individuais. Os alunos tamb\u00e9m realizam educa\u00e7\u00e3o em sa\u00fade na forma de palestras, tanto nas cl\u00ednicas quanto nas Unidades de Sa\u00fade da Fam\u00edlia durante o est\u00e1gio supervisionado. Al\u00e9m disso, a\u00e7\u00f5es educativas coletivas como festivais, palestras, escova\u00e7\u00e3o supervisionada s\u00e3o realizadas nas a\u00e7\u00f5es extensionistas, nos mais variados espa\u00e7os comunit\u00e1rios.<\/p>\n","protected":false},"excerpt":{"rendered":"<p>ESTRUTURA ADMINISTRATIVA Chefe do Departamento: Profa. Denise Stadler Wambier Chefe Adjunta: Profa. Alessandra Reis Silva Loguercio Contato: Secretaria &#8211; (42) 3220-3104 Chefia (42) 3220-3103 Atividades do Departamento O Curso de Odontologia funciona no Bloco M do Campus Uvaranas. Este bloco \u00e9 destinado exclusivamente aos cursos do Setor de Ci\u00eancias Biol\u00f3gicas e da Sa\u00fade, sendo que&nbsp;&hellip;<\/p>\n","protected":false},"author":24,"featured_media":0,"parent":0,"menu_order":0,"comment_status":"closed","ping_status":"closed","template":"","meta":[],"_links":{"self":[{"href":"https:\/\/www2.uepg.br\/bacharelado-odontologia\/wp-json\/wp\/v2\/pages\/353"}],"collection":[{"href":"https:\/\/www2.uepg.br\/bacharelado-odontologia\/wp-json\/wp\/v2\/pages"}],"about":[{"href":"https:\/\/www2.uepg.br\/bacharelado-odontologia\/wp-json\/wp\/v2\/types\/page"}],"author":[{"embeddable":true,"href":"https:\/\/www2.uepg.br\/bacharelado-odontologia\/wp-json\/wp\/v2\/users\/24"}],"replies":[{"embeddable":true,"href":"https:\/\/www2.uepg.br\/bacharelado-odontologia\/wp-json\/wp\/v2\/comments?post=353"}],"version-history":[{"count":2,"href":"https:\/\/www2.uepg.br\/bacharelado-odontologia\/wp-json\/wp\/v2\/pages\/353\/revisions"}],"predecessor-version":[{"id":405,"href":"https:\/\/www2.uepg.br\/bacharelado-odontologia\/wp-json\/wp\/v2\/pages\/353\/revisions\/405"}],"wp:attachment":[{"href":"https:\/\/www2.uepg.br\/bacharelado-odontologia\/wp-json\/wp\/v2\/media?parent=353"}],"curies":[{"name":"wp","href":"https:\/\/api.w.org\/{rel}","templated":true}]}}