{"id":523,"date":"2023-11-06T09:11:20","date_gmt":"2023-11-06T12:11:20","guid":{"rendered":"https:\/\/www2.uepg.br\/bacharelado-odontologia\/?page_id=523"},"modified":"2024-08-05T20:51:42","modified_gmt":"2024-08-05T23:51:42","slug":"atendimentos","status":"publish","type":"page","link":"https:\/\/www2.uepg.br\/bacharelado-odontologia\/atendimentos\/","title":{"rendered":"Atendimentos"},"content":{"rendered":"<h1 style=\"text-align: center\" data-style=\"{&quot;background_image_attachment&quot;:false,&quot;background_display&quot;:&quot;tile&quot;,&quot;cell_alignment&quot;:&quot;flex-start&quot;}\" data-ratio=\"1\" data-ratio-direction=\"right\">Como posso ser atendido?<\/h1>\n<div data-style=\"{&quot;background_image_attachment&quot;:false,&quot;background_display&quot;:&quot;tile&quot;,&quot;cell_alignment&quot;:&quot;flex-start&quot;}\" data-ratio=\"1\" data-ratio-direction=\"right\"><span style=\"color: #333333\">\u00c9 necess\u00e1rio estar cadastrado no Sistema Odontol\u00f3gico de Recep\u00e7\u00e3o e Triagem. Para realizar o cadastramento basta chegar at\u00e9 a recep\u00e7\u00e3o das cl\u00ednicas odontol\u00f3gicas, solicitar atendimento odontol\u00f3gico e apresentar um documento com foto. Ap\u00f3s o cadastramento, o paciente ser\u00e1 encaminhado para triagem pr\u00e9via, sendo poss\u00edvel aguardar alguns dias at\u00e9 a sua realiza\u00e7\u00e3o.<\/span><\/div>\n<div data-style=\"{&quot;background_image_attachment&quot;:false,&quot;background_display&quot;:&quot;tile&quot;,&quot;cell_alignment&quot;:&quot;flex-start&quot;}\" data-ratio=\"1\" data-ratio-direction=\"right\"><\/div>\n<div data-style=\"{&quot;background_image_attachment&quot;:false,&quot;background_display&quot;:&quot;tile&quot;,&quot;cell_alignment&quot;:&quot;flex-start&quot;}\" data-ratio=\"1\" data-ratio-direction=\"right\"><\/div>\n<div data-style=\"{&quot;background_image_attachment&quot;:false,&quot;background_display&quot;:&quot;tile&quot;,&quot;cell_alignment&quot;:&quot;flex-start&quot;}\" data-ratio=\"1\" data-ratio-direction=\"right\"><\/div>\n<div data-style=\"{&quot;background_image_attachment&quot;:false,&quot;background_display&quot;:&quot;tile&quot;,&quot;cell_alignment&quot;:&quot;flex-start&quot;}\" data-ratio=\"1\" data-ratio-direction=\"right\"><span style=\"color: #333333\">Para mais informa\u00e7\u00f5es em rela\u00e7\u00e3o ao processo de atendimento das Cl\u00ednicas odontol\u00f3gicas da Universidade Estadual de Ponta Grossa, clique <a style=\"color: #333333\" href=\"https:\/\/www2.uepg.br\/bacharelado-odontologia\/clinicas-de-triagem\/\">aqui<\/a>.<\/span><\/div>\n","protected":false},"excerpt":{"rendered":"<p>Como posso ser atendido? \u00c9 necess\u00e1rio estar cadastrado no Sistema Odontol\u00f3gico de Recep\u00e7\u00e3o e Triagem. Para realizar o cadastramento basta chegar at\u00e9 a recep\u00e7\u00e3o das cl\u00ednicas odontol\u00f3gicas, solicitar atendimento odontol\u00f3gico e apresentar um documento com foto. Ap\u00f3s o cadastramento, o paciente ser\u00e1 encaminhado para triagem pr\u00e9via, sendo poss\u00edvel aguardar alguns dias at\u00e9 a sua realiza\u00e7\u00e3o.&nbsp;&hellip;<\/p>\n","protected":false},"author":661,"featured_media":597,"parent":0,"menu_order":0,"comment_status":"closed","ping_status":"closed","template":"","meta":[],"_links":{"self":[{"href":"https:\/\/www2.uepg.br\/bacharelado-odontologia\/wp-json\/wp\/v2\/pages\/523"}],"collection":[{"href":"https:\/\/www2.uepg.br\/bacharelado-odontologia\/wp-json\/wp\/v2\/pages"}],"about":[{"href":"https:\/\/www2.uepg.br\/bacharelado-odontologia\/wp-json\/wp\/v2\/types\/page"}],"author":[{"embeddable":true,"href":"https:\/\/www2.uepg.br\/bacharelado-odontologia\/wp-json\/wp\/v2\/users\/661"}],"replies":[{"embeddable":true,"href":"https:\/\/www2.uepg.br\/bacharelado-odontologia\/wp-json\/wp\/v2\/comments?post=523"}],"version-history":[{"count":9,"href":"https:\/\/www2.uepg.br\/bacharelado-odontologia\/wp-json\/wp\/v2\/pages\/523\/revisions"}],"predecessor-version":[{"id":667,"href":"https:\/\/www2.uepg.br\/bacharelado-odontologia\/wp-json\/wp\/v2\/pages\/523\/revisions\/667"}],"wp:featuredmedia":[{"embeddable":true,"href":"https:\/\/www2.uepg.br\/bacharelado-odontologia\/wp-json\/wp\/v2\/media\/597"}],"wp:attachment":[{"href":"https:\/\/www2.uepg.br\/bacharelado-odontologia\/wp-json\/wp\/v2\/media?parent=523"}],"curies":[{"name":"wp","href":"https:\/\/api.w.org\/{rel}","templated":true}]}}