{"id":525,"date":"2023-11-06T09:08:27","date_gmt":"2023-11-06T12:08:27","guid":{"rendered":"https:\/\/www2.uepg.br\/bacharelado-odontologia\/?page_id=525"},"modified":"2024-08-07T17:55:55","modified_gmt":"2024-08-07T20:55:55","slug":"clinicas-de-triagem","status":"publish","type":"page","link":"https:\/\/www2.uepg.br\/bacharelado-odontologia\/clinicas-de-triagem\/","title":{"rendered":"Cl\u00ednicas de Triagem"},"content":{"rendered":"<div id=\"pl-525\"  class=\"panel-layout\" ><div id=\"pg-525-0\"  class=\"panel-grid panel-no-style\" ><div id=\"pgc-525-0-0\"  class=\"panel-grid-cell\" ><div id=\"panel-525-0-0-0\" class=\"so-panel widget widget_sow-editor panel-first-child\" data-index=\"0\" ><div\n\t\t\t\n\t\t\tclass=\"so-widget-sow-editor so-widget-sow-editor-base\"\n\t\t\t\n\t\t>\n<div class=\"siteorigin-widget-tinymce textwidget\">\n\t<h2 style=\"text-align: center\">Sistema Odontol\u00f3gico de Recep\u00e7\u00e3o e Triagem<\/h2>\n<h3 style=\"text-align: center\">Sobre o Projeto<\/h3>\n<p style=\"text-align: center\">O projeto de extens\u00e3o envolve alunos da p\u00f3s-gradua\u00e7\u00e3o strico sensu do Programa de P\u00f3s-Gradua\u00e7\u00e3o em Odontologia e alunos de gradua\u00e7\u00e3o em Odontologia da Universidade Estadual de Ponta Grossa (UEPG).<\/p>\n<p style=\"text-align: center\">O objetivo \u00e9 integrar os diversos setores envolvidos no atendimento odontol\u00f3gico da UEPG, otimizando os recursos humanos e de infraestrutura, de modo a beneficiar todos os atores sociais envolvidos no processo de triagem e atendimento odontol\u00f3gico da institui\u00e7\u00e3o<\/p>\n<\/div>\n<\/div><\/div><div id=\"panel-525-0-0-1\" class=\"so-panel widget widget_sow-editor\" data-index=\"1\" ><div\n\t\t\t\n\t\t\tclass=\"so-widget-sow-editor so-widget-sow-editor-base\"\n\t\t\t\n\t\t>\n<div class=\"siteorigin-widget-tinymce textwidget\">\n\t<h3 style=\"text-align: center\">Coordena\u00e7\u00e3o e equipe<\/h3>\n<p style=\"text-align: center\"><strong>Coordenador<\/strong><\/p>\n<p style=\"text-align: center\">Prof. Dr. Fabio Andr\u00e9 dos Santos - Departamento de Odontologia<\/p>\n<p style=\"text-align: center\"><strong>Docentes supervisores<\/strong><\/p>\n<p style=\"text-align: center\">Prof. Dr. Bruno Orellana - Departamento de Odontologia<\/p>\n<p style=\"text-align: center\">Prof. Dr. Eduardo Bauml Campagnoli - Departamento de Odontologia<\/p>\n<p style=\"text-align: center\">Prof. Dr. Gibson Luiz Pillati - Departamento de Odontologia<\/p>\n<p style=\"text-align: center\">Prof\u00aa. Dr\u00aa M\u00e1rcia Thais Pochapski - Departamento de Odontologia<\/p>\n<p style=\"text-align: center\">Prof\u00aa. Dr\u00aa Stella Kossatz Pereira - Departamento de Odontologia<\/p>\n<p style=\"text-align: center\">Prof\u00aa. Dr\u00aa Vanessa Migliorini Urban - Departamento de Odontologia<\/p>\n<p style=\"text-align: center\"><strong>Alunos de P\u00f3s Gradua\u00e7\u00e3o<\/strong><\/p>\n<p style=\"text-align: center\">Carolina Woinarovicz Meneghetti<\/p>\n<p style=\"text-align: center\">Felipe Bittarello<\/p>\n<p style=\"text-align: center\">Gabriel Andreani Cabral<\/p>\n<p style=\"text-align: center\">Luise Adrieli Bochenek da Silva<\/p>\n<p style=\"text-align: center\">Milena de Moura Girardello<\/p>\n<p style=\"text-align: center\"><strong>Equipe de Organiza\u00e7\u00e3o e Execu\u00e7\u00e3o<\/strong><\/p>\n<p style=\"text-align: center\">Rosi Batista<\/p>\n<\/div>\n<\/div><\/div><div id=\"panel-525-0-0-2\" class=\"so-panel widget widget_sow-button\" data-index=\"2\" ><div\n\t\t\t\n\t\t\tclass=\"so-widget-sow-button so-widget-sow-button-flat-26d68955a680-525\"\n\t\t\t\n\t\t><div class=\"ow-button-base ow-button-align-left\">\n\t<a href=\"https:\/\/www2.uepg.br\/bacharelado-odontologia\/solicitar-atendimento\/\" class=\"ow-icon-placement-left ow-button-hover\" \t\t>\n\t\t<span>\n\t\t\t<span class=\"sow-icon-fontawesome sow-far\" data-sow-icon=\"&#xf2b9;\"\n\t\tstyle=\"color: #1e73be\" \n\t\taria-hidden=\"true\"><\/span>\n\t\t\tAtendimentos Odontol\u00f3gicos\t\t<\/span>\n\t<\/a>\n<\/div>\n<\/div><\/div><div id=\"panel-525-0-0-3\" class=\"so-panel widget widget_sow-button\" data-index=\"3\" ><div\n\t\t\t\n\t\t\tclass=\"so-widget-sow-button so-widget-sow-button-flat-26d68955a680-525\"\n\t\t\t\n\t\t><div class=\"ow-button-base ow-button-align-left\">\n\t<a href=\"https:\/\/www2.uepg.br\/bacharelado-odontologia\/como-chegar\/\" class=\"ow-icon-placement-left ow-button-hover\" \t\t>\n\t\t<span>\n\t\t\t<span class=\"sow-icon-fontawesome sow-far\" data-sow-icon=\"&#xf0f8;\"\n\t\tstyle=\"color: #1e73be\" \n\t\taria-hidden=\"true\"><\/span>\n\t\t\tCl\u00ednicas Odontol\u00f3gicas da UEPG\t\t<\/span>\n\t<\/a>\n<\/div>\n<\/div><\/div><div id=\"panel-525-0-0-4\" class=\"so-panel widget widget_sow-editor\" data-index=\"4\" ><div\n\t\t\t\n\t\t\tclass=\"so-widget-sow-editor so-widget-sow-editor-base\"\n\t\t\t\n\t\t><h3 class=\"widget-title\">M\u00eddias sociais<\/h3>\n<div class=\"siteorigin-widget-tinymce textwidget\">\n\t<p>M\u00eddia social oficial do projeto de extens\u00e3o Sistema Odontol\u00f3gico de Recep\u00e7\u00e3o e Triagem.<\/p>\n<\/div>\n<\/div><\/div><div id=\"panel-525-0-0-5\" class=\"so-panel widget widget_sow-button\" data-index=\"5\" ><div\n\t\t\t\n\t\t\tclass=\"so-widget-sow-button so-widget-sow-button-flat-26d68955a680-525\"\n\t\t\t\n\t\t><div class=\"ow-button-base ow-button-align-left\">\n\t<a href=\"https:\/\/www.instagram.com\/projetotriagem\/\" class=\"ow-icon-placement-left ow-button-hover\" \t\t>\n\t\t<span>\n\t\t\t<div class=\"sow-icon-image\" style=\"background-image: url(https:\/\/www2.uepg.br\/bacharelado-odontologia\/wp-content\/uploads\/sites\/90\/2023\/11\/gd3982062b8877bcbafa33055fa8c4d5550918928e5626ea5031a0101c159c34f266335e39923bc3ea7690b3d162650b4_1920.png)\"><\/div>\n\t\t\tInstagram\t\t<\/span>\n\t<\/a>\n<\/div>\n<\/div><\/div><div id=\"panel-525-0-0-6\" class=\"so-panel widget widget_sow-post-carousel\" data-index=\"6\" ><div\n\t\t\t\n\t\t\tclass=\"so-widget-sow-post-carousel so-widget-sow-post-carousel-base-f7c9ab8b7867-525\"\n\t\t\t\n\t\t>\t<div\n\t\tclass=\"sow-post-carousel-wrapper sow-post-carousel-theme-base\"\n\t\tstyle=\"overflow: hidden; max-width: 100%; min-height: 182px\"\n\t>\n\t\t<div class=\"sow-carousel-title has-title\">\n\t<h3 class=\"widget-title\">\u00daltimas not\u00edcias<\/h3>\t\t<div class=\"sow-carousel-navigation \">\n\t\t\t\t\t\t<a href=\"#\" class=\"sow-carousel-next\" title=\"Pr\u00f3ximo\" aria-label=\"Next Posts\" role=\"button\"><\/a>\n\t\t\t\t\t\t<a href=\"#\" class=\"sow-carousel-previous\" title=\"Anterior\" aria-label=\"Previous Posts\" role=\"button\"><\/a>\n\t\t\t\t\t<\/div>\n\t<\/div>\n\n<div class=\"sow-carousel-container \">\n\t\t<div class=\"sow-carousel-wrapper\"\n\t\tdata-dir=\"ltr\"\n\t\tstyle=\"opacity: 0;\"\n\t\tdata-widget=\"post\" data-fetching=\"false\" data-page=\"1\" data-ajax-url=\"https:\/\/www2.uepg.br\/bacharelado-odontologia\/wp-admin\/admin-ajax.php?_widgets_nonce=b12cc19f15\" data-item_count=\"4\" data-carousel_settings=\"{&quot;loop&quot;:true,&quot;animation&quot;:&quot;ease&quot;,&quot;animation_speed&quot;:800,&quot;autoplay&quot;:false,&quot;pauseOnHover&quot;:false,&quot;autoplaySpeed&quot;:8000,&quot;item_overflow&quot;:true,&quot;autoplay_continuous_scroll&quot;:false}\" data-responsive=\"{&quot;desktop_slides_to_scroll&quot;:1,&quot;tablet_landscape_breakpoint&quot;:1366,&quot;tablet_landscape_slides_to_scroll&quot;:2,&quot;tablet_portrait_breakpoint&quot;:1025,&quot;tablet_portrait_slides_to_scroll&quot;:2,&quot;mobile_breakpoint&quot;:480,&quot;mobile_slides_to_scroll&quot;:1}\" data-variable_width=\"true\" \t>\n\t\t<div\n\t\t\tclass=\"sow-carousel-items\"\n\t\t\t\t\t>\n\t\t\t\t<div class=\"sow-carousel-item\" tabindex=\"-1\" style=\"float: left;\">\n\t\t<div class=\"sow-carousel-thumbnail\">\n\t\t\t\t\t\t\t<a\n\t\t\t\thref=\"https:\/\/www2.uepg.br\/bacharelado-odontologia\/prograd-e-prae-orientam-calouros-sobre-conclusao-das-matriculas-e-recepcao-no-dia-10\/\"\n\t\t\t\t\t\t\t\t\t\tstyle=\"background-image: url( https:\/\/www2.uepg.br\/bacharelado-odontologia\/wp-content\/uploads\/sites\/90\/2020\/02\/recep\u00e7\u00e3o-scaled-1-272x182.jpg )\"\n\t\t\t\t\taria-labelledby=\"sow-carousel-id-229\"\n\t\t\t\t\ttabindex=\"-1\"\n\t\t\t\t>\n\t\t\t\t\t<span class=\"overlay\"><\/span>\n\t\t\t\t<\/a>\n\t\t\t\t\t<\/div>\n\t\t<h3 class=\"sow-carousel-item-title\">\n\t\t\t<a\n\t\t\t\thref=\"https:\/\/www2.uepg.br\/bacharelado-odontologia\/prograd-e-prae-orientam-calouros-sobre-conclusao-das-matriculas-e-recepcao-no-dia-10\/\"\n\t\t\t\tid=\"sow-carousel-id-229\"\n\t\t\t\t\t\t\t\ttabindex=\"-1\"\n\t\t\t>\n\n\t\t\t\tPrograd e Prae orientam calouros sobre conclus\u00e3o das matr\u00edculas e recep\u00e7\u00e3o no dia 10\t\t\t<\/a>\n\t\t<\/h3>\n\t<\/div>\n\t<div class=\"sow-carousel-item\" tabindex=\"-1\" style=\"float: left;\">\n\t\t<div class=\"sow-carousel-thumbnail\">\n\t\t\t\t\t\t\t<a\n\t\t\t\thref=\"https:\/\/www2.uepg.br\/bacharelado-odontologia\/abrem-amanha-inscricoes-para-especializacao-em-direito-processual-penal-e-pratica-forense-penal\/\"\n\t\t\t\t\t\t\t\t\t\tstyle=\"background-image: url( https:\/\/www2.uepg.br\/bacharelado-odontologia\/wp-content\/uploads\/sites\/90\/2020\/02\/WhatsApp-Image-2020-02-03-at-12.05.21-272x182.jpeg )\"\n\t\t\t\t\taria-labelledby=\"sow-carousel-id-226\"\n\t\t\t\t\ttabindex=\"-1\"\n\t\t\t\t>\n\t\t\t\t\t<span class=\"overlay\"><\/span>\n\t\t\t\t<\/a>\n\t\t\t\t\t<\/div>\n\t\t<h3 class=\"sow-carousel-item-title\">\n\t\t\t<a\n\t\t\t\thref=\"https:\/\/www2.uepg.br\/bacharelado-odontologia\/abrem-amanha-inscricoes-para-especializacao-em-direito-processual-penal-e-pratica-forense-penal\/\"\n\t\t\t\tid=\"sow-carousel-id-226\"\n\t\t\t\t\t\t\t\ttabindex=\"-1\"\n\t\t\t>\n\n\t\t\t\tAbrem amanh\u00e3 inscri\u00e7\u00f5es para Especializa\u00e7\u00e3o em Direito Processual Penal e Pr\u00e1tica Forense Penal\t\t\t<\/a>\n\t\t<\/h3>\n\t<\/div>\n\t<div class=\"sow-carousel-item\" tabindex=\"-1\" style=\"float: left;\">\n\t\t<div class=\"sow-carousel-thumbnail\">\n\t\t\t\t\t\t\t<a\n\t\t\t\thref=\"https:\/\/www2.uepg.br\/bacharelado-odontologia\/encerra-hoje-o-prazo-de-inscricoes-do-processo-seletivo-para-professor-de-ingles\/\"\n\t\t\t\t\t\t\t\t\t\tstyle=\"background-image: url( https:\/\/www2.uepg.br\/bacharelado-odontologia\/wp-content\/uploads\/sites\/90\/2020\/02\/PR-Fala-Ingl\u00eas-272x182.jpg )\"\n\t\t\t\t\taria-labelledby=\"sow-carousel-id-216\"\n\t\t\t\t\ttabindex=\"-1\"\n\t\t\t\t>\n\t\t\t\t\t<span class=\"overlay\"><\/span>\n\t\t\t\t<\/a>\n\t\t\t\t\t<\/div>\n\t\t<h3 class=\"sow-carousel-item-title\">\n\t\t\t<a\n\t\t\t\thref=\"https:\/\/www2.uepg.br\/bacharelado-odontologia\/encerra-hoje-o-prazo-de-inscricoes-do-processo-seletivo-para-professor-de-ingles\/\"\n\t\t\t\tid=\"sow-carousel-id-216\"\n\t\t\t\t\t\t\t\ttabindex=\"-1\"\n\t\t\t>\n\n\t\t\t\tEncerra hoje o prazo de inscri\u00e7\u00f5es do processo seletivo para professor de ingl\u00eas\t\t\t<\/a>\n\t\t<\/h3>\n\t<\/div>\n\t<div class=\"sow-carousel-item\" tabindex=\"-1\" style=\"float: left;\">\n\t\t<div class=\"sow-carousel-thumbnail\">\n\t\t\t\t\t\t\t<a\n\t\t\t\thref=\"https:\/\/www2.uepg.br\/bacharelado-odontologia\/professores-da-uepg-participam-de-seminario-internacional\/\"\n\t\t\t\t\t\t\t\t\t\tstyle=\"background-image: url( https:\/\/www2.uepg.br\/bacharelado-odontologia\/wp-content\/uploads\/sites\/90\/2020\/02\/noticia1-272x182.jpg )\"\n\t\t\t\t\taria-labelledby=\"sow-carousel-id-213\"\n\t\t\t\t\ttabindex=\"-1\"\n\t\t\t\t>\n\t\t\t\t\t<span class=\"overlay\"><\/span>\n\t\t\t\t<\/a>\n\t\t\t\t\t<\/div>\n\t\t<h3 class=\"sow-carousel-item-title\">\n\t\t\t<a\n\t\t\t\thref=\"https:\/\/www2.uepg.br\/bacharelado-odontologia\/professores-da-uepg-participam-de-seminario-internacional\/\"\n\t\t\t\tid=\"sow-carousel-id-213\"\n\t\t\t\t\t\t\t\ttabindex=\"-1\"\n\t\t\t>\n\n\t\t\t\tProfessores da UEPG participam de Semin\u00e1rio Internacional\t\t\t<\/a>\n\t\t<\/h3>\n\t<\/div>\n\t\t<\/div>\n\t\t\t<\/div>\n\n\t<\/div>\n\t\t<input type=\"hidden\" name=\"instance_hash\" value=\"4568067a\"\/>\n\t<\/div>\n<\/div><\/div><div id=\"panel-525-0-0-7\" class=\"so-panel widget widget_sow-button panel-last-child\" data-index=\"7\" ><div\n\t\t\t\n\t\t\tclass=\"so-widget-sow-button so-widget-sow-button-flat-b4f6b6b19f96-213\"\n\t\t\t\n\t\t><div class=\"ow-button-base ow-button-align-center\">\n\t<a href=\"https:\/\/www2.uepg.br\/bacharelado-odontologia\/noticias\/\" class=\"ow-icon-placement-left ow-button-hover\" \t\t>\n\t\t<span>\n\t\t\t\n\t\t\tveja todas as not\u00edcias\t\t<\/span>\n\t<\/a>\n<\/div>\n<\/div><\/div><\/div><\/div><\/div>","protected":false},"excerpt":{"rendered":"<p>Sistema Odontol\u00f3gico de Recep\u00e7\u00e3o e Triagem Sobre o Projeto O projeto de extens\u00e3o envolve alunos da p\u00f3s-gradua\u00e7\u00e3o strico sensu do Programa de P\u00f3s-Gradua\u00e7\u00e3o em Odontologia e alunos de gradua\u00e7\u00e3o em Odontologia da Universidade Estadual de Ponta Grossa (UEPG). O objetivo \u00e9 integrar os diversos setores envolvidos no atendimento odontol\u00f3gico da UEPG, otimizando os recursos humanos&nbsp;&hellip;<\/p>\n","protected":false},"author":661,"featured_media":597,"parent":0,"menu_order":0,"comment_status":"closed","ping_status":"closed","template":"","meta":[],"_links":{"self":[{"href":"https:\/\/www2.uepg.br\/bacharelado-odontologia\/wp-json\/wp\/v2\/pages\/525"}],"collection":[{"href":"https:\/\/www2.uepg.br\/bacharelado-odontologia\/wp-json\/wp\/v2\/pages"}],"about":[{"href":"https:\/\/www2.uepg.br\/bacharelado-odontologia\/wp-json\/wp\/v2\/types\/page"}],"author":[{"embeddable":true,"href":"https:\/\/www2.uepg.br\/bacharelado-odontologia\/wp-json\/wp\/v2\/users\/661"}],"replies":[{"embeddable":true,"href":"https:\/\/www2.uepg.br\/bacharelado-odontologia\/wp-json\/wp\/v2\/comments?post=525"}],"version-history":[{"count":14,"href":"https:\/\/www2.uepg.br\/bacharelado-odontologia\/wp-json\/wp\/v2\/pages\/525\/revisions"}],"predecessor-version":[{"id":671,"href":"https:\/\/www2.uepg.br\/bacharelado-odontologia\/wp-json\/wp\/v2\/pages\/525\/revisions\/671"}],"wp:featuredmedia":[{"embeddable":true,"href":"https:\/\/www2.uepg.br\/bacharelado-odontologia\/wp-json\/wp\/v2\/media\/597"}],"wp:attachment":[{"href":"https:\/\/www2.uepg.br\/bacharelado-odontologia\/wp-json\/wp\/v2\/media?parent=525"}],"curies":[{"name":"wp","href":"https:\/\/api.w.org\/{rel}","templated":true}]}}