{"id":619,"date":"2024-08-03T21:17:31","date_gmt":"2024-08-04T00:17:31","guid":{"rendered":"https:\/\/www2.uepg.br\/bacharelado-odontologia\/?page_id=619"},"modified":"2024-08-06T08:43:12","modified_gmt":"2024-08-06T11:43:12","slug":"como-chegar","status":"publish","type":"page","link":"https:\/\/www2.uepg.br\/bacharelado-odontologia\/como-chegar\/","title":{"rendered":"Cl\u00ednicas Odontol\u00f3gicas da UEPG"},"content":{"rendered":"<div id=\"pl-619\" class=\"panel-layout\">\n<h1 id=\"pg-619-0\" class=\"panel-grid panel-no-style\" data-style=\"{&quot;background_image_attachment&quot;:false,&quot;background_display&quot;:&quot;tile&quot;,&quot;cell_alignment&quot;:&quot;flex-start&quot;}\" data-ratio=\"1\" data-ratio-direction=\"right\">Localiza\u00e7\u00e3o<\/h1>\n<p><span style=\"color: #000000;\">As cl\u00ednicas odontol\u00f3gicas est\u00e3o localizadas no Bloco M da Universidade Estadual de Ponta Grossa<\/span><\/p>\n<p>Av. General Carlos Cavalcanti &#8211; Uvaranas, Ponta Grossa &#8211; PR, 84030-000<\/p>\n<\/div>\n<p>&nbsp;<\/p>\n<p><iframe loading=\"lazy\" style=\"border: 0;\" src=\"https:\/\/www.google.com\/maps\/embed?pb=!1m18!1m12!1m3!1d3613.2082677401227!2d-50.105238824621495!3d-25.094810377776994!2m3!1f0!2f0!3f0!3m2!1i1024!2i768!4f13.1!3m3!1m2!1s0x94e81b2d65dbd837%3A0x4bfa06f49edbd1ff!2sUEPG%20-%20Bloco%20M!5e0!3m2!1spt-BR!2sbr!4v1722944535480!5m2!1spt-BR!2sbr\" width=\"600\" height=\"450\" allowfullscreen=\"allowfullscreen\"><\/iframe><\/p>\n","protected":false},"excerpt":{"rendered":"<p>Localiza\u00e7\u00e3o As cl\u00ednicas odontol\u00f3gicas est\u00e3o localizadas no Bloco M da Universidade Estadual de Ponta Grossa Av. General Carlos Cavalcanti &#8211; Uvaranas, Ponta Grossa &#8211; PR, 84030-000 &nbsp;<\/p>\n","protected":false},"author":755,"featured_media":635,"parent":0,"menu_order":0,"comment_status":"closed","ping_status":"closed","template":"","meta":[],"_links":{"self":[{"href":"https:\/\/www2.uepg.br\/bacharelado-odontologia\/wp-json\/wp\/v2\/pages\/619"}],"collection":[{"href":"https:\/\/www2.uepg.br\/bacharelado-odontologia\/wp-json\/wp\/v2\/pages"}],"about":[{"href":"https:\/\/www2.uepg.br\/bacharelado-odontologia\/wp-json\/wp\/v2\/types\/page"}],"author":[{"embeddable":true,"href":"https:\/\/www2.uepg.br\/bacharelado-odontologia\/wp-json\/wp\/v2\/users\/755"}],"replies":[{"embeddable":true,"href":"https:\/\/www2.uepg.br\/bacharelado-odontologia\/wp-json\/wp\/v2\/comments?post=619"}],"version-history":[{"count":14,"href":"https:\/\/www2.uepg.br\/bacharelado-odontologia\/wp-json\/wp\/v2\/pages\/619\/revisions"}],"predecessor-version":[{"id":670,"href":"https:\/\/www2.uepg.br\/bacharelado-odontologia\/wp-json\/wp\/v2\/pages\/619\/revisions\/670"}],"wp:featuredmedia":[{"embeddable":true,"href":"https:\/\/www2.uepg.br\/bacharelado-odontologia\/wp-json\/wp\/v2\/media\/635"}],"wp:attachment":[{"href":"https:\/\/www2.uepg.br\/bacharelado-odontologia\/wp-json\/wp\/v2\/media?parent=619"}],"curies":[{"name":"wp","href":"https:\/\/api.w.org\/{rel}","templated":true}]}}