{"id":159,"date":"2020-02-04T21:19:10","date_gmt":"2020-02-05T00:19:10","guid":{"rendered":"http:\/\/www2.uepg.br\/testes\/?page_id=159"},"modified":"2024-06-21T18:02:00","modified_gmt":"2024-06-21T21:02:00","slug":"extensao","status":"publish","type":"page","link":"https:\/\/www2.uepg.br\/bacharelado-servico-social\/extensao\/","title":{"rendered":"Extens\u00e3o"},"content":{"rendered":"<p style=\"text-align: left\">MULHERES NA ECONOMIA SOLID\u00c1RIA: PERSPECTIVAS DE EMPODERAMENTO NA CIDADE DE PONTA GROSSA E REGI\u00c3O<br \/>\nCoordenadora: Reidy Rolim de Moura<\/p>\n<div align=\"justify\">\n<p>N\u00daCLEO DE ASSIST\u00caNCIA SOCIAL, JUR\u00cdDICA E DE ESTUDOS SOBRE A PESSOA IDOSA<br \/>\nCoordenadora: Maria Iolanda de Oliveira<br \/>\nParticipante: Ros\u00e2ngela Bujokas Siqueira<\/p>\n<p>N\u00daCLEO DE ESTUDOS E DEFESA DOS DIREITOS DA INF\u00c2NCIA E JUVENTUDE \u2013 NEDDIJ<br \/>\nCoordenadora: Roseni In\u00eas Marconato Pinto<br \/>\nSupervisora: Luiza Bittencourt Krainski<\/p>\n<p>PROCESSOS MIGRAT\u00d3RIOS E INTERC\u00c2MBIO: INCLUS\u00c3O SOCIAL E DIVERSIDADE CULTURAL<br \/>\nCoordenadora: Lenir Ap\u00aa Mainardes da Silva<\/p>\n<p>PROGRAMA DE EXTENS\u00c3O AURORA \u2013 UEPG<br \/>\nCoordenadora : Ros\u00e2ngela Bujokas Siqueira<\/p>\n<p>PROGRAMA DE EXTENS\u00c3O: INCUBADORA DE EMPREENDIMENTOS SOLID\u00c1RIOS-IESOL<br \/>\nCoordenadora : Reidy Rolim de Moura<\/p>\n<p>PROGRAMA: N\u00daCLEO DE ESTUDOS, PESQUISA, EXTENS\u00c3O E ASSESSORIA SOBRE INF\u00c2NCIA E ADOLESCENTES \u2013 NEPIA<br \/>\nCoordenadora: Danuta Estrufika Cant\u00f3ia Luiz<\/p>\n<\/div>\n<p><em><strong><img loading=\"lazy\" class=\"wp-image-567 alignright\" src=\"http:\/\/www2.uepg.br\/bacharelado-servico-social\/wp-content\/uploads\/sites\/80\/2024\/06\/Informando-cidadao...-p-pag..jpg\" alt=\"\" width=\"194\" height=\"145\" \/><\/strong><\/em><\/p>\n<p>&nbsp;<\/p>\n<p>&nbsp;<\/p>\n<p>&nbsp;<\/p>\n<p>&nbsp;<\/p>\n<p>&nbsp;<\/p>\n","protected":false},"excerpt":{"rendered":"<p>MULHERES NA ECONOMIA SOLID\u00c1RIA: PERSPECTIVAS DE EMPODERAMENTO NA CIDADE DE PONTA GROSSA E REGI\u00c3O Coordenadora: Reidy Rolim de Moura N\u00daCLEO DE ASSIST\u00caNCIA SOCIAL, JUR\u00cdDICA E DE ESTUDOS SOBRE A PESSOA IDOSA Coordenadora: Maria Iolanda de Oliveira Participante: Ros\u00e2ngela Bujokas Siqueira N\u00daCLEO DE ESTUDOS E DEFESA DOS DIREITOS DA INF\u00c2NCIA E JUVENTUDE \u2013 NEDDIJ Coordenadora: Roseni&nbsp;&hellip;<\/p>\n","protected":false},"author":24,"featured_media":0,"parent":0,"menu_order":0,"comment_status":"closed","ping_status":"closed","template":"","meta":[],"_links":{"self":[{"href":"https:\/\/www2.uepg.br\/bacharelado-servico-social\/wp-json\/wp\/v2\/pages\/159"}],"collection":[{"href":"https:\/\/www2.uepg.br\/bacharelado-servico-social\/wp-json\/wp\/v2\/pages"}],"about":[{"href":"https:\/\/www2.uepg.br\/bacharelado-servico-social\/wp-json\/wp\/v2\/types\/page"}],"author":[{"embeddable":true,"href":"https:\/\/www2.uepg.br\/bacharelado-servico-social\/wp-json\/wp\/v2\/users\/24"}],"replies":[{"embeddable":true,"href":"https:\/\/www2.uepg.br\/bacharelado-servico-social\/wp-json\/wp\/v2\/comments?post=159"}],"version-history":[{"count":6,"href":"https:\/\/www2.uepg.br\/bacharelado-servico-social\/wp-json\/wp\/v2\/pages\/159\/revisions"}],"predecessor-version":[{"id":580,"href":"https:\/\/www2.uepg.br\/bacharelado-servico-social\/wp-json\/wp\/v2\/pages\/159\/revisions\/580"}],"wp:attachment":[{"href":"https:\/\/www2.uepg.br\/bacharelado-servico-social\/wp-json\/wp\/v2\/media?parent=159"}],"curies":[{"name":"wp","href":"https:\/\/api.w.org\/{rel}","templated":true}]}}