{"id":1170,"date":"2022-08-05T11:23:59","date_gmt":"2022-08-05T14:23:59","guid":{"rendered":"https:\/\/www2.uepg.br\/bicen\/?page_id=1170"},"modified":"2022-08-05T11:45:20","modified_gmt":"2022-08-05T14:45:20","slug":"saraiva-jur","status":"publish","type":"page","link":"https:\/\/www2.uepg.br\/bicen\/saraiva-jur\/","title":{"rendered":"Saraiva Jur"},"content":{"rendered":"<p style=\"text-align: left;\">A Biblioteca Central Professor Faris Michaele da Universidade Estadual de Ponta Grossa (Bicen-UEPG) agora conta com acervo digital de obras do Direito. Adquirido pela<br \/>\ninstitui\u00e7\u00e3o em janeiro deste ano, a Biblioteca Digital Saraiva Jur conta com mais de 2 mil t\u00edtulos de obras cl\u00e1ssicas, legislativas e doutrin\u00e1rias e est\u00e1 dispon\u00edvel para consulta de alunos e professores da UEPG.<\/p>\n<p style=\"text-align: left;\">A plataforma traz conte\u00fados das \u00e1reas acad\u00eamicas, empresariais, al\u00e9m de informa\u00e7\u00f5es sobre concursos e preparat\u00f3rios para a prova da OAB. \u201c\u00c9 uma plataforma com edi\u00e7\u00f5es sempre atualizadas de autores renomados, al\u00e9m de ser intuitiva, inovadora e com v\u00e1rias ferramentas para facilitar a leitura\u201d, ressalta a diretora da Bicen, Eunice Silva de Novais.<\/p>\n<ul>\n<li style=\"text-align: left;\">O Saraiva Jur oferece navega\u00e7\u00e3o facilitada nas obras por meio do pr\u00f3prio sum\u00e1rio dos e-books;<\/li>\n<li style=\"text-align: left;\">Referenciamento autom\u00e1tico de eventuais recortes da doutrina consultada;<\/li>\n<li style=\"text-align: left;\">Download da obra dentro da plataforma para acess\u00e1-la offline quando e de onde quiser; marca p\u00e1ginas para acesso posterior no menu especial;<\/li>\n<li style=\"text-align: left;\">Ferramentas de anota\u00e7\u00f5es e notas nas p\u00e1ginas;<\/li>\n<li style=\"text-align: left;\">Acesso ilimitado e simult\u00e2neo;<\/li>\n<li style=\"text-align: left;\">Possibilidade de acesso tanto pelo computador quanto por celulares e tablets.<\/li>\n<\/ul>\n<p style=\"text-align: left;\">Para conhecer o Saraiva Jur, alunos e professores devem enviar e-mail para <strong>bibliotecajur@uepg.br<\/strong> e solicitar cupom de acesso.<\/p>\n<p style=\"text-align: left;\">Seguem os tutoriais:<\/p>\n<p style=\"text-align: left;\"><a href=\"http:\/\/www2.uepg.br\/bicen\/wp-content\/uploads\/sites\/124\/2022\/08\/Tutorial-de-Acesso-Via-Cupom-Voucher-2.pdf\" target=\"_blank\" rel=\"noopener\">Tutorial de Acesso Via Cupom (Voucher)<\/a><\/p>\n<p style=\"text-align: left;\"><a href=\"http:\/\/www2.uepg.br\/bicen\/wp-content\/uploads\/sites\/124\/2022\/08\/Tutorial-de-Como-Favoritar-o-link-da-biblioteca-1.pdf\" target=\"_blank\" rel=\"noopener\">Tutorial de Como Favoritar o link da biblioteca<\/a><\/p>\n<p style=\"text-align: left;\"><a href=\"http:\/\/www2.uepg.br\/bicen\/wp-content\/uploads\/sites\/124\/2022\/08\/Tutorial-de-Uso-BDS-2.pdf\" target=\"_blank\" rel=\"noopener\">Tutorial de Uso BDS<\/a><\/p>\n<p><a href=\"https:\/\/bibliotecadigital.saraivaeducacao.com.br\/\" target=\"_blank\" rel=\"noopener\"><img loading=\"lazy\" class=\"alignleft\" src=\"https:\/\/www2.uepg.br\/bicen\/wp-content\/uploads\/sites\/124\/2022\/03\/Projeto_BIblioteca-removebg-preview-300x165.png\" alt=\"\" width=\"300\" height=\"165\" \/><\/a><\/p>\n","protected":false},"excerpt":{"rendered":"<p>A Biblioteca Central Professor Faris Michaele da Universidade Estadual de Ponta Grossa (Bicen-UEPG) agora conta com acervo digital de obras do Direito. Adquirido pela institui\u00e7\u00e3o em janeiro deste ano, a Biblioteca Digital Saraiva Jur conta com mais de 2 mil t\u00edtulos de obras cl\u00e1ssicas, legislativas e doutrin\u00e1rias e est\u00e1 dispon\u00edvel para consulta de alunos e&nbsp;&hellip;<\/p>\n","protected":false},"author":483,"featured_media":0,"parent":0,"menu_order":0,"comment_status":"closed","ping_status":"closed","template":"","meta":[],"_links":{"self":[{"href":"https:\/\/www2.uepg.br\/bicen\/wp-json\/wp\/v2\/pages\/1170"}],"collection":[{"href":"https:\/\/www2.uepg.br\/bicen\/wp-json\/wp\/v2\/pages"}],"about":[{"href":"https:\/\/www2.uepg.br\/bicen\/wp-json\/wp\/v2\/types\/page"}],"author":[{"embeddable":true,"href":"https:\/\/www2.uepg.br\/bicen\/wp-json\/wp\/v2\/users\/483"}],"replies":[{"embeddable":true,"href":"https:\/\/www2.uepg.br\/bicen\/wp-json\/wp\/v2\/comments?post=1170"}],"version-history":[{"count":8,"href":"https:\/\/www2.uepg.br\/bicen\/wp-json\/wp\/v2\/pages\/1170\/revisions"}],"predecessor-version":[{"id":1184,"href":"https:\/\/www2.uepg.br\/bicen\/wp-json\/wp\/v2\/pages\/1170\/revisions\/1184"}],"wp:attachment":[{"href":"https:\/\/www2.uepg.br\/bicen\/wp-json\/wp\/v2\/media?parent=1170"}],"curies":[{"name":"wp","href":"https:\/\/api.w.org\/{rel}","templated":true}]}}