{"id":124,"date":"2020-06-26T10:03:15","date_gmt":"2020-06-26T13:03:15","guid":{"rendered":"http:\/\/www2.uepg.br\/bicen\/?page_id=124"},"modified":"2020-06-26T11:12:28","modified_gmt":"2020-06-26T14:12:28","slug":"solicitacoes-e-sugestoes","status":"publish","type":"page","link":"https:\/\/www2.uepg.br\/bicen\/solicitacoes-e-sugestoes\/","title":{"rendered":"Solicita\u00e7\u00f5es e Sugest\u00f5es"},"content":{"rendered":"<div align=\"justify\">\n<div align=\"justify\"><span class=\"font-family:Arial; font-size:12pt;\" style=\"color: #333333;\">A BICEN receber\u00e1 novas solicita\u00e7\u00f5es de compra at\u00e9 o final de cada ano para aquisi\u00e7\u00e3o a ser realizada no ano seguinte. Para tanto o solicitante dever\u00e1 preencher o corretamente o formul\u00e1rio abaixo e envi\u00e1-lo obrigatoriamente por e-mail para o endere\u00e7o<span style=\"color: #3366ff;\">\u00a0<a style=\"color: #3366ff;\" href=\"mailto:assinaturas@uepg.br\"><u>assinaturas@uepg.br<\/u><\/a>.<\/span><\/span><\/div>\n<div align=\"justify\"><span class=\"font-family:Arial; font-size:12pt;\" style=\"color: #333333;\">\u00a0<\/span><\/div>\n<div align=\"justify\"><span class=\"font-family:Arial; font-size:12pt;\" style=\"color: #333333;\">A solicita\u00e7\u00e3o poder\u00e1 ser oficializada via protocolo por\u00e9m esse procedimento n\u00e3o exclu\u00ed o envio do formul\u00e1rio por e-mail. No processo dever\u00e3o constar os dados do e-mail enviado (data, hor\u00e1rio e remetente).<\/span><\/div>\n<div align=\"justify\"><span class=\"font-family:Arial; font-size:12pt;\" style=\"color: #333333;\">\u00a0<\/span><\/div>\n<div align=\"justify\"><span class=\"font-family:Arial; font-size:12pt;\" style=\"color: #333333;\">Caso o material bibliogr\u00e1fico a ser adquirido destine-se a posse alheia a biblioteca (n\u00e3o venha a integrar o acervo da BICEN), o pedido dever\u00e1 ser encaminhado a DIMAPA.<\/span><\/div>\n<div align=\"justify\"><span class=\"font-family:Arial; font-size:12pt;\" style=\"color: #333333;\">\u00a0<\/span><\/div>\n<div align=\"justify\"><span class=\"font-family:Arial; font-size:12pt;\" style=\"color: #333333;\">Sugest\u00f5es de aquisi\u00e7\u00e3o podem ser registradas via Pergamum a qualquer momento.<\/span><\/div>\n<div align=\"justify\"><span class=\"font-family:Arial; font-size:12pt;\" style=\"color: #333333;\">\u00a0<\/span><\/div>\n<div align=\"justify\"><span class=\"font-family:Arial; font-size:12pt;\" style=\"color: #333333;\">Informa\u00e7\u00f5es complementares poder\u00e3o ser solicitadas a qualquer momento atrav\u00e9s de e-mail (assinaturas@uepg.br) ou por telefone (3220-3333).<\/span><\/div>\n<div align=\"justify\"><\/div>\n<div align=\"justify\">\n<div><span style=\"color: #3366ff;\"><a style=\"color: #3366ff;\" href=\"http:\/\/www2.uepg.br\/bicen\/wp-content\/uploads\/sites\/124\/2020\/06\/Orienta\u00e7\u00f5es-para-solicita\u00e7\u00e3o-de-material-bibliografico-vers\u00e3o2019.pdf\" target=\"_blank\" rel=\"noopener noreferrer\">Orienta\u00e7\u00f5es para solicita\u00e7\u00e3o de material bibliografico \u2013 vers\u00e3o2019<\/a><\/span><\/div>\n<div><\/div>\n<div><span style=\"color: #3366ff;\"><a style=\"color: #3366ff;\" href=\"http:\/\/www2.uepg.br\/bicen\/wp-content\/uploads\/sites\/124\/2020\/06\/Formul\u00e1rio-Solicita\u00e7\u00e3o-de-Material-Bibliografico-vers\u00e3o2019.xlsx\" target=\"_blank\" rel=\"noopener noreferrer\">Formul\u00e1rio para solicita\u00e7\u00e3o de material bibliogr\u00e1fico \u2013 vers\u00e3o2019<\/a><\/span><\/div>\n<\/div>\n<\/div>\n","protected":false},"excerpt":{"rendered":"<p>A BICEN receber\u00e1 novas solicita\u00e7\u00f5es de compra at\u00e9 o final de cada ano para aquisi\u00e7\u00e3o a ser realizada no ano seguinte. Para tanto o solicitante dever\u00e1 preencher o corretamente o formul\u00e1rio abaixo e envi\u00e1-lo obrigatoriamente por e-mail para o endere\u00e7o\u00a0assinaturas@uepg.br. \u00a0 A solicita\u00e7\u00e3o poder\u00e1 ser oficializada via protocolo por\u00e9m esse procedimento n\u00e3o exclu\u00ed o envio&nbsp;&hellip;<\/p>\n","protected":false},"author":24,"featured_media":0,"parent":0,"menu_order":0,"comment_status":"closed","ping_status":"closed","template":"","meta":[],"_links":{"self":[{"href":"https:\/\/www2.uepg.br\/bicen\/wp-json\/wp\/v2\/pages\/124"}],"collection":[{"href":"https:\/\/www2.uepg.br\/bicen\/wp-json\/wp\/v2\/pages"}],"about":[{"href":"https:\/\/www2.uepg.br\/bicen\/wp-json\/wp\/v2\/types\/page"}],"author":[{"embeddable":true,"href":"https:\/\/www2.uepg.br\/bicen\/wp-json\/wp\/v2\/users\/24"}],"replies":[{"embeddable":true,"href":"https:\/\/www2.uepg.br\/bicen\/wp-json\/wp\/v2\/comments?post=124"}],"version-history":[{"count":2,"href":"https:\/\/www2.uepg.br\/bicen\/wp-json\/wp\/v2\/pages\/124\/revisions"}],"predecessor-version":[{"id":149,"href":"https:\/\/www2.uepg.br\/bicen\/wp-json\/wp\/v2\/pages\/124\/revisions\/149"}],"wp:attachment":[{"href":"https:\/\/www2.uepg.br\/bicen\/wp-json\/wp\/v2\/media?parent=124"}],"curies":[{"name":"wp","href":"https:\/\/api.w.org\/{rel}","templated":true}]}}