{"id":1245,"date":"2022-12-16T17:06:08","date_gmt":"2022-12-16T20:06:08","guid":{"rendered":"https:\/\/www2.uepg.br\/bicen\/?page_id=1245"},"modified":"2023-03-20T15:58:57","modified_gmt":"2023-03-20T18:58:57","slug":"declaracao-de-nada-consta","status":"publish","type":"page","link":"https:\/\/www2.uepg.br\/bicen\/declaracao-de-nada-consta\/","title":{"rendered":"Declara\u00e7\u00e3o de Nada Consta"},"content":{"rendered":"<p>A Declara\u00e7\u00e3o de Nada Consta poder\u00e1 ser emitida pelos alunos e servidores da UEPG por meio de acesso ao <a href=\"https:\/\/sistemas.uepg.br\/pergamum\/biblioteca_s\/php\/login_usu.php?flag=index.php\">Meu Pergamum<\/a>, desde que n\u00e3o tenham pend\u00eancias junto \u00e0 biblioteca.<\/p>\n<p>No Meu Pergamum, acesse a Declara\u00e7\u00e3o conforme figura abaixo.<\/p>\n<p><img loading=\"lazy\" class=\"alignnone wp-image-1250\" src=\"http:\/\/www2.uepg.br\/bicen\/wp-content\/uploads\/sites\/124\/2022\/12\/Imagem-Declaracao-de-Nada-Consta-300x202.png\" alt=\"\" width=\"310\" height=\"209\" srcset=\"https:\/\/www2.uepg.br\/bicen\/wp-content\/uploads\/sites\/124\/2022\/12\/Imagem-Declaracao-de-Nada-Consta-300x202.png 300w, https:\/\/www2.uepg.br\/bicen\/wp-content\/uploads\/sites\/124\/2022\/12\/Imagem-Declaracao-de-Nada-Consta-272x182.png 272w, https:\/\/www2.uepg.br\/bicen\/wp-content\/uploads\/sites\/124\/2022\/12\/Imagem-Declaracao-de-Nada-Consta.png 372w\" sizes=\"(max-width: 310px) 100vw, 310px\" \/><\/p>\n<p>Em caso de d\u00favidas, entre em contato com a biblioteca &#8211; <a href=\"mailto:agendaemprestimo@uepg.br\">agendaemprestimo@uepg.br<\/a><\/p>\n<p>&nbsp;<\/p>\n<p>&nbsp;<\/p>\n","protected":false},"excerpt":{"rendered":"<p>A Declara\u00e7\u00e3o de Nada Consta poder\u00e1 ser emitida pelos alunos e servidores da UEPG por meio de acesso ao Meu Pergamum, desde que n\u00e3o tenham pend\u00eancias junto \u00e0 biblioteca. No Meu Pergamum, acesse a Declara\u00e7\u00e3o conforme figura abaixo. Em caso de d\u00favidas, entre em contato com a biblioteca &#8211; agendaemprestimo@uepg.br &nbsp; &nbsp;<\/p>\n","protected":false},"author":582,"featured_media":0,"parent":0,"menu_order":0,"comment_status":"closed","ping_status":"closed","template":"","meta":[],"_links":{"self":[{"href":"https:\/\/www2.uepg.br\/bicen\/wp-json\/wp\/v2\/pages\/1245"}],"collection":[{"href":"https:\/\/www2.uepg.br\/bicen\/wp-json\/wp\/v2\/pages"}],"about":[{"href":"https:\/\/www2.uepg.br\/bicen\/wp-json\/wp\/v2\/types\/page"}],"author":[{"embeddable":true,"href":"https:\/\/www2.uepg.br\/bicen\/wp-json\/wp\/v2\/users\/582"}],"replies":[{"embeddable":true,"href":"https:\/\/www2.uepg.br\/bicen\/wp-json\/wp\/v2\/comments?post=1245"}],"version-history":[{"count":6,"href":"https:\/\/www2.uepg.br\/bicen\/wp-json\/wp\/v2\/pages\/1245\/revisions"}],"predecessor-version":[{"id":1288,"href":"https:\/\/www2.uepg.br\/bicen\/wp-json\/wp\/v2\/pages\/1245\/revisions\/1288"}],"wp:attachment":[{"href":"https:\/\/www2.uepg.br\/bicen\/wp-json\/wp\/v2\/media?parent=1245"}],"curies":[{"name":"wp","href":"https:\/\/api.w.org\/{rel}","templated":true}]}}