{"id":1280,"date":"2023-03-20T12:36:04","date_gmt":"2023-03-20T15:36:04","guid":{"rendered":"https:\/\/www2.uepg.br\/bicen\/?page_id=1280"},"modified":"2023-09-20T08:25:06","modified_gmt":"2023-09-20T11:25:06","slug":"videos-sobre-normalizacao","status":"publish","type":"page","link":"https:\/\/www2.uepg.br\/bicen\/videos-sobre-normalizacao\/","title":{"rendered":"V\u00eddeos sobre Normaliza\u00e7\u00e3o"},"content":{"rendered":"<p><strong>https:\/\/youtu.be\/bVv4V0IsoPA?list=PLQ0sK0y_SL2G2hCkGaWzKAnbbW3SG9v4Mhttps:\/\/www.youtube.com\/watch?v=bVv4V0IsoPA&amp;list=PLQ0sK0y_SL2G2hCkGaWzKAnbbW3SG9v4MEstes v\u00eddeos foram produzidos pela Biblioteca Central Professor Faris Michaele (Bicen-UEPG) em conjunto com o N\u00facleo de Tecnologia e Educa\u00e7\u00e3o Aberta e a Dist\u00e2ncia da UEPG (Nutead-UEPG) para auxiliar a comunidade acad\u00eamica com a formata\u00e7\u00e3o de textos cient\u00edficos.<\/strong><\/p>\n<h4><\/h4>\n<div class='embed-container'><iframe loading=\"lazy\" title=\"Orienta\u00e7\u00f5es de ABNT NBR 6023\" width=\"1778\" height=\"1000\" src=\"https:\/\/www.youtube.com\/embed\/bVv4V0IsoPA?list=PLQ0sK0y_SL2G2hCkGaWzKAnbbW3SG9v4M\" frameborder=\"0\" allow=\"accelerometer; autoplay; clipboard-write; encrypted-media; gyroscope; picture-in-picture; web-share\" allowfullscreen><\/iframe><\/div>\n<div class='embed-container'><iframe loading=\"lazy\" title=\"Orienta\u00e7\u00f5es de ABNT NBR 14724\" width=\"1778\" height=\"1000\" src=\"https:\/\/www.youtube.com\/embed\/RfHDLnR6fUM?list=PLQ0sK0y_SL2G2hCkGaWzKAnbbW3SG9v4M\" frameborder=\"0\" allow=\"accelerometer; autoplay; clipboard-write; encrypted-media; gyroscope; picture-in-picture; web-share\" allowfullscreen><\/iframe><\/div>\n<div class='embed-container'><iframe loading=\"lazy\" title=\"Formatac\u0327a\u0303o do texto ABNT\" width=\"1778\" height=\"1000\" src=\"https:\/\/www.youtube.com\/embed\/RJpFRkvAjkA?list=PLQ0sK0y_SL2G2hCkGaWzKAnbbW3SG9v4M\" frameborder=\"0\" allow=\"accelerometer; autoplay; clipboard-write; encrypted-media; gyroscope; picture-in-picture; web-share\" allowfullscreen><\/iframe><\/div>\n<div class='embed-container'><iframe loading=\"lazy\" title=\"Nu\u0301mero de pa\u0301ginas no Word ABNT\" width=\"1778\" height=\"1000\" src=\"https:\/\/www.youtube.com\/embed\/nmuiURNGWjc?list=PLQ0sK0y_SL2G2hCkGaWzKAnbbW3SG9v4M\" frameborder=\"0\" allow=\"accelerometer; autoplay; clipboard-write; encrypted-media; gyroscope; picture-in-picture; web-share\" allowfullscreen><\/iframe><\/div>\n<div class='embed-container'><iframe loading=\"lazy\" title=\"Suma\u0301rio automa\u0301tico ABNT\" width=\"1778\" height=\"1000\" src=\"https:\/\/www.youtube.com\/embed\/uZL2z58llq8?list=PLQ0sK0y_SL2G2hCkGaWzKAnbbW3SG9v4M\" frameborder=\"0\" allow=\"accelerometer; autoplay; clipboard-write; encrypted-media; gyroscope; picture-in-picture; web-share\" allowfullscreen><\/iframe><\/div>\n","protected":false},"excerpt":{"rendered":"<p>https:\/\/youtu.be\/bVv4V0IsoPA?list=PLQ0sK0y_SL2G2hCkGaWzKAnbbW3SG9v4Mhttps:\/\/www.youtube.com\/watch?v=bVv4V0IsoPA&amp;list=PLQ0sK0y_SL2G2hCkGaWzKAnbbW3SG9v4MEstes v\u00eddeos foram produzidos pela Biblioteca Central Professor Faris Michaele (Bicen-UEPG) em conjunto com o N\u00facleo de Tecnologia e Educa\u00e7\u00e3o Aberta e a Dist\u00e2ncia da UEPG (Nutead-UEPG) para auxiliar a comunidade acad\u00eamica com a formata\u00e7\u00e3o de textos cient\u00edficos.<\/p>\n","protected":false},"author":582,"featured_media":0,"parent":0,"menu_order":0,"comment_status":"closed","ping_status":"closed","template":"","meta":[],"_links":{"self":[{"href":"https:\/\/www2.uepg.br\/bicen\/wp-json\/wp\/v2\/pages\/1280"}],"collection":[{"href":"https:\/\/www2.uepg.br\/bicen\/wp-json\/wp\/v2\/pages"}],"about":[{"href":"https:\/\/www2.uepg.br\/bicen\/wp-json\/wp\/v2\/types\/page"}],"author":[{"embeddable":true,"href":"https:\/\/www2.uepg.br\/bicen\/wp-json\/wp\/v2\/users\/582"}],"replies":[{"embeddable":true,"href":"https:\/\/www2.uepg.br\/bicen\/wp-json\/wp\/v2\/comments?post=1280"}],"version-history":[{"count":7,"href":"https:\/\/www2.uepg.br\/bicen\/wp-json\/wp\/v2\/pages\/1280\/revisions"}],"predecessor-version":[{"id":1460,"href":"https:\/\/www2.uepg.br\/bicen\/wp-json\/wp\/v2\/pages\/1280\/revisions\/1460"}],"wp:attachment":[{"href":"https:\/\/www2.uepg.br\/bicen\/wp-json\/wp\/v2\/media?parent=1280"}],"curies":[{"name":"wp","href":"https:\/\/api.w.org\/{rel}","templated":true}]}}