{"id":129,"date":"2020-06-26T10:05:24","date_gmt":"2020-06-26T13:05:24","guid":{"rendered":"http:\/\/www2.uepg.br\/bicen\/?page_id=129"},"modified":"2020-06-26T10:05:24","modified_gmt":"2020-06-26T13:05:24","slug":"doacao-e-permuta","status":"publish","type":"page","link":"https:\/\/www2.uepg.br\/bicen\/doacao-e-permuta\/","title":{"rendered":"Doa\u00e7\u00e3o e Permuta"},"content":{"rendered":"<h4><strong>DOA\u00c7\u00c3O<\/strong><\/h4>\n<p align=\"justify\">A comunidade em geral poder\u00e1 colaborar com o Sistema de Bibliotecas da UEPG, doando material de informa\u00e7\u00e3o. Toda doa\u00e7\u00e3o recebida de livros ou peri\u00f3dicos ser\u00e1 analisada de acordo com os crit\u00e9rios\u00a0\u00a0estabelecidos na \u201cPol\u00edtica de Desenvolvimento de Cole\u00e7\u00f5es\u201d visando manter a qualidade do acervo. Ao entregar o material o doador preenche e assina um \u201c<a href=\"http:\/\/www3.uepg.br\/bicen\/wp-content\/uploads\/sites\/23\/2015\/03\/TermoDoa%C3%A7%C3%A3o.pdf\">Termo Doa\u00e7\u00e3o<\/a>\u201d com seus dados pessoais e de contato, estando ciente que s\u00f3 ser\u00e1 incorporado ao acervo material de interesse ao Sistema de Bibliotecas.<\/p>\n<p align=\"justify\">\n<h4 align=\"justify\"><strong>PERMUTA<\/strong><\/h4>\n<p align=\"justify\">A Universidade Estadual de Ponta Grossa edita v\u00e1rias publica\u00e7\u00f5es com as quais \u00e9 realizado o processo de permuta, isto \u00e9, interc\u00e2mbio com as publica\u00e7\u00f5es de outras institui\u00e7\u00f5es.<\/p>\n","protected":false},"excerpt":{"rendered":"<p>DOA\u00c7\u00c3O A comunidade em geral poder\u00e1 colaborar com o Sistema de Bibliotecas da UEPG, doando material de informa\u00e7\u00e3o. Toda doa\u00e7\u00e3o recebida de livros ou peri\u00f3dicos ser\u00e1 analisada de acordo com os crit\u00e9rios\u00a0\u00a0estabelecidos na \u201cPol\u00edtica de Desenvolvimento de Cole\u00e7\u00f5es\u201d visando manter a qualidade do acervo. Ao entregar o material o doador preenche e assina um \u201cTermo&nbsp;&hellip;<\/p>\n","protected":false},"author":24,"featured_media":0,"parent":0,"menu_order":0,"comment_status":"closed","ping_status":"closed","template":"","meta":[],"_links":{"self":[{"href":"https:\/\/www2.uepg.br\/bicen\/wp-json\/wp\/v2\/pages\/129"}],"collection":[{"href":"https:\/\/www2.uepg.br\/bicen\/wp-json\/wp\/v2\/pages"}],"about":[{"href":"https:\/\/www2.uepg.br\/bicen\/wp-json\/wp\/v2\/types\/page"}],"author":[{"embeddable":true,"href":"https:\/\/www2.uepg.br\/bicen\/wp-json\/wp\/v2\/users\/24"}],"replies":[{"embeddable":true,"href":"https:\/\/www2.uepg.br\/bicen\/wp-json\/wp\/v2\/comments?post=129"}],"version-history":[{"count":1,"href":"https:\/\/www2.uepg.br\/bicen\/wp-json\/wp\/v2\/pages\/129\/revisions"}],"predecessor-version":[{"id":130,"href":"https:\/\/www2.uepg.br\/bicen\/wp-json\/wp\/v2\/pages\/129\/revisions\/130"}],"wp:attachment":[{"href":"https:\/\/www2.uepg.br\/bicen\/wp-json\/wp\/v2\/media?parent=129"}],"curies":[{"name":"wp","href":"https:\/\/api.w.org\/{rel}","templated":true}]}}