{"id":131,"date":"2020-06-26T10:06:48","date_gmt":"2020-06-26T13:06:48","guid":{"rendered":"http:\/\/www2.uepg.br\/bicen\/?page_id=131"},"modified":"2020-06-26T10:06:48","modified_gmt":"2020-06-26T13:06:48","slug":"politica-de-desenvolvimento-de-colecoes","status":"publish","type":"page","link":"https:\/\/www2.uepg.br\/bicen\/politica-de-desenvolvimento-de-colecoes\/","title":{"rendered":"Pol\u00edtica de Desenvolvimento de Cole\u00e7\u00f5es"},"content":{"rendered":"<p style=\"text-align: center;\"><a href=\"http:\/\/www2.uepg.br\/bicen\/wp-content\/uploads\/sites\/124\/2020\/06\/Politica-de-Desenvolvimento-de-Cole\u00e7\u00f5es.pdf\" target=\"_blank\" rel=\"noopener noreferrer\">Politica de Desenvolvimento de Cole\u00e7\u00f5es<\/a><\/p>\n","protected":false},"excerpt":{"rendered":"<p>Politica de Desenvolvimento de Cole\u00e7\u00f5es<\/p>\n","protected":false},"author":24,"featured_media":0,"parent":0,"menu_order":0,"comment_status":"closed","ping_status":"closed","template":"","meta":[],"_links":{"self":[{"href":"https:\/\/www2.uepg.br\/bicen\/wp-json\/wp\/v2\/pages\/131"}],"collection":[{"href":"https:\/\/www2.uepg.br\/bicen\/wp-json\/wp\/v2\/pages"}],"about":[{"href":"https:\/\/www2.uepg.br\/bicen\/wp-json\/wp\/v2\/types\/page"}],"author":[{"embeddable":true,"href":"https:\/\/www2.uepg.br\/bicen\/wp-json\/wp\/v2\/users\/24"}],"replies":[{"embeddable":true,"href":"https:\/\/www2.uepg.br\/bicen\/wp-json\/wp\/v2\/comments?post=131"}],"version-history":[{"count":1,"href":"https:\/\/www2.uepg.br\/bicen\/wp-json\/wp\/v2\/pages\/131\/revisions"}],"predecessor-version":[{"id":133,"href":"https:\/\/www2.uepg.br\/bicen\/wp-json\/wp\/v2\/pages\/131\/revisions\/133"}],"wp:attachment":[{"href":"https:\/\/www2.uepg.br\/bicen\/wp-json\/wp\/v2\/media?parent=131"}],"curies":[{"name":"wp","href":"https:\/\/api.w.org\/{rel}","templated":true}]}}