{"id":319,"date":"2020-10-22T08:58:49","date_gmt":"2020-10-22T11:58:49","guid":{"rendered":"http:\/\/www2.uepg.br\/bicen\/?page_id=319"},"modified":"2021-02-18T09:12:11","modified_gmt":"2021-02-18T12:12:11","slug":"e-books-gratuitos","status":"publish","type":"page","link":"https:\/\/www2.uepg.br\/bicen\/e-books-gratuitos\/","title":{"rendered":"E-books Gratuitos"},"content":{"rendered":"<p style=\"text-align: left\"><a href=\"https:\/\/www.ufpi.br\/e-book-edufpi\">Editora da Universidade Federal do Piau\u00ed<\/a><\/p>\n<p style=\"text-align: left\"><a href=\"https:\/\/drive.google.com\/file\/d\/1DIA1NE_uyROyLR5PYJYCnCWB_ybJ8-Jr\/view\">E-books que tratam do tema Inclus\u00e3o e Acessibilidade<\/a><\/p>\n<p style=\"text-align: left\">\u00a0<a href=\"https:\/\/www.doabooks.org\/\">DOAB Directory of Open Acess Books<\/a><\/p>\n<p style=\"text-align: left\"><a href=\"http:\/\/www.livrosabertos.sibi.usp.br\/portaldelivrosUSP\/index\">Portal de livros abertos da USP<\/a><\/p>\n<p style=\"text-align: left\"><a href=\"https:\/\/bdor.sibi.ufrj.br\/\">Biblioteca Digital de Obras Raras da Universidade Federal do Rio de Janeiro<\/a><\/p>\n<p style=\"text-align: left\"><a href=\"http:\/\/www.funag.gov.br\/biblioteca\/\">E-books da Funda\u00e7\u00e3o Alexandre Gusm\u00e3o<\/a><\/p>\n<p><a href=\"https:\/\/openresearchlibrary.org\">Open Research Livrary<\/a><\/p>\n<p>&nbsp;<\/p>\n<p>&nbsp;<\/p>\n","protected":false},"excerpt":{"rendered":"<p>Editora da Universidade Federal do Piau\u00ed E-books que tratam do tema Inclus\u00e3o e Acessibilidade \u00a0DOAB Directory of Open Acess Books Portal de livros abertos da USP Biblioteca Digital de Obras Raras da Universidade Federal do Rio de Janeiro E-books da Funda\u00e7\u00e3o Alexandre Gusm\u00e3o Open Research Livrary &nbsp; &nbsp;<\/p>\n","protected":false},"author":24,"featured_media":0,"parent":0,"menu_order":0,"comment_status":"closed","ping_status":"closed","template":"","meta":[],"_links":{"self":[{"href":"https:\/\/www2.uepg.br\/bicen\/wp-json\/wp\/v2\/pages\/319"}],"collection":[{"href":"https:\/\/www2.uepg.br\/bicen\/wp-json\/wp\/v2\/pages"}],"about":[{"href":"https:\/\/www2.uepg.br\/bicen\/wp-json\/wp\/v2\/types\/page"}],"author":[{"embeddable":true,"href":"https:\/\/www2.uepg.br\/bicen\/wp-json\/wp\/v2\/users\/24"}],"replies":[{"embeddable":true,"href":"https:\/\/www2.uepg.br\/bicen\/wp-json\/wp\/v2\/comments?post=319"}],"version-history":[{"count":13,"href":"https:\/\/www2.uepg.br\/bicen\/wp-json\/wp\/v2\/pages\/319\/revisions"}],"predecessor-version":[{"id":365,"href":"https:\/\/www2.uepg.br\/bicen\/wp-json\/wp\/v2\/pages\/319\/revisions\/365"}],"wp:attachment":[{"href":"https:\/\/www2.uepg.br\/bicen\/wp-json\/wp\/v2\/media?parent=319"}],"curies":[{"name":"wp","href":"https:\/\/api.w.org\/{rel}","templated":true}]}}