{"id":56,"date":"2020-06-22T11:13:54","date_gmt":"2020-06-22T14:13:54","guid":{"rendered":"http:\/\/www2.uepg.br\/bicen\/?page_id=56"},"modified":"2020-06-22T11:13:54","modified_gmt":"2020-06-22T14:13:54","slug":"abreviaturas-de-periodicos","status":"publish","type":"page","link":"https:\/\/www2.uepg.br\/bicen\/abreviaturas-de-periodicos\/","title":{"rendered":"Abreviaturas de Peri\u00f3dicos"},"content":{"rendered":"<p style=\"text-align: center;\"><strong><a class=\"URL\" href=\"http:\/\/lcweb2.loc.gov\/hlas\/portugues\/revistas.html#retro\" target=\"_blank\" rel=\"noopener noreferrer\">Abreviaturas das Revistas<\/a><\/strong><\/p>\n<p style=\"text-align: center;\"><strong><a class=\"URL\" href=\"http:\/\/home.ncifcrf.gov\/research\/bja\/\" target=\"_blank\" rel=\"noopener noreferrer\">Biological Journals and Abbreviations<\/a><\/strong><\/p>\n<p style=\"text-align: center;\"><strong><a class=\"URL\" href=\"http:\/\/www.ncbi.nlm.nih.gov\/entrez\/query.fcgi?CMD=search&amp;DB=journals\" target=\"_blank\" rel=\"noopener noreferrer\">INDEX MEDICUS<\/a><\/strong><\/p>\n<p style=\"text-align: center;\"><strong><a class=\"URL\" href=\"http:\/\/www.public.iastate.edu\/~CYBERSTACKS\/JAS.htm#FoodScience\" target=\"_blank\" rel=\"noopener noreferrer\">JAS \u2013 Journal Abbreviation Sources<\/a><\/strong><\/p>\n<p style=\"text-align: center;\"><strong><a class=\"URL\" href=\"http:\/\/www.wsulibs.wsu.edu\/general\/journal_abbreviations.html\" target=\"_blank\" rel=\"noopener noreferrer\">Journal Title Abbreviations<\/a><\/strong><\/p>\n<p style=\"text-align: center;\"><strong><a class=\"URL\" href=\"http:\/\/www.library.ubc.ca\/scieng\/coden.html\" target=\"_blank\" rel=\"noopener noreferrer\">Journal Titles and Abbreviations \u2013 University of British Columbia<\/a><\/strong><\/p>\n<p style=\"text-align: center;\"><strong><a class=\"URL\" href=\"http:\/\/lqes.iqm.unicamp.br\/canal_cientifico\/lqes_responde\/lqes_responde_abreviaturas_periodicos.html\" target=\"_blank\" rel=\"noopener noreferrer\">Laborat\u00f3rio de Qu\u00edmica do Estado S\u00f3lido<\/a><\/strong><\/p>\n<p style=\"text-align: center;\"><strong><a class=\"URL\" href=\"http:\/\/www.pherobase.com\/database\/journal\/journal-index.php\" target=\"_blank\" rel=\"noopener noreferrer\">THE PHEROBASE \u2013 Database of Insect pheromones and Semiochemicals<\/a><\/strong><\/p>\n<p style=\"text-align: center;\">\n","protected":false},"excerpt":{"rendered":"<p>Abreviaturas das Revistas Biological Journals and Abbreviations INDEX MEDICUS JAS \u2013 Journal Abbreviation Sources Journal Title Abbreviations Journal Titles and Abbreviations \u2013 University of British Columbia Laborat\u00f3rio de Qu\u00edmica do Estado S\u00f3lido THE PHEROBASE \u2013 Database of Insect pheromones and Semiochemicals<\/p>\n","protected":false},"author":24,"featured_media":0,"parent":0,"menu_order":0,"comment_status":"closed","ping_status":"closed","template":"","meta":[],"_links":{"self":[{"href":"https:\/\/www2.uepg.br\/bicen\/wp-json\/wp\/v2\/pages\/56"}],"collection":[{"href":"https:\/\/www2.uepg.br\/bicen\/wp-json\/wp\/v2\/pages"}],"about":[{"href":"https:\/\/www2.uepg.br\/bicen\/wp-json\/wp\/v2\/types\/page"}],"author":[{"embeddable":true,"href":"https:\/\/www2.uepg.br\/bicen\/wp-json\/wp\/v2\/users\/24"}],"replies":[{"embeddable":true,"href":"https:\/\/www2.uepg.br\/bicen\/wp-json\/wp\/v2\/comments?post=56"}],"version-history":[{"count":1,"href":"https:\/\/www2.uepg.br\/bicen\/wp-json\/wp\/v2\/pages\/56\/revisions"}],"predecessor-version":[{"id":57,"href":"https:\/\/www2.uepg.br\/bicen\/wp-json\/wp\/v2\/pages\/56\/revisions\/57"}],"wp:attachment":[{"href":"https:\/\/www2.uepg.br\/bicen\/wp-json\/wp\/v2\/media?parent=56"}],"curies":[{"name":"wp","href":"https:\/\/api.w.org\/{rel}","templated":true}]}}