{"id":73,"date":"2020-06-25T11:18:36","date_gmt":"2020-06-25T14:18:36","guid":{"rendered":"http:\/\/www2.uepg.br\/bicen\/?page_id=73"},"modified":"2026-02-10T11:34:12","modified_gmt":"2026-02-10T14:34:12","slug":"ficha-catalografica","status":"publish","type":"page","link":"https:\/\/www2.uepg.br\/bicen\/ficha-catalografica\/","title":{"rendered":"Ficha Catalogr\u00e1fica"},"content":{"rendered":"<p>Para comunidade interna e externa elaborar sua ficha catalogr\u00e1fica, entrar no seguinte endere\u00e7o:\u00a0<a title=\"Protegido pelo Outlook: https:\/\/bicenficha.apps.uepg.br\/login. Clique ou toque para seguir o link.\" href=\"https:\/\/nam02.safelinks.protection.outlook.com\/?url=https%3A%2F%2Fbicenficha.apps.uepg.br%2Flogin&amp;data=02%7C01%7C%7C7deb9b102088460cbd5508d60756a24d%7C84df9e7fe9f640afb435aaaaaaaaaaaa%7C1%7C0%7C636704466942479183&amp;sdata=z0FuiPRwQ8xT65XL%2BajYkjtrIVp%2BTXmd38v%2F1KGZ8Oo%3D&amp;reserved=0\" target=\"_blank\" rel=\"noopener noreferrer\">https:\/\/bicenficha.apps.uepg.br\/login<\/a><\/p>\n<p><a href=\"http:\/\/www2.uepg.br\/bicen\/wp-content\/uploads\/sites\/124\/2020\/06\/ficha-1.jpg\"><img loading=\"lazy\" class=\"size-medium wp-image-75 aligncenter\" src=\"http:\/\/www2.uepg.br\/bicen\/wp-content\/uploads\/sites\/124\/2020\/06\/ficha-1-300x267.jpg\" alt=\"\" width=\"300\" height=\"267\" srcset=\"https:\/\/www2.uepg.br\/bicen\/wp-content\/uploads\/sites\/124\/2020\/06\/ficha-1-300x267.jpg 300w, https:\/\/www2.uepg.br\/bicen\/wp-content\/uploads\/sites\/124\/2020\/06\/ficha-1.jpg 340w\" sizes=\"(max-width: 300px) 100vw, 300px\" \/><\/a><\/p>\n<p>Para entrar no sistema, sendo pessoas com v\u00ednculo com a UEPG, usar a identifica\u00e7\u00e3o do e-mail (isto quer dizer sem o @uepg.br, ex. luizito@uepg.br, usar somente o luisito) e a senha \u00e9 a mesma do e-mail.<\/p>\n<p>Para pessoas que n\u00e3o possuem v\u00ednculo com a UEPG, na primeira vez deve se cadastrar e depois utilizar o sistema.<br \/>\n\u2013 Clicar no Cadastre-se<br \/>\n\u2013 Aparecer\u00e1 esta tela:<\/p>\n<p><a href=\"http:\/\/www2.uepg.br\/bicen\/wp-content\/uploads\/sites\/124\/2020\/06\/ficha-2.jpg\"><img loading=\"lazy\" class=\" wp-image-76 aligncenter\" src=\"http:\/\/www2.uepg.br\/bicen\/wp-content\/uploads\/sites\/124\/2020\/06\/ficha-2-300x125.jpg\" alt=\"\" width=\"396\" height=\"165\" srcset=\"https:\/\/www2.uepg.br\/bicen\/wp-content\/uploads\/sites\/124\/2020\/06\/ficha-2-300x125.jpg 300w, https:\/\/www2.uepg.br\/bicen\/wp-content\/uploads\/sites\/124\/2020\/06\/ficha-2.jpg 615w\" sizes=\"(max-width: 396px) 100vw, 396px\" \/><\/a><\/p>\n<p>A pessoa dever\u00e1 preencher os dados e clicar no cadastrar Usu\u00e1rio Externo, lembrando que o e-mail digitado tem que ser um e-mail v\u00e1lido e ser\u00e1 este e-mail que se digitar\u00e1 na tela do login, bem como a senha.<\/p>\n<p><span style=\"color: #ff0000\"><strong>Depois do cadastro do usu\u00e1rio externo ele deve voltar na tela do login e entrar no sistema.<\/strong><\/span><\/p>\n<p>Taxa de servi\u00e7o,\u00a0conforme Resolu\u00e7\u00e3o CA N\u00ba288 de 6 de agosto de 2012.<\/p>\n<p><a href=\"http:\/\/www2.uepg.br\/bicen\/wp-content\/uploads\/sites\/124\/2020\/06\/ficha_catalografica.png\"><img loading=\"lazy\" class=\" wp-image-74 aligncenter\" src=\"http:\/\/www2.uepg.br\/bicen\/wp-content\/uploads\/sites\/124\/2020\/06\/ficha_catalografica-300x32.png\" alt=\"\" width=\"366\" height=\"39\" srcset=\"https:\/\/www2.uepg.br\/bicen\/wp-content\/uploads\/sites\/124\/2020\/06\/ficha_catalografica-300x32.png 300w, https:\/\/www2.uepg.br\/bicen\/wp-content\/uploads\/sites\/124\/2020\/06\/ficha_catalografica.png 554w\" sizes=\"(max-width: 366px) 100vw, 366px\" \/><\/a><\/p>\n<p>O valor deve ser pago por dep\u00f3sito banc\u00e1rio no Banco Caixa Econ\u00f4mica Federal,\u00a0 Ag\u00eancia 3186 Opera\u00e7\u00e3o 1292 Conta n.\u00ba 577067143-9, em nome da\u00a0 FAUEPG\u00a0 CNPJ\u00a0 n\u00ba 08.574.460\/0001-35\u00a0 ou\u00a0 Chave Pix: 0a5714ca-2b68-492b-aa5a-7e0fb9ec66bc pelo Qr Code:<\/p>\n<p><img loading=\"lazy\" class=\"size-full wp-image-1556 aligncenter\" src=\"http:\/\/www2.uepg.br\/bicen\/wp-content\/uploads\/sites\/124\/2026\/02\/PIX-CAIXA.jpg\" alt=\"\" width=\"256\" height=\"225\" \/><\/p>\n<p>A Biblioteca n\u00e3o se responsabiliza por altera\u00e7\u00f5es posteriores \u00e0 entrega da ficha ao solicitante. No caso de altera\u00e7\u00f5es na capa, folha de rosto, n\u00famero de folhas ou no resumo, a solicita\u00e7\u00e3o deve ser refeita. As fichas elaboradas n\u00e3o ser\u00e3o arquivadas. Enviar as informa\u00e7\u00f5es e c\u00f3pia do comprovante do dep\u00f3sito, para libera\u00e7\u00e3o da ficha por \u2013email.<\/p>\n<p>Em caso de dificuldades em cadastro de e-mail e que sejam solicita\u00e7\u00f5es urgentes, por gentileza envie os dados para processostecnicos@uepg.br.<\/p>\n<p>Bibliotec\u00e1ria: Vera Lucia Braga da Silva<br \/>\nBiblioteca Central \u2013 Campus Uvaranas<br \/>\nTelefone: 3220-3383<br \/>\nE-mail: processostecnicos@uepg.br<\/p>\n","protected":false},"excerpt":{"rendered":"<p>Para comunidade interna e externa elaborar sua ficha catalogr\u00e1fica, entrar no seguinte endere\u00e7o:\u00a0https:\/\/bicenficha.apps.uepg.br\/login Para entrar no sistema, sendo pessoas com v\u00ednculo com a UEPG, usar a identifica\u00e7\u00e3o do e-mail (isto quer dizer sem o @uepg.br, ex. luizito@uepg.br, usar somente o luisito) e a senha \u00e9 a mesma do e-mail. Para pessoas que n\u00e3o possuem v\u00ednculo&nbsp;&hellip;<\/p>\n","protected":false},"author":24,"featured_media":0,"parent":0,"menu_order":0,"comment_status":"closed","ping_status":"closed","template":"","meta":[],"_links":{"self":[{"href":"https:\/\/www2.uepg.br\/bicen\/wp-json\/wp\/v2\/pages\/73"}],"collection":[{"href":"https:\/\/www2.uepg.br\/bicen\/wp-json\/wp\/v2\/pages"}],"about":[{"href":"https:\/\/www2.uepg.br\/bicen\/wp-json\/wp\/v2\/types\/page"}],"author":[{"embeddable":true,"href":"https:\/\/www2.uepg.br\/bicen\/wp-json\/wp\/v2\/users\/24"}],"replies":[{"embeddable":true,"href":"https:\/\/www2.uepg.br\/bicen\/wp-json\/wp\/v2\/comments?post=73"}],"version-history":[{"count":12,"href":"https:\/\/www2.uepg.br\/bicen\/wp-json\/wp\/v2\/pages\/73\/revisions"}],"predecessor-version":[{"id":554,"href":"https:\/\/www2.uepg.br\/bicen\/wp-json\/wp\/v2\/pages\/73\/revisions\/554"}],"wp:attachment":[{"href":"https:\/\/www2.uepg.br\/bicen\/wp-json\/wp\/v2\/media?parent=73"}],"curies":[{"name":"wp","href":"https:\/\/api.w.org\/{rel}","templated":true}]}}