{"id":80,"date":"2020-06-25T11:22:16","date_gmt":"2020-06-25T14:22:16","guid":{"rendered":"http:\/\/www2.uepg.br\/bicen\/?page_id=80"},"modified":"2020-06-25T11:22:16","modified_gmt":"2020-06-25T14:22:16","slug":"comutacao-bibliografica","status":"publish","type":"page","link":"https:\/\/www2.uepg.br\/bicen\/comutacao-bibliografica\/","title":{"rendered":"Comuta\u00e7\u00e3o Bibliogr\u00e1fica"},"content":{"rendered":"<p>Obt\u00e9m c\u00f3pias de artigos de peri\u00f3dicos, teses, disserta\u00e7\u00f5es, monografias, anais \/proceedings \/ confer\u00eancias, relat\u00f3rios, publica\u00e7\u00f5es oficiais e cap\u00edtulos de livros, n\u00e3o localizados nas\u00a0Bibliotecas da UEPG\u00a0e no\u00a0<a href=\"http:\/\/www.periodicos.capes.gov.br\/\" target=\"_blank\" rel=\"noopener noreferrer\">Portal de Peri\u00f3dicos da Capes<\/a>,\u00a0existentes nas bibliotecas brasileiras e no exterior.<\/p>\n<p>Para ter acesso a este servi\u00e7o entre em contato com a Biblioteca (3220-3036) ou atrav\u00e9s do\u00a0 e-mail: <a href=\"mailto:comut.bicen@uepg.br\">comut.bicen@uepg.br<\/a><br \/>\nTaxa de Servi\u00e7o<\/p>\n<p><a href=\"http:\/\/www2.uepg.br\/bicen\/wp-content\/uploads\/sites\/124\/2020\/06\/Comutacao_azul.png\"><img loading=\"lazy\" class=\" wp-image-81 alignleft\" src=\"http:\/\/www2.uepg.br\/bicen\/wp-content\/uploads\/sites\/124\/2020\/06\/Comutacao_azul-300x109.png\" alt=\"\" width=\"317\" height=\"115\" srcset=\"https:\/\/www2.uepg.br\/bicen\/wp-content\/uploads\/sites\/124\/2020\/06\/Comutacao_azul-300x109.png 300w, https:\/\/www2.uepg.br\/bicen\/wp-content\/uploads\/sites\/124\/2020\/06\/Comutacao_azul.png 589w\" sizes=\"(max-width: 317px) 100vw, 317px\" \/><\/a><\/p>\n","protected":false},"excerpt":{"rendered":"<p>Obt\u00e9m c\u00f3pias de artigos de peri\u00f3dicos, teses, disserta\u00e7\u00f5es, monografias, anais \/proceedings \/ confer\u00eancias, relat\u00f3rios, publica\u00e7\u00f5es oficiais e cap\u00edtulos de livros, n\u00e3o localizados nas\u00a0Bibliotecas da UEPG\u00a0e no\u00a0Portal de Peri\u00f3dicos da Capes,\u00a0existentes nas bibliotecas brasileiras e no exterior. Para ter acesso a este servi\u00e7o entre em contato com a Biblioteca (3220-3036) ou atrav\u00e9s do\u00a0 e-mail: comut.bicen@uepg.br Taxa&nbsp;&hellip;<\/p>\n","protected":false},"author":24,"featured_media":0,"parent":0,"menu_order":0,"comment_status":"closed","ping_status":"closed","template":"","meta":[],"_links":{"self":[{"href":"https:\/\/www2.uepg.br\/bicen\/wp-json\/wp\/v2\/pages\/80"}],"collection":[{"href":"https:\/\/www2.uepg.br\/bicen\/wp-json\/wp\/v2\/pages"}],"about":[{"href":"https:\/\/www2.uepg.br\/bicen\/wp-json\/wp\/v2\/types\/page"}],"author":[{"embeddable":true,"href":"https:\/\/www2.uepg.br\/bicen\/wp-json\/wp\/v2\/users\/24"}],"replies":[{"embeddable":true,"href":"https:\/\/www2.uepg.br\/bicen\/wp-json\/wp\/v2\/comments?post=80"}],"version-history":[{"count":1,"href":"https:\/\/www2.uepg.br\/bicen\/wp-json\/wp\/v2\/pages\/80\/revisions"}],"predecessor-version":[{"id":82,"href":"https:\/\/www2.uepg.br\/bicen\/wp-json\/wp\/v2\/pages\/80\/revisions\/82"}],"wp:attachment":[{"href":"https:\/\/www2.uepg.br\/bicen\/wp-json\/wp\/v2\/media?parent=80"}],"curies":[{"name":"wp","href":"https:\/\/api.w.org\/{rel}","templated":true}]}}