{"id":827,"date":"2022-02-08T08:33:38","date_gmt":"2022-02-08T11:33:38","guid":{"rendered":"https:\/\/www2.uepg.br\/bicen\/?page_id=827"},"modified":"2022-02-08T08:51:07","modified_gmt":"2022-02-08T11:51:07","slug":"minha-biblioteca","status":"publish","type":"page","link":"https:\/\/www2.uepg.br\/bicen\/minha-biblioteca\/","title":{"rendered":"Minha Biblioteca"},"content":{"rendered":"<div id=\"pl-827\"  class=\"panel-layout\" ><div id=\"pg-827-0\"  class=\"panel-grid panel-no-style\" ><div id=\"pgc-827-0-0\"  class=\"panel-grid-cell\" ><div id=\"panel-827-0-0-0\" class=\"so-panel widget widget_sow-image panel-first-child panel-last-child\" data-index=\"0\" ><div\n\t\t\t\n\t\t\tclass=\"so-widget-sow-image so-widget-sow-image-default-6b88c04c1f9b-827\"\n\t\t\t\n\t\t>\n\n<div class=\"sow-image-container\">\n\t\t<img src=\"https:\/\/www2.uepg.br\/bicen\/wp-content\/uploads\/sites\/124\/2022\/02\/logo_MB_PRINCIPAL-300x151.png\" width=\"300\" height=\"151\" srcset=\"https:\/\/www2.uepg.br\/bicen\/wp-content\/uploads\/sites\/124\/2022\/02\/logo_MB_PRINCIPAL-300x151.png 300w, https:\/\/www2.uepg.br\/bicen\/wp-content\/uploads\/sites\/124\/2022\/02\/logo_MB_PRINCIPAL-1024x514.png 1024w, https:\/\/www2.uepg.br\/bicen\/wp-content\/uploads\/sites\/124\/2022\/02\/logo_MB_PRINCIPAL-768x386.png 768w, https:\/\/www2.uepg.br\/bicen\/wp-content\/uploads\/sites\/124\/2022\/02\/logo_MB_PRINCIPAL-1536x771.png 1536w, https:\/\/www2.uepg.br\/bicen\/wp-content\/uploads\/sites\/124\/2022\/02\/logo_MB_PRINCIPAL-1232x618.png 1232w, https:\/\/www2.uepg.br\/bicen\/wp-content\/uploads\/sites\/124\/2022\/02\/logo_MB_PRINCIPAL.png 1773w\" sizes=\"(max-width: 300px) 100vw, 300px\" alt=\"\" loading=\"lazy\" \t\tclass=\"so-widget-image\"\/>\n\t<\/div>\n\n<\/div><\/div><\/div><div id=\"pgc-827-0-1\"  class=\"panel-grid-cell\" ><div id=\"panel-827-0-1-0\" class=\"so-panel widget widget_sow-image panel-first-child panel-last-child\" data-index=\"1\" ><div\n\t\t\t\n\t\t\tclass=\"so-widget-sow-image so-widget-sow-image-default-6b88c04c1f9b-827\"\n\t\t\t\n\t\t>\n\n<div class=\"sow-image-container\">\n\t\t<img src=\"https:\/\/www2.uepg.br\/bicen\/wp-content\/uploads\/sites\/124\/2020\/04\/logo-uepg-2018.png\" width=\"292\" height=\"70\" sizes=\"(max-width: 292px) 100vw, 292px\" alt=\"\" loading=\"lazy\" \t\tclass=\"so-widget-image\"\/>\n\t<\/div>\n\n<\/div><\/div><\/div><\/div><div id=\"pg-827-1\"  class=\"panel-grid panel-has-style\" ><div class=\"panel-row-style panel-row-style-for-827-1\" ><div id=\"pgc-827-1-0\"  class=\"panel-grid-cell\" ><div id=\"panel-827-1-0-0\" class=\"so-panel widget widget_sow-editor panel-first-child panel-last-child\" data-index=\"2\" ><div\n\t\t\t\n\t\t\tclass=\"so-widget-sow-editor so-widget-sow-editor-base\"\n\t\t\t\n\t\t>\n<div class=\"siteorigin-widget-tinymce textwidget\">\n\t<p style=\"text-align: center;\"><strong>MINHA BIBLIOTECA PLATAFORMA DIGITAL DE LIVROS<\/strong><\/p>\n<p style=\"text-align: justify;\">\u2003\u2003\u2003A Biblioteca j\u00e1 est\u00e1 disponibilizando para a comunidade acad\u00eamica da UEPG a plataforma digital de e-books da Minha Biblioteca com acesso a mais de 12.000 mil t\u00edtulos em portugu\u00eas de todas as \u00e1reas do conhecimento.<\/p>\n<p style=\"text-align: justify;\">\u2003\u2003\u2003O cat\u00e1logo \u00e9 formado por 15 editoras acad\u00eamicas do Brasil e 38 selos editoriais. O acesso aos t\u00edtulos \u00e9 r\u00e1pido, f\u00e1cil e simult\u00e2neo atrav\u00e9s de qualquer dispositivo m\u00f3vel a plataforma pode ser usada na modalidade online e offline.<\/p>\n<p style=\"text-align: justify;\">\u2003\u2003\u2003A UEPG conta com uma cobertura de aproximadamente 66,28% da Bibliografia b\u00e1sica dos cursos da UEPG, esses dados foram apresentados pela Minha Biblioteca e foram fornecidos pelo MEC.<\/p>\n<p style=\"text-align: justify;\">\u2003\u2003\u2003Essa conquista \u00e9 resultado de um trabalho desenvolvido entre as sete Universidades Paranaense a\u00e7\u00e3o in\u00e9dita na Regi\u00e3o Sul, iniciativa dos bibliotec\u00e1rios, reitores com apoio da Superintend\u00eancia Geral de Ci\u00eancia, Tecnologia e Ensino Superior e Funda\u00e7\u00e3o Arauc\u00e1ria.<\/p>\n<p style=\"text-align: justify;\">\u2003\u2003\u2003Foram concedidas a UEPG 3.900 licen\u00e7as por um per\u00edodo inicial de 24 meses, a partir de 01 de fevereiro de 2022.<\/p>\n<p style=\"text-align: justify;\">\u2003\u2003\u2003Os interessados devem realizar o cadastro na Plataforma, acessar o link e preencher corretamente o formul\u00e1rio.<\/p>\n<\/div>\n<\/div><\/div><\/div><\/div><\/div><div id=\"pg-827-2\"  class=\"panel-grid panel-no-style\" ><div id=\"pgc-827-2-0\"  class=\"panel-grid-cell\" ><div id=\"panel-827-2-0-0\" class=\"so-panel widget widget_sow-editor panel-first-child panel-last-child\" data-index=\"3\" ><div\n\t\t\t\n\t\t\tclass=\"so-widget-sow-editor so-widget-sow-editor-base\"\n\t\t\t\n\t\t>\n<div class=\"siteorigin-widget-tinymce textwidget\">\n\t<p><a href=\"https:\/\/forms.gle\/Vkmy9G1PEFdvSrCE7\">https:\/\/forms.gle\/Vkmy9G1PEFdvSrCE7<\/a><\/p>\n<p>&nbsp;<\/p>\n<\/div>\n<\/div><\/div><\/div><div id=\"pgc-827-2-1\"  class=\"panel-grid-cell\" ><div id=\"panel-827-2-1-0\" class=\"so-panel widget widget_sow-editor panel-first-child panel-last-child\" data-index=\"4\" ><div\n\t\t\t\n\t\t\tclass=\"so-widget-sow-editor so-widget-sow-editor-base\"\n\t\t\t\n\t\t>\n<div class=\"siteorigin-widget-tinymce textwidget\">\n\t<p><a href=\"https:\/\/dliportal.zbra.com.br\/Login.aspx?key=UEPG\" target=\"_blank\" rel=\"noopener\">Link de Acesso da Minha Biblioteca<\/a><\/p>\n<\/div>\n<\/div><\/div><\/div><\/div><div id=\"pg-827-3\"  class=\"panel-grid panel-no-style\" ><div id=\"pgc-827-3-0\"  class=\"panel-grid-cell\" ><div id=\"panel-827-3-0-0\" class=\"so-panel widget widget_sow-accordion panel-first-child panel-last-child\" data-index=\"5\" ><div\n\t\t\t\n\t\t\tclass=\"so-widget-sow-accordion so-widget-sow-accordion-default-99be652ed941-827\"\n\t\t\t\n\t\t><h3 class=\"widget-title\">Tutoriais:<\/h3><div>\n\t<div class=\"sow-accordion\">\n\t\t<\/div>\n<\/div>\n<\/div><\/div><\/div><\/div><\/div>","protected":false},"excerpt":{"rendered":"<p>MINHA BIBLIOTECA PLATAFORMA DIGITAL DE LIVROS \u2003\u2003\u2003A Biblioteca j\u00e1 est\u00e1 disponibilizando para a comunidade acad\u00eamica da UEPG a plataforma digital de e-books da Minha Biblioteca com acesso a mais de 12.000 mil t\u00edtulos em portugu\u00eas de todas as \u00e1reas do conhecimento. \u2003\u2003\u2003O cat\u00e1logo \u00e9 formado por 15 editoras acad\u00eamicas do Brasil e 38 selos editoriais.&nbsp;&hellip;<\/p>\n","protected":false},"author":420,"featured_media":0,"parent":0,"menu_order":0,"comment_status":"closed","ping_status":"closed","template":"","meta":[],"_links":{"self":[{"href":"https:\/\/www2.uepg.br\/bicen\/wp-json\/wp\/v2\/pages\/827"}],"collection":[{"href":"https:\/\/www2.uepg.br\/bicen\/wp-json\/wp\/v2\/pages"}],"about":[{"href":"https:\/\/www2.uepg.br\/bicen\/wp-json\/wp\/v2\/types\/page"}],"author":[{"embeddable":true,"href":"https:\/\/www2.uepg.br\/bicen\/wp-json\/wp\/v2\/users\/420"}],"replies":[{"embeddable":true,"href":"https:\/\/www2.uepg.br\/bicen\/wp-json\/wp\/v2\/comments?post=827"}],"version-history":[{"count":17,"href":"https:\/\/www2.uepg.br\/bicen\/wp-json\/wp\/v2\/pages\/827\/revisions"}],"predecessor-version":[{"id":1321,"href":"https:\/\/www2.uepg.br\/bicen\/wp-json\/wp\/v2\/pages\/827\/revisions\/1321"}],"wp:attachment":[{"href":"https:\/\/www2.uepg.br\/bicen\/wp-json\/wp\/v2\/media?parent=827"}],"curies":[{"name":"wp","href":"https:\/\/api.w.org\/{rel}","templated":true}]}}