{"id":88,"date":"2020-06-25T11:25:55","date_gmt":"2020-06-25T14:25:55","guid":{"rendered":"http:\/\/www2.uepg.br\/bicen\/?page_id=88"},"modified":"2020-06-25T11:25:55","modified_gmt":"2020-06-25T14:25:55","slug":"servico-de-referencia","status":"publish","type":"page","link":"https:\/\/www2.uepg.br\/bicen\/servico-de-referencia\/","title":{"rendered":"Servi\u00e7o de Refer\u00eancia"},"content":{"rendered":"<p>Oferece ao usu\u00e1rio assist\u00eancia e instru\u00e7\u00e3o no uso da biblioteca: cat\u00e1logos on-line, localiza\u00e7\u00e3o de materiais no acervo e informa\u00e7\u00f5es gerais e espec\u00edficas na busca da informa\u00e7\u00e3o.<\/p>\n<p>Para ter acesso a este servi\u00e7o entre em contato com a Biblioteca (3220-3036) ou atrav\u00e9s do e-mail: comut.bicen@uepg.br.<\/p>\n","protected":false},"excerpt":{"rendered":"<p>Oferece ao usu\u00e1rio assist\u00eancia e instru\u00e7\u00e3o no uso da biblioteca: cat\u00e1logos on-line, localiza\u00e7\u00e3o de materiais no acervo e informa\u00e7\u00f5es gerais e espec\u00edficas na busca da informa\u00e7\u00e3o. Para ter acesso a este servi\u00e7o entre em contato com a Biblioteca (3220-3036) ou atrav\u00e9s do e-mail: comut.bicen@uepg.br.<\/p>\n","protected":false},"author":24,"featured_media":0,"parent":0,"menu_order":0,"comment_status":"closed","ping_status":"closed","template":"","meta":[],"_links":{"self":[{"href":"https:\/\/www2.uepg.br\/bicen\/wp-json\/wp\/v2\/pages\/88"}],"collection":[{"href":"https:\/\/www2.uepg.br\/bicen\/wp-json\/wp\/v2\/pages"}],"about":[{"href":"https:\/\/www2.uepg.br\/bicen\/wp-json\/wp\/v2\/types\/page"}],"author":[{"embeddable":true,"href":"https:\/\/www2.uepg.br\/bicen\/wp-json\/wp\/v2\/users\/24"}],"replies":[{"embeddable":true,"href":"https:\/\/www2.uepg.br\/bicen\/wp-json\/wp\/v2\/comments?post=88"}],"version-history":[{"count":1,"href":"https:\/\/www2.uepg.br\/bicen\/wp-json\/wp\/v2\/pages\/88\/revisions"}],"predecessor-version":[{"id":89,"href":"https:\/\/www2.uepg.br\/bicen\/wp-json\/wp\/v2\/pages\/88\/revisions\/89"}],"wp:attachment":[{"href":"https:\/\/www2.uepg.br\/bicen\/wp-json\/wp\/v2\/media?parent=88"}],"curies":[{"name":"wp","href":"https:\/\/api.w.org\/{rel}","templated":true}]}}