{"id":90,"date":"2020-06-25T11:26:57","date_gmt":"2020-06-25T14:26:57","guid":{"rendered":"http:\/\/www2.uepg.br\/bicen\/?page_id=90"},"modified":"2020-06-25T11:26:57","modified_gmt":"2020-06-25T14:26:57","slug":"levantamento-bibliografico","status":"publish","type":"page","link":"https:\/\/www2.uepg.br\/bicen\/levantamento-bibliografico\/","title":{"rendered":"Levantamento Bibliogr\u00e1fico"},"content":{"rendered":"<p>Elabora levantamentos bibliogr\u00e1ficos sobre temas especializados em bases de dados nacionais e internacionais, mediante solicita\u00e7\u00e3o do usu\u00e1rio.<\/p>\n<p>Para ter acesso a este servi\u00e7o entre em contato com a Biblioteca (3220-3036) ou atrav\u00e9s do\u00a0 e-mail: comut.bicen@uepg.br.<\/p>\n<p><strong>Taxa de Servi\u00e7o<\/strong><\/p>\n<p><a href=\"http:\/\/www2.uepg.br\/bicen\/wp-content\/uploads\/sites\/124\/2020\/06\/levantamento.png\"><img loading=\"lazy\" class=\"size-medium wp-image-91 alignleft\" src=\"http:\/\/www2.uepg.br\/bicen\/wp-content\/uploads\/sites\/124\/2020\/06\/levantamento-300x62.png\" alt=\"\" width=\"300\" height=\"62\" srcset=\"https:\/\/www2.uepg.br\/bicen\/wp-content\/uploads\/sites\/124\/2020\/06\/levantamento-300x62.png 300w, https:\/\/www2.uepg.br\/bicen\/wp-content\/uploads\/sites\/124\/2020\/06\/levantamento.png 538w\" sizes=\"(max-width: 300px) 100vw, 300px\" \/><\/a><\/p>\n","protected":false},"excerpt":{"rendered":"<p>Elabora levantamentos bibliogr\u00e1ficos sobre temas especializados em bases de dados nacionais e internacionais, mediante solicita\u00e7\u00e3o do usu\u00e1rio. Para ter acesso a este servi\u00e7o entre em contato com a Biblioteca (3220-3036) ou atrav\u00e9s do\u00a0 e-mail: comut.bicen@uepg.br. Taxa de Servi\u00e7o<\/p>\n","protected":false},"author":24,"featured_media":0,"parent":0,"menu_order":0,"comment_status":"closed","ping_status":"closed","template":"","meta":[],"_links":{"self":[{"href":"https:\/\/www2.uepg.br\/bicen\/wp-json\/wp\/v2\/pages\/90"}],"collection":[{"href":"https:\/\/www2.uepg.br\/bicen\/wp-json\/wp\/v2\/pages"}],"about":[{"href":"https:\/\/www2.uepg.br\/bicen\/wp-json\/wp\/v2\/types\/page"}],"author":[{"embeddable":true,"href":"https:\/\/www2.uepg.br\/bicen\/wp-json\/wp\/v2\/users\/24"}],"replies":[{"embeddable":true,"href":"https:\/\/www2.uepg.br\/bicen\/wp-json\/wp\/v2\/comments?post=90"}],"version-history":[{"count":1,"href":"https:\/\/www2.uepg.br\/bicen\/wp-json\/wp\/v2\/pages\/90\/revisions"}],"predecessor-version":[{"id":92,"href":"https:\/\/www2.uepg.br\/bicen\/wp-json\/wp\/v2\/pages\/90\/revisions\/92"}],"wp:attachment":[{"href":"https:\/\/www2.uepg.br\/bicen\/wp-json\/wp\/v2\/media?parent=90"}],"curies":[{"name":"wp","href":"https:\/\/api.w.org\/{rel}","templated":true}]}}