{"id":96,"date":"2020-06-25T11:30:51","date_gmt":"2020-06-25T14:30:51","guid":{"rendered":"http:\/\/www2.uepg.br\/bicen\/?page_id=96"},"modified":"2023-02-24T08:32:13","modified_gmt":"2023-02-24T11:32:13","slug":"oficinas-de-orientacao-bibliografica","status":"publish","type":"page","link":"https:\/\/www2.uepg.br\/bicen\/oficinas-de-orientacao-bibliografica\/","title":{"rendered":"Oficinas de Orienta\u00e7\u00e3o Bibliogr\u00e1fica"},"content":{"rendered":"<p>Oferece \u00e0 comunidade universit\u00e1ria, como curso de extens\u00e3o, oficinas com o objetivo de divulgar e orientar no uso das normas e padr\u00f5es de documenta\u00e7\u00e3o segundo a ABNT.<\/p>\n<p>Para ter acesso a este servi\u00e7o entre em contato com a Biblioteca (3220-3036) ou atrav\u00e9s do e-mail: bicen@uepg.br.<\/p>\n<p>V\u00eddeos de normaliza\u00e7\u00e3o bibliogr\u00e1fica:<\/p>\n<p><a href=\"https:\/\/www.youtube.com\/@OficialUEPG\/videos\">https:\/\/www.youtube.com\/@OficialUEPG\/videos<\/a><\/p>\n","protected":false},"excerpt":{"rendered":"<p>Oferece \u00e0 comunidade universit\u00e1ria, como curso de extens\u00e3o, oficinas com o objetivo de divulgar e orientar no uso das normas e padr\u00f5es de documenta\u00e7\u00e3o segundo a ABNT. Para ter acesso a este servi\u00e7o entre em contato com a Biblioteca (3220-3036) ou atrav\u00e9s do e-mail: bicen@uepg.br. V\u00eddeos de normaliza\u00e7\u00e3o bibliogr\u00e1fica: https:\/\/www.youtube.com\/@OficialUEPG\/videos<\/p>\n","protected":false},"author":24,"featured_media":0,"parent":0,"menu_order":0,"comment_status":"closed","ping_status":"closed","template":"","meta":[],"_links":{"self":[{"href":"https:\/\/www2.uepg.br\/bicen\/wp-json\/wp\/v2\/pages\/96"}],"collection":[{"href":"https:\/\/www2.uepg.br\/bicen\/wp-json\/wp\/v2\/pages"}],"about":[{"href":"https:\/\/www2.uepg.br\/bicen\/wp-json\/wp\/v2\/types\/page"}],"author":[{"embeddable":true,"href":"https:\/\/www2.uepg.br\/bicen\/wp-json\/wp\/v2\/users\/24"}],"replies":[{"embeddable":true,"href":"https:\/\/www2.uepg.br\/bicen\/wp-json\/wp\/v2\/comments?post=96"}],"version-history":[{"count":3,"href":"https:\/\/www2.uepg.br\/bicen\/wp-json\/wp\/v2\/pages\/96\/revisions"}],"predecessor-version":[{"id":1261,"href":"https:\/\/www2.uepg.br\/bicen\/wp-json\/wp\/v2\/pages\/96\/revisions\/1261"}],"wp:attachment":[{"href":"https:\/\/www2.uepg.br\/bicen\/wp-json\/wp\/v2\/media?parent=96"}],"curies":[{"name":"wp","href":"https:\/\/api.w.org\/{rel}","templated":true}]}}