{"id":98,"date":"2020-06-25T11:31:30","date_gmt":"2020-06-25T14:31:30","guid":{"rendered":"http:\/\/www2.uepg.br\/bicen\/?page_id=98"},"modified":"2020-06-25T11:31:30","modified_gmt":"2020-06-25T14:31:30","slug":"visita-orientada","status":"publish","type":"page","link":"https:\/\/www2.uepg.br\/bicen\/visita-orientada\/","title":{"rendered":"Visita Orientada"},"content":{"rendered":"<p>Apresenta os setores, servi\u00e7os e recursos das bibliotecas para calouros\u00a0 e comunidade externa mediante solicita\u00e7\u00e3o e agendamento de docentes.<\/p>\n<p>Para ter acesso a este servi\u00e7o entre em contato com a Biblioteca Central (3220-3381) ou com a Biblioteca Campus (3220-3037)<\/p>\n","protected":false},"excerpt":{"rendered":"<p>Apresenta os setores, servi\u00e7os e recursos das bibliotecas para calouros\u00a0 e comunidade externa mediante solicita\u00e7\u00e3o e agendamento de docentes. Para ter acesso a este servi\u00e7o entre em contato com a Biblioteca Central (3220-3381) ou com a Biblioteca Campus (3220-3037)<\/p>\n","protected":false},"author":24,"featured_media":0,"parent":0,"menu_order":0,"comment_status":"closed","ping_status":"closed","template":"","meta":[],"_links":{"self":[{"href":"https:\/\/www2.uepg.br\/bicen\/wp-json\/wp\/v2\/pages\/98"}],"collection":[{"href":"https:\/\/www2.uepg.br\/bicen\/wp-json\/wp\/v2\/pages"}],"about":[{"href":"https:\/\/www2.uepg.br\/bicen\/wp-json\/wp\/v2\/types\/page"}],"author":[{"embeddable":true,"href":"https:\/\/www2.uepg.br\/bicen\/wp-json\/wp\/v2\/users\/24"}],"replies":[{"embeddable":true,"href":"https:\/\/www2.uepg.br\/bicen\/wp-json\/wp\/v2\/comments?post=98"}],"version-history":[{"count":1,"href":"https:\/\/www2.uepg.br\/bicen\/wp-json\/wp\/v2\/pages\/98\/revisions"}],"predecessor-version":[{"id":99,"href":"https:\/\/www2.uepg.br\/bicen\/wp-json\/wp\/v2\/pages\/98\/revisions\/99"}],"wp:attachment":[{"href":"https:\/\/www2.uepg.br\/bicen\/wp-json\/wp\/v2\/media?parent=98"}],"curies":[{"name":"wp","href":"https:\/\/api.w.org\/{rel}","templated":true}]}}