{"id":119,"date":"2019-07-09T09:21:22","date_gmt":"2019-07-09T12:21:22","guid":{"rendered":"http:\/\/www2.uepg.br\/biomodel\/?page_id=119"},"modified":"2024-03-22T12:11:24","modified_gmt":"2024-03-22T15:11:24","slug":"graduacao","status":"publish","type":"page","link":"https:\/\/www2.uepg.br\/biomodel\/graduacao\/","title":{"rendered":"Gradua\u00e7\u00e3o"},"content":{"rendered":"<h4><strong>SUINOCULTURA<\/strong><\/h4>\n<div id=\"comdescricao1\" class=\"text-justify\">\n<div>\n<p><b>Curso:<\/b>\u00a0Zootecnia<\/p>\n<p><b>Obrigat\u00f3ria:<\/b>\u00a0Sim<\/p>\n<p><b>Carga Hor\u00e1ria:<\/b>\u00a0102 horas<\/p>\n<p><b>Ementa<\/b><\/p>\n<p>Panorama da suinocultura mundial e nacional. Planejamento e gest\u00e3o da unidade suin\u00edcola. Ra\u00e7as e linhagens comerciais. Anatomia e fisiologia do su\u00edno. Aspectos reprodutivos de machos e f\u00eameas. Manejo do leit\u00e3o do nascimento ao abate. Bem estar em su\u00ednos. Manejo pr\u00e9 e p\u00f3s abate de su\u00ednos. Higiene, profilaxia e biosseguridade em granjas. Nutri\u00e7\u00e3o e alimenta\u00e7\u00e3o em su\u00ednos. Gest\u00e3o de res\u00edduos na suinocultura.<\/p>\n<\/div>\n<\/div>\n","protected":false},"excerpt":{"rendered":"<p>SUINOCULTURA Curso:\u00a0Zootecnia Obrigat\u00f3ria:\u00a0Sim Carga Hor\u00e1ria:\u00a0102 horas Ementa Panorama da suinocultura mundial e nacional. Planejamento e gest\u00e3o da unidade suin\u00edcola. Ra\u00e7as e linhagens comerciais. Anatomia e fisiologia do su\u00edno. Aspectos reprodutivos de machos e f\u00eameas. Manejo do leit\u00e3o do nascimento ao abate. Bem estar em su\u00ednos. Manejo pr\u00e9 e p\u00f3s abate de su\u00ednos. Higiene, profilaxia e&nbsp;&hellip;<\/p>\n","protected":false},"author":24,"featured_media":0,"parent":0,"menu_order":0,"comment_status":"closed","ping_status":"closed","template":"","meta":[],"_links":{"self":[{"href":"https:\/\/www2.uepg.br\/biomodel\/wp-json\/wp\/v2\/pages\/119"}],"collection":[{"href":"https:\/\/www2.uepg.br\/biomodel\/wp-json\/wp\/v2\/pages"}],"about":[{"href":"https:\/\/www2.uepg.br\/biomodel\/wp-json\/wp\/v2\/types\/page"}],"author":[{"embeddable":true,"href":"https:\/\/www2.uepg.br\/biomodel\/wp-json\/wp\/v2\/users\/24"}],"replies":[{"embeddable":true,"href":"https:\/\/www2.uepg.br\/biomodel\/wp-json\/wp\/v2\/comments?post=119"}],"version-history":[{"count":4,"href":"https:\/\/www2.uepg.br\/biomodel\/wp-json\/wp\/v2\/pages\/119\/revisions"}],"predecessor-version":[{"id":506,"href":"https:\/\/www2.uepg.br\/biomodel\/wp-json\/wp\/v2\/pages\/119\/revisions\/506"}],"wp:attachment":[{"href":"https:\/\/www2.uepg.br\/biomodel\/wp-json\/wp\/v2\/media?parent=119"}],"curies":[{"name":"wp","href":"https:\/\/api.w.org\/{rel}","templated":true}]}}