{"id":122,"date":"2019-07-09T09:24:28","date_gmt":"2019-07-09T12:24:28","guid":{"rendered":"http:\/\/www2.uepg.br\/biomodel\/?page_id=122"},"modified":"2019-07-09T09:24:28","modified_gmt":"2019-07-09T12:24:28","slug":"pos-graduacao","status":"publish","type":"page","link":"https:\/\/www2.uepg.br\/biomodel\/pos-graduacao\/","title":{"rendered":"P\u00f3s-Gradua\u00e7\u00e3o"},"content":{"rendered":"<h4><strong>SISTEMATIZA\u00c7\u00c3O E META-AN\u00c1LISE DE DADOS<\/strong><\/h4>\n<div id=\"comdescricao2\" class=\"text-justify\">\n<div>\n<p><b>N\u00edvel:<\/b>\u00a0Mestrado<\/p>\n<p><b>\u00c1rea de concentra\u00e7\u00e3o:<\/b>\u00a0Produ\u00e7\u00e3o Animal<\/p>\n<p><b>Obrigat\u00f3ria:<\/b>\u00a0N\u00e3o<\/p>\n<p><b>Cr\u00e9ditos:<\/b>03 cr\u00e9ditos<\/p>\n<p><b>Carga Hor\u00e1ria:<\/b>\u00a045 horas<\/p>\n<p><b>Ementa<\/b><\/p>\n<p>Abordagem sist\u00eamica na produ\u00e7\u00e3o animal. Revis\u00e3o bibliogr\u00e1fica, sistem\u00e1tica e meta-an\u00e1lise. Sistematiza\u00e7\u00e3o das informa\u00e7\u00f5es e gerenciamento de bases bibliogr\u00e1ficas. Objetivos t\u00e9cnicos da meta-an\u00e1lise. Procedimentos qualitativos e quantitativos em base de dados. Estudo anal\u00edtico. Biologia integrativa e modelagem.<\/p>\n<\/div>\n<\/div>\n<p>&nbsp;<\/p>\n<div id=\"comdescricao3\" class=\"text-justify\">\n<h4><strong>T\u00d3PICOS AVAN\u00c7ADOS EM SUINOCULTURA<\/strong><\/h4>\n<p><b>N\u00edvel:<\/b>\u00a0Mestrado<\/p>\n<p><b>\u00c1rea de concentra\u00e7\u00e3o:<\/b>\u00a0Produ\u00e7\u00e3o Animal<\/p>\n<p><b>Obrigat\u00f3ria:<\/b>\u00a0N\u00e3o<\/p>\n<p><b>Cr\u00e9ditos:<\/b>03 cr\u00e9ditos<\/p>\n<p><b>Carga Hor\u00e1ria:<\/b>\u00a045 horas<\/p>\n<p><b>Ementa<\/b><\/p>\n<p>Fisiologia digestiva em leit\u00f5es e suas intera\u00e7\u00f5es com os nutrientes. Melhoradores de desempenho. Regula\u00e7\u00f5es de curto e longo prazo em su\u00ednos. Curvas de crescimento. Moduladores qu\u00edmicos na parti\u00e7\u00e3o de nutrientes. Marcadores moleculares. Nutri\u00e7\u00e3o de precis\u00e3o no crescimento e reprodu\u00e7\u00e3o. Biologia integrativa e modelagem.<\/p>\n<\/div>\n","protected":false},"excerpt":{"rendered":"<p>SISTEMATIZA\u00c7\u00c3O E META-AN\u00c1LISE DE DADOS N\u00edvel:\u00a0Mestrado \u00c1rea de concentra\u00e7\u00e3o:\u00a0Produ\u00e7\u00e3o Animal Obrigat\u00f3ria:\u00a0N\u00e3o Cr\u00e9ditos:03 cr\u00e9ditos Carga Hor\u00e1ria:\u00a045 horas Ementa Abordagem sist\u00eamica na produ\u00e7\u00e3o animal. Revis\u00e3o bibliogr\u00e1fica, sistem\u00e1tica e meta-an\u00e1lise. Sistematiza\u00e7\u00e3o das informa\u00e7\u00f5es e gerenciamento de bases bibliogr\u00e1ficas. Objetivos t\u00e9cnicos da meta-an\u00e1lise. Procedimentos qualitativos e quantitativos em base de dados. Estudo anal\u00edtico. Biologia integrativa e modelagem. &nbsp; T\u00d3PICOS&nbsp;&hellip;<\/p>\n","protected":false},"author":24,"featured_media":0,"parent":0,"menu_order":0,"comment_status":"closed","ping_status":"closed","template":"","meta":[],"_links":{"self":[{"href":"https:\/\/www2.uepg.br\/biomodel\/wp-json\/wp\/v2\/pages\/122"}],"collection":[{"href":"https:\/\/www2.uepg.br\/biomodel\/wp-json\/wp\/v2\/pages"}],"about":[{"href":"https:\/\/www2.uepg.br\/biomodel\/wp-json\/wp\/v2\/types\/page"}],"author":[{"embeddable":true,"href":"https:\/\/www2.uepg.br\/biomodel\/wp-json\/wp\/v2\/users\/24"}],"replies":[{"embeddable":true,"href":"https:\/\/www2.uepg.br\/biomodel\/wp-json\/wp\/v2\/comments?post=122"}],"version-history":[{"count":1,"href":"https:\/\/www2.uepg.br\/biomodel\/wp-json\/wp\/v2\/pages\/122\/revisions"}],"predecessor-version":[{"id":123,"href":"https:\/\/www2.uepg.br\/biomodel\/wp-json\/wp\/v2\/pages\/122\/revisions\/123"}],"wp:attachment":[{"href":"https:\/\/www2.uepg.br\/biomodel\/wp-json\/wp\/v2\/media?parent=122"}],"curies":[{"name":"wp","href":"https:\/\/api.w.org\/{rel}","templated":true}]}}