{"id":15,"date":"2019-07-05T15:07:09","date_gmt":"2019-07-05T18:07:09","guid":{"rendered":"http:\/\/www2.uepg.br\/biomodel\/?page_id=15"},"modified":"2024-03-22T22:39:29","modified_gmt":"2024-03-23T01:39:29","slug":"equipe","status":"publish","type":"page","link":"https:\/\/www2.uepg.br\/biomodel\/equipe\/","title":{"rendered":"EQUIPE"},"content":{"rendered":"<div id=\"pl-15\"  class=\"panel-layout\" ><div id=\"pg-15-0\"  class=\"panel-grid panel-no-style\" ><div id=\"pgc-15-0-0\"  class=\"panel-grid-cell\" ><div id=\"panel-15-0-0-0\" class=\"so-panel widget widget_sow-editor panel-first-child panel-last-child\" data-index=\"0\" ><div\n\t\t\t\n\t\t\tclass=\"so-widget-sow-editor so-widget-sow-editor-base\"\n\t\t\t\n\t\t>\n<div class=\"siteorigin-widget-tinymce textwidget\">\n\t<h3 style=\"text-align: center\"><strong>Equipe de Pesquisa<\/strong><\/h3>\n<p style=\"text-align: center\"><strong>Coordena\u00e7\u00e3o<\/strong><\/p>\n<p style=\"text-align: center\">Dra. Cheila Roberta Lehnen - Professora Associada do Departamento de Zootecnia\/UEPG - <a href=\"http:\/\/buscatextual.cnpq.br\/buscatextual\/visualizacv.do?id=K4757173H4\" target=\"_blank\" rel=\"noopener noreferrer\">Curr\u00edculo Lattes<\/a><\/p>\n<p style=\"text-align: center\"><strong>P\u00f3s-gradua\u00e7\u00e3o<\/strong><\/p>\n<p style=\"text-align: center\" align=\"center\">Fernando Bittarello - Mestrando do Programa de P\u00f3s-gradua\u00e7\u00e3o em Zootecnia\/UEPG -\u00a0 <a href=\"http:\/\/buscatextual.cnpq.br\/buscatextual\/visualizacv.do?id=K2754989J7\" target=\"_blank\" rel=\"noopener\">Curr\u00edculo Lattes<\/a><\/p>\n<p style=\"text-align: center\" align=\"center\">Guilherme Beber Jasluk - Mestrando do Programa de P\u00f3s-gradua\u00e7\u00e3o em Zootecnia\/UEPG - <a href=\"http:\/\/lattes.cnpq.br\/3814320394696822\" target=\"_blank\" rel=\"noopener\">Curr\u00edculo Lattes<\/a><\/p>\n<p style=\"text-align: center\" align=\"center\">Larissa Aparecida Ratuchene Kordel - Mestrando do Programa de P\u00f3s-gradua\u00e7\u00e3o em Zootecnia\/UEPG -\u00a0<a href=\"http:\/\/lattes.cnpq.br\/7196869958459484\">Curr\u00edculo Lattes<\/a><\/p>\n<p style=\"text-align: center\" align=\"center\">Stella Tavares Domingues Briquezi-\u00a0 Mestrando do Programa de P\u00f3s-gradua\u00e7\u00e3o em Zootecnia\/UEPG - <a href=\"\/\/lattes.cnpq.br\/6047502219838274\">Curriculo Lattes\u00a0<\/a><\/p>\n<p style=\"text-align: center\"><strong>Inicia\u00e7\u00e3o Cient\u00edfica<\/strong><\/p>\n<p style=\"text-align: center\" align=\"center\">Alifer Carneiro - Aluno de 5\u00b0 Ano Curso de Zootecnia - <a href=\"http:\/\/lattes.cnpq.br\/2450191046525673\">Curr\u00edculo Lattes<\/a><\/p>\n<p style=\"text-align: center\">Bernardo Dobzinski - Aluno do 3\u00b0 Ano Curso de Zootecnia- Curriculo Lattes<\/p>\n<p style=\"text-align: center\" align=\"center\">Julia Silva - Bolsista de Inicia\u00e7\u00e3o Cientifica- <a href=\"https:\/\/lattes.cnpq.br\/0040437479555553\">Curriculo Lattes<\/a><\/p>\n<p style=\"text-align: center\" align=\"center\">Let\u00edcia Aparecida Santos - Aluna do 3\u00b0 Ano Curso de Zootecnia-\u00a0 <a href=\"http:\/\/buscatextual.cnpq.br\/buscatextual\/visualizacv.do?id=K8644391Y2\" target=\"_blank\" rel=\"noopener\">Curr\u00edculo Lattes<\/a><\/p>\n<p style=\"text-align: center\" align=\"center\">Rafaela Baldykoski - Bolsista de Inicia\u00e7\u00e3o Cientifica \u00a0- <a href=\"http:\/\/lattes.cnpq.br\/7380694043125305\">Curr\u00edculo Lattes<\/a><\/p>\n<p style=\"text-align: center\">\n<\/div>\n<\/div><\/div><\/div><\/div><\/div>","protected":false},"excerpt":{"rendered":"<p>Equipe de Pesquisa Coordena\u00e7\u00e3o Dra. Cheila Roberta Lehnen &#8211; Professora Associada do Departamento de Zootecnia\/UEPG &#8211; Curr\u00edculo Lattes P\u00f3s-gradua\u00e7\u00e3o Fernando Bittarello &#8211; Mestrando do Programa de P\u00f3s-gradua\u00e7\u00e3o em Zootecnia\/UEPG &#8211;\u00a0 Curr\u00edculo Lattes Guilherme Beber Jasluk &#8211; Mestrando do Programa de P\u00f3s-gradua\u00e7\u00e3o em Zootecnia\/UEPG &#8211; Curr\u00edculo Lattes Larissa Aparecida Ratuchene Kordel &#8211; Mestrando do Programa de&nbsp;&hellip;<\/p>\n","protected":false},"author":24,"featured_media":0,"parent":0,"menu_order":0,"comment_status":"closed","ping_status":"closed","template":"","meta":[],"_links":{"self":[{"href":"https:\/\/www2.uepg.br\/biomodel\/wp-json\/wp\/v2\/pages\/15"}],"collection":[{"href":"https:\/\/www2.uepg.br\/biomodel\/wp-json\/wp\/v2\/pages"}],"about":[{"href":"https:\/\/www2.uepg.br\/biomodel\/wp-json\/wp\/v2\/types\/page"}],"author":[{"embeddable":true,"href":"https:\/\/www2.uepg.br\/biomodel\/wp-json\/wp\/v2\/users\/24"}],"replies":[{"embeddable":true,"href":"https:\/\/www2.uepg.br\/biomodel\/wp-json\/wp\/v2\/comments?post=15"}],"version-history":[{"count":20,"href":"https:\/\/www2.uepg.br\/biomodel\/wp-json\/wp\/v2\/pages\/15\/revisions"}],"predecessor-version":[{"id":530,"href":"https:\/\/www2.uepg.br\/biomodel\/wp-json\/wp\/v2\/pages\/15\/revisions\/530"}],"wp:attachment":[{"href":"https:\/\/www2.uepg.br\/biomodel\/wp-json\/wp\/v2\/media?parent=15"}],"curies":[{"name":"wp","href":"https:\/\/api.w.org\/{rel}","templated":true}]}}