{"id":271,"date":"2019-08-15T16:21:54","date_gmt":"2019-08-15T19:21:54","guid":{"rendered":"http:\/\/www2.uepg.br\/biomodel\/?page_id=271"},"modified":"2024-03-22T22:27:21","modified_gmt":"2024-03-23T01:27:21","slug":"dissertacoes","status":"publish","type":"page","link":"https:\/\/www2.uepg.br\/biomodel\/dissertacoes\/","title":{"rendered":"Disserta\u00e7\u00f5es"},"content":{"rendered":"<p><strong>2024<\/strong><\/p>\n<p>Uso de colina para su\u00ednos em crescimento e termina\u00e7\u00e3o \u2013 Leticia Galv\u00e3o Matoso<\/p>\n<p><strong>2023<\/strong><\/p>\n<p><a href=\"https:\/\/tede2.uepg.br\/jspui\/bitstream\/prefix\/4151\/1\/Rafaela%20Hilgemberg.pdf\">Modelagem das exig\u00eancias nutricionais de treonina em su\u00ednos nas fases de creche, crescimento e termina\u00e7\u00e3o- Rafaela Hilgemberg<\/a><\/p>\n<p><strong>2021<\/strong><\/p>\n<p><a href=\"https:\/\/tede2.uepg.br\/jspui\/bitstream\/prefix\/3562\/1\/Pedro%20Augusto%20Galiotto%20Miranda.pdf\">Fontes e n\u00edveis de cobre na alimenta\u00e7\u00e3o de leit\u00f5es em creche e frangos de corte- Pedro Galiotto Miranda<\/a><\/p>\n<p><a href=\"https:\/\/tede2.uepg.br\/jspui\/bitstream\/prefix\/3576\/1\/Jo%c3%a3o%20Ot%c3%a1vio%20Hilgemberg.pdf\">Utiliza\u00e7\u00e3o de modelos preditivos para avalia\u00e7\u00e3o do desempenho produtivo de porcas- Jo\u00e3o Ot\u00e1vio Hilgemberg<\/a><\/p>\n<p><strong>2019<\/strong><\/p>\n<p><a href=\"http:\/\/www2.uepg.br\/biomodel\/wp-content\/uploads\/sites\/27\/2019\/08\/Mass-A.-P.-H.pdf\">Uso de \u00f3leos funcionais na alimenta\u00e7\u00e3o de porcas lactantes e leitegadas &#8211; Anna Paula Holzmann Mass<\/a><\/p>\n<p><strong>2018<\/strong><\/p>\n<p><a href=\"http:\/\/www2.uepg.br\/biomodel\/wp-content\/uploads\/sites\/27\/2019\/08\/Oliveira-E.-A.-R.-2018.pdf\">Respostas comportamentais e fisiol\u00f3gicas relacionadas ao bem-estar em leit\u00f5es na fase de creche &#8211; Eli Aparecida Rosa Oliveira<\/a><\/p>\n<p><strong>2017<\/strong><\/p>\n<p><a href=\"http:\/\/www2.uepg.br\/biomodel\/wp-content\/uploads\/sites\/27\/2019\/08\/\u00daltima-vers\u00e3o-Disserta\u00e7\u00e3o-BARBARA-BAIAK-PDF.pdf\">Estudo da resist\u00eancia anti-helm\u00edntica de bovinos aos nemat\u00f3deos gastrintestinais: uma meta-an\u00e1lise &#8211; Barbara Haline Buss Baiak<\/a><\/p>\n<p><a href=\"http:\/\/www2.uepg.br\/biomodel\/wp-content\/uploads\/sites\/27\/2019\/08\/Lidiane-Pescke-Pereira.pdf\">Estudo meta-anal\u00edtico de moduladores nutricionais para porcas gestantes e lactantes &#8211; Lidiane Pescke Pereira<\/a><\/p>\n","protected":false},"excerpt":{"rendered":"<p>2024 Uso de colina para su\u00ednos em crescimento e termina\u00e7\u00e3o \u2013 Leticia Galv\u00e3o Matoso 2023 Modelagem das exig\u00eancias nutricionais de treonina em su\u00ednos nas fases de creche, crescimento e termina\u00e7\u00e3o- Rafaela Hilgemberg 2021 Fontes e n\u00edveis de cobre na alimenta\u00e7\u00e3o de leit\u00f5es em creche e frangos de corte- Pedro Galiotto Miranda Utiliza\u00e7\u00e3o de modelos preditivos&nbsp;&hellip;<\/p>\n","protected":false},"author":24,"featured_media":0,"parent":0,"menu_order":0,"comment_status":"closed","ping_status":"closed","template":"","meta":[],"_links":{"self":[{"href":"https:\/\/www2.uepg.br\/biomodel\/wp-json\/wp\/v2\/pages\/271"}],"collection":[{"href":"https:\/\/www2.uepg.br\/biomodel\/wp-json\/wp\/v2\/pages"}],"about":[{"href":"https:\/\/www2.uepg.br\/biomodel\/wp-json\/wp\/v2\/types\/page"}],"author":[{"embeddable":true,"href":"https:\/\/www2.uepg.br\/biomodel\/wp-json\/wp\/v2\/users\/24"}],"replies":[{"embeddable":true,"href":"https:\/\/www2.uepg.br\/biomodel\/wp-json\/wp\/v2\/comments?post=271"}],"version-history":[{"count":11,"href":"https:\/\/www2.uepg.br\/biomodel\/wp-json\/wp\/v2\/pages\/271\/revisions"}],"predecessor-version":[{"id":527,"href":"https:\/\/www2.uepg.br\/biomodel\/wp-json\/wp\/v2\/pages\/271\/revisions\/527"}],"wp:attachment":[{"href":"https:\/\/www2.uepg.br\/biomodel\/wp-json\/wp\/v2\/media?parent=271"}],"curies":[{"name":"wp","href":"https:\/\/api.w.org\/{rel}","templated":true}]}}