{"id":39,"date":"2019-07-05T16:16:45","date_gmt":"2019-07-05T19:16:45","guid":{"rendered":"http:\/\/www2.uepg.br\/biomodel\/?page_id=39"},"modified":"2024-03-22T21:15:17","modified_gmt":"2024-03-23T00:15:17","slug":"artigos-completos","status":"publish","type":"page","link":"https:\/\/www2.uepg.br\/biomodel\/artigos-completos\/","title":{"rendered":"Artigos Completos"},"content":{"rendered":"<p><strong>2024<\/strong><\/p>\n<p><a href=\"http:\/\/10.37496\/rbz5320210186\">Effects of administering phytogenic additives and antibiotics to unchallenged nursery piglets: A meta-analytic approach<\/a><\/p>\n<p><a href=\"https:\/\/doi.org\/10.1590\/1678-992X-2023-0002\">Decision trees as a tool for selecting sows in commercial herds<\/a><\/p>\n<p><a href=\"https:\/\/doi.org\/10.3390\/vetsci11020068\">A Systematic Review and Meta-Analysis of the Effects of Various Sources and Amounts of Copper on Nursery Piglets<\/a><\/p>\n<p><strong>2023<\/strong><\/p>\n<p><a href=\"https:\/\/doi.org\/10.1590\/0103-8478cr20220105\">Meta-analytical approaches to assess citric and ascorbic acid use in nursery piglets<\/a><\/p>\n<p><strong>2021<\/strong><\/p>\n<p><a href=\"http:\/\/10.37885\/210203305\">Nutri\u00e7\u00e3o e metabolismo do cobre em frangos de corte e su\u00ednos<\/a><\/p>\n<p><a href=\"http:\/\/10.37885\/210504832\">Desafios da modelagem na efici\u00eancia produtiva de f\u00eameas su\u00ednas<\/a><\/p>\n<p><strong>2020<\/strong><\/p>\n<p><a href=\"http:\/\/www2.uepg.br\/biomodel\/wp-content\/uploads\/sites\/27\/2020\/03\/Pescke_ls_2020.pdf\" target=\"_blank\" rel=\"noopener noreferrer\">Implications of nutritional modulators in productive performance of pregnant and lactating sows<\/a><\/p>\n<p><a href=\"http:\/\/10.37885\/200901489\">Perspectivas da meta-an\u00e1lise no uso de aditivos em dietas para leit\u00f5es no p\u00f3s-desmame<\/a><\/p>\n<p><a href=\"http:\/\/10.37885\/200901502\">Moduladores nutricionais para porcas gestantes e lactantes: revis\u00e3o sistem\u00e1tica e meta-an\u00e1lise<\/a><\/p>\n<p><strong>2019<\/strong><\/p>\n<p><a href=\"http:\/\/www2.uepg.br\/biomodel\/wp-content\/uploads\/sites\/27\/2020\/03\/BAIAK_rbpv_2019.pdf\" target=\"_blank\" rel=\"noopener noreferrer\">Anthelmintic resistance of injectable macrocyclic lactones in cattle: A systematic review and meta-analysis<\/a><\/p>\n<p><a href=\"http:\/\/www2.uepg.br\/biomodel\/wp-content\/uploads\/sites\/27\/2020\/03\/1678-4324-babt-62-e19180520.pdf\" target=\"_blank\" rel=\"noopener noreferrer\">Oral Administration of Citrus Extracts in Suckling Piglets<\/a><\/p>\n<p><strong>2018<\/strong><\/p>\n<p><a href=\"http:\/\/www2.uepg.br\/biomodel\/wp-content\/uploads\/sites\/27\/2020\/03\/Baiak_ls_2018.pdf\" target=\"_blank\" rel=\"noopener noreferrer\">Anthelmintic resistance in cattle: A systematic review and meta-analysis<\/a><\/p>\n<p>&nbsp;<\/p>\n<p><strong>2017<\/strong><br \/>\n<a href=\"http:\/\/www2.uepg.br\/biomodel\/wp-content\/uploads\/sites\/27\/2019\/07\/7575530e532cab9b94a1332ac8acf67d.pdf\" target=\"_blank\" rel=\"noopener noreferrer\">Uso de acidificantes em dietas para leit\u00f5es em desmame e creche<\/a><\/p>\n<p>&nbsp;<\/p>\n<p><strong>2016<\/strong><br \/>\n<a href=\"http:\/\/www2.uepg.br\/biomodel\/wp-content\/uploads\/sites\/27\/2019\/07\/fce0f5c7e8b439a37f6f08e86a056135.pdf\" target=\"_blank\" rel=\"noopener noreferrer\">Meta-analysis of individual and combined effects of mycotoxins on growing pigs<\/a><\/p>\n<p>&nbsp;<\/p>\n<p><strong>2015<\/strong><br \/>\n<a href=\"http:\/\/www2.uepg.br\/biomodel\/wp-content\/uploads\/sites\/27\/2019\/07\/7f9c3fb9774a2a5c2109ccb0fd804cf7.pdf\" target=\"_blank\" rel=\"noopener noreferrer\">Produ\u00e7\u00e3o de su\u00ednos machos em crescimento: uma meta-an\u00e1lise<\/a><\/p>\n<p><a href=\"http:\/\/www2.uepg.br\/biomodel\/wp-content\/uploads\/sites\/27\/2019\/07\/0c97553f443d07b65282c866427f0e63.pdf\" target=\"_blank\" rel=\"noopener noreferrer\">Modeling performance and nutritional requirements of pigs lots during growth and finishing<\/a><\/p>\n<p>&nbsp;<\/p>\n<p><strong>2014<\/strong><br \/>\n<a href=\"http:\/\/www2.uepg.br\/biomodel\/wp-content\/uploads\/sites\/27\/2019\/07\/fa38fc2cd46e29e82bb85a2df282ce7b.pdf\" target=\"_blank\" rel=\"noopener noreferrer\">A meta-analysis of the feed intake and growth performance of broiler chickens challenged by bacteria<\/a><\/p>\n<p>&nbsp;<\/p>\n<p><strong>2013<\/strong><br \/>\n<a href=\"http:\/\/www2.uepg.br\/biomodel\/wp-content\/uploads\/sites\/27\/2019\/07\/bd34762235d75f5023277f4d044772ef.pdf\" target=\"_blank\" rel=\"noopener noreferrer\">A meta-analytical study about the relation of blood plasma addition in diets for piglets in the post-weaning and productive performance variables<\/a><\/p>\n<p><a href=\"http:\/\/www2.uepg.br\/biomodel\/wp-content\/uploads\/sites\/27\/2019\/07\/4a4d6e4dafc394bf46638e9b56912d93.pdf\" target=\"_blank\" rel=\"noopener noreferrer\">Dietas ajustadas para su\u00ednos atrav\u00e9s do modelo InraPorc\u00ae: desempenho, caracter\u00edsticas de carca\u00e7a e impacto econ\u00f4mico<\/a><\/p>\n<p><a href=\"http:\/\/www2.uepg.br\/biomodel\/wp-content\/uploads\/sites\/27\/2019\/07\/a37a7ae4aaed6ac15b933d0498a800cb.pdf\" target=\"_blank\" rel=\"noopener noreferrer\">Digestibilidade de dietas e metabolismo de su\u00ednos alimentados com dietas contendo extratos c\u00edtricos<\/a><\/p>\n<p><a href=\"http:\/\/www2.uepg.br\/biomodel\/wp-content\/uploads\/sites\/27\/2019\/07\/ccba8c00760d36a6a66c76d1f0652024.pdf\" target=\"_blank\" rel=\"noopener noreferrer\">Meta-analysis of the performance variation in broilers experimentally challenged by Eimeria spp.<\/a><\/p>\n<p>&nbsp;<\/p>\n<p><strong>2012<\/strong><br \/>\n<a href=\"http:\/\/www2.uepg.br\/biomodel\/wp-content\/uploads\/sites\/27\/2019\/07\/ccc2269dafa79b79b38ebd6c4fe74ab9.pdf\" target=\"_blank\" rel=\"noopener noreferrer\">Alimenta\u00e7\u00e3o de leit\u00f5es em creche com dietas contendo \u00e1cido asc\u00f3rbico e bioflavon\u00f3ides<\/a><\/p>\n<p><a href=\"http:\/\/www2.uepg.br\/biomodel\/wp-content\/uploads\/sites\/27\/2019\/07\/0f431cc6e0008324b7eecb7594848627.pdf\" target=\"_blank\" rel=\"noopener noreferrer\">Alimenta\u00e7\u00e3o de leit\u00f5es com dietas contendo soro de leite fermentado mais zinco e cobre org\u00e2nico<\/a><\/p>\n<p><a href=\"http:\/\/www2.uepg.br\/biomodel\/wp-content\/uploads\/sites\/27\/2019\/07\/d69e157778a1e0c8b9f38ada435ab530.pdf\" target=\"_blank\" rel=\"noopener noreferrer\">Cria\u00e7\u00e3o intensiva de su\u00ednos em confinamento ou ao ar livre: estudo meta-anal\u00edtico do desempenho zoot\u00e9cnico nas fases de crescimento e termina\u00e7\u00e3o e avalia\u00e7\u00e3o de carca\u00e7a e carne no Longissimus<\/a><\/p>\n<p><a href=\"http:\/\/www2.uepg.br\/biomodel\/wp-content\/uploads\/sites\/27\/2019\/07\/aa07040aa7a112df3fbec6a058d7035c.pdf\" target=\"_blank\" rel=\"noopener noreferrer\">Meta-analytical study of productive and nutritional interactions of mycotoxins in growing pigs<\/a><\/p>\n<p><a href=\"http:\/\/www2.uepg.br\/biomodel\/wp-content\/uploads\/sites\/27\/2019\/07\/5000d2da761132c1d15e704a3b5ebc20.pdf\" target=\"_blank\" rel=\"noopener noreferrer\">Meta-analysis on the relationship among feeding characteristics, salivary and plasmatic cortisol levels, and performance of pregnant sows housed in different systems<\/a><\/p>\n<p><a href=\"http:\/\/www2.uepg.br\/biomodel\/wp-content\/uploads\/sites\/27\/2019\/07\/914d73398d71d0c3c82ba9ad6b678809.pdf\" target=\"_blank\" rel=\"noopener noreferrer\">Meta-analysis of the relationship of mycotoxins with biochemical and hematological parameters in broilers<\/a><\/p>\n<p><a href=\"http:\/\/www2.uepg.br\/biomodel\/wp-content\/uploads\/sites\/27\/2019\/07\/f96ba49d1346e560b02d2e2631a0d31e.pdf\" target=\"_blank\" rel=\"noopener noreferrer\">Produ\u00e7\u00e3o de su\u00ednos inteiros com ou sem a suplementa\u00e7\u00e3o de amino\u00e1cidos: desempenho e custo de alimento<\/a><\/p>\n<p>&nbsp;<\/p>\n","protected":false},"excerpt":{"rendered":"<p>2024 Effects of administering phytogenic additives and antibiotics to unchallenged nursery piglets: A meta-analytic approach Decision trees as a tool for selecting sows in commercial herds A Systematic Review and Meta-Analysis of the Effects of Various Sources and Amounts of Copper on Nursery Piglets 2023 Meta-analytical approaches to assess citric and ascorbic acid use in&nbsp;&hellip;<\/p>\n","protected":false},"author":24,"featured_media":0,"parent":0,"menu_order":0,"comment_status":"closed","ping_status":"closed","template":"","meta":[],"_links":{"self":[{"href":"https:\/\/www2.uepg.br\/biomodel\/wp-json\/wp\/v2\/pages\/39"}],"collection":[{"href":"https:\/\/www2.uepg.br\/biomodel\/wp-json\/wp\/v2\/pages"}],"about":[{"href":"https:\/\/www2.uepg.br\/biomodel\/wp-json\/wp\/v2\/types\/page"}],"author":[{"embeddable":true,"href":"https:\/\/www2.uepg.br\/biomodel\/wp-json\/wp\/v2\/users\/24"}],"replies":[{"embeddable":true,"href":"https:\/\/www2.uepg.br\/biomodel\/wp-json\/wp\/v2\/comments?post=39"}],"version-history":[{"count":16,"href":"https:\/\/www2.uepg.br\/biomodel\/wp-json\/wp\/v2\/pages\/39\/revisions"}],"predecessor-version":[{"id":523,"href":"https:\/\/www2.uepg.br\/biomodel\/wp-json\/wp\/v2\/pages\/39\/revisions\/523"}],"wp:attachment":[{"href":"https:\/\/www2.uepg.br\/biomodel\/wp-json\/wp\/v2\/media?parent=39"}],"curies":[{"name":"wp","href":"https:\/\/api.w.org\/{rel}","templated":true}]}}