{"id":85,"date":"2019-07-05T16:32:44","date_gmt":"2019-07-05T19:32:44","guid":{"rendered":"http:\/\/www2.uepg.br\/biomodel\/?page_id=85"},"modified":"2024-03-22T22:24:47","modified_gmt":"2024-03-23T01:24:47","slug":"resumos-expandidos","status":"publish","type":"page","link":"https:\/\/www2.uepg.br\/biomodel\/resumos-expandidos\/","title":{"rendered":"Resumos Expandidos"},"content":{"rendered":"<p><strong>2023<\/strong><\/p>\n<p><a href=\"https:\/\/siseve.apps.uepg.br\/storage\/eaic2023\/10_Leticia_Aparecida_dos_Santos-169591225079658.pdf\">Par\u00e2metros histomorfom\u00e9tricos do jejuno e \u00edleo de leit\u00f5es lactentes alimentados com dietas contendo \u00f3leos funcionais<\/a><\/p>\n<p><a href=\"https:\/\/siseve.apps.uepg.br\/storage\/eaic2023\/10_Larissa_Aparecida_Ratuchene_Kordel-169627908935918.pdf\">\u00d3leos funcionais e essenciais em leit\u00f5es lactentes e em creche<\/a><\/p>\n<p><a href=\"https:\/\/siseve.apps.uepg.br\/storage\/eaic2023\/10_Guilherme_Beber_Jasluk-169573425334626.pdf\">Viabilidade econ\u00f4mica no uso de medicamentos via \u00e1gua ou ra\u00e7\u00e3o na produ\u00e7\u00e3o de su\u00ednos<\/a><\/p>\n<p><strong>2022<\/strong><\/p>\n<p><a href=\"https:\/\/siseve.apps.uepg.br\/storage\/eaic\/10_Guilherme_Beber_Jasluk-166647613957141.pdf\">Efeitos de minerais org\u00e2nicos e inorg\u00e2nicos sobre a integridade e sa\u00fade intestinal de leit\u00f5es em creche<\/a><\/p>\n<p><a href=\"https:\/\/siseve.apps.uepg.br\/storage\/eaic\/10_Fernando_Bittarello-166655398990888.pdf\">Intera\u00e7\u00f5es nutricionais de zinco e cobre em leit\u00f5es em creche<\/a><\/p>\n<p><strong>2021<\/strong><\/p>\n<p><a href=\"https:\/\/siseve.apps.uepg.br\/storage\/eaic2021\/10_Milena_Antunes_Padilha-163442143716416.pdf\">Enriquecimento ambiental para leit\u00f5es em creche: uma an\u00e1lise sistem\u00e1tica<\/a><\/p>\n<p><a href=\"https:\/\/siseve.apps.uepg.br\/storage\/eaic2021\/10_Bianca_Zotti-163425279129442.pdf\">Recupera\u00e7\u00e3o e curva de crescimento de leit\u00f5es de baixa viabilidade<\/a><\/p>\n<p><a href=\"https:\/\/siseve.apps.uepg.br\/storage\/eaic2021\/10_Willian_Ricardo_Zadra-163372744234463.pdf\">Utiliza\u00e7\u00e3o da an\u00e1lise estat\u00edstica para avalia\u00e7\u00e3o de matrizes reprodutoras em uma granja suin\u00edcola<\/a><\/p>\n<p><strong>2020<\/strong><\/p>\n<p><a href=\"https:\/\/siseve.apps.uepg.br\/storage\/eaic2020\/10_Let%C3%ADcia_Galv%C3%A3o_Matoso-160407390635897.pdf\">Desempenho e rela\u00e7\u00f5es nutricionais do uso de \u00f3leos essenciais e funcionas para frngos de corte<\/a><\/p>\n<p><a href=\"https:\/\/siseve.apps.uepg.br\/storage\/eaic2020\/10_Rafaela_Hilgemberg-160442113659785.pdf\">Enzimas ex\u00f3genas na nutri\u00e7\u00e3o de su\u00ednos: uma abordagem meta-anal\u00edtica<\/a><\/p>\n<p><a href=\"https:\/\/siseve.apps.uepg.br\/storage\/eaic2020\/10_Vitoria_Weege-160444454070415.pdf\">Estresse oxidativo e qualidade de carca\u00e7a de frangos de corte alimentados com dietas contendo \u00f3leos funcionais e essenciais<\/a><\/p>\n<p><a href=\"https:\/\/siseve.apps.uepg.br\/storage\/eaic2020\/10_Bianca_Zotti-160504125289277.pdf\">Uso de glutamina e an\u00e1logos na integridade intestinal de leit\u00f5es p\u00f3sdesmame e creche<\/a><\/p>\n<p><strong>2019<\/strong><\/p>\n<p><a href=\"http:\/\/www2.uepg.br\/biomodel\/wp-content\/uploads\/sites\/27\/2020\/03\/Hilgemberg_ABRAVES_125.pdf\" target=\"_blank\" rel=\"noopener noreferrer\">An\u00e1lise do ciclo subsequente de f\u00eameas su\u00ednas de uma unidade produtora de leit\u00f5es<\/a><\/p>\n<p><a href=\"http:\/\/www2.uepg.br\/biomodel\/wp-content\/uploads\/sites\/27\/2020\/03\/Hilgemberg_ABRAVES_133.pdf\" target=\"_blank\" rel=\"noopener noreferrer\">Compara\u00e7\u00e3o de sistemas de alta e baixa produtividade de matrizes su\u00ednas atrav\u00e9s da modelagem<\/a><\/p>\n<p><a href=\"http:\/\/www2.uepg.br\/biomodel\/wp-content\/uploads\/sites\/27\/2020\/03\/Matoso_abraves_161.pdf\" target=\"_blank\" rel=\"noopener noreferrer\">Morfometria intestinal de leit\u00f5es em creche alimentados com dietas contendo \u00f3leos essenciais<\/a><\/p>\n<p><a href=\"http:\/\/www2.uepg.br\/biomodel\/wp-content\/uploads\/sites\/27\/2020\/03\/Matoso_abraves_170.pdf\" target=\"_blank\" rel=\"noopener noreferrer\">Perfil imunol\u00f3gico, pH e microbiota intestinal de leit\u00f5es em creche alimentados com dietas contendo \u00f3leos essenciais<\/a><\/p>\n<p><a href=\"http:\/\/www2.uepg.br\/biomodel\/wp-content\/uploads\/sites\/27\/2020\/03\/Weege_abraves_167.pdf\" target=\"_blank\" rel=\"noopener noreferrer\">\u00d3leos funcionais em dietas para leit\u00f5es em creche: uma abordagem meta-anal\u00edtica sobre o desempenho<\/a><\/p>\n<p><a href=\"http:\/\/www2.uepg.br\/biomodel\/wp-content\/uploads\/sites\/27\/2020\/03\/Weege_abraves_171.pdf\" target=\"_blank\" rel=\"noopener noreferrer\">Respostas do uso de antibi\u00f3ticos e \u00f3leos funcionais em dietas de leit\u00f5es em creche<\/a><\/p>\n<p><a href=\"http:\/\/www2.uepg.br\/biomodel\/wp-content\/uploads\/sites\/27\/2020\/03\/CONAITEC_Pedro.pdf\" target=\"_blank\" rel=\"noopener noreferrer\">Vitamina C e \u00e1cido citrico na dieta de leit\u00f5es em creche<\/a><\/p>\n<p><a href=\"http:\/\/www2.uepg.br\/biomodel\/wp-content\/uploads\/sites\/27\/2020\/03\/CONAITEC_Wilian.pdf\" target=\"_blank\" rel=\"noopener noreferrer\">An\u00e1lise Comparativa do Desempenho de Porcas Prim\u00edparas e Mult\u00edparas<\/a><\/p>\n<p><strong>2018<\/strong><\/p>\n<p><a href=\"http:\/\/www2.uepg.br\/biomodel\/wp-content\/uploads\/sites\/27\/2020\/03\/Conaitec-MA_parasitas.pdf\" target=\"_blank\" rel=\"noopener\">Efic\u00e1cia das lactonas macroc\u00edclicas injet\u00e1veis em bovinos: uma revis\u00e3o sistem\u00e1tica e meta-an\u00e1lise <\/a><\/p>\n<p><a href=\"http:\/\/www2.uepg.br\/biomodel\/wp-content\/uploads\/sites\/27\/2020\/03\/Conaitec_mortalidade.pdf\" target=\"_blank\" rel=\"noopener\">Mortalidade de leit\u00f5es e suas causas ao nascimento <\/a><\/p>\n<p><a href=\"http:\/\/www2.uepg.br\/biomodel\/wp-content\/uploads\/sites\/27\/2020\/03\/Conaitec_soja_vf.pdf\" target=\"_blank\" rel=\"noopener\">Processamento da soja em dietas para leit\u00f5es p\u00f3s desmame e em creche<\/a><\/p>\n<p><a href=\"http:\/\/www2.uepg.br\/biomodel\/wp-content\/uploads\/sites\/27\/2020\/03\/Conaitec_behaviour.pdf\" target=\"_blank\" rel=\"noopener\">Respostas comportamentais relacionadas ao bem-estar em leit\u00f5es na fase de creche <\/a><\/p>\n<p><a href=\"http:\/\/www2.uepg.br\/biomodel\/wp-content\/uploads\/sites\/27\/2020\/03\/Conaitec_bioquimicos.pdf\" target=\"_blank\" rel=\"noopener\">Respostas fisiol\u00f3gicas de leit\u00f5es em creche alimentados com melissa officinalis ou expostos ao enriquecimento ambiental<\/a><\/p>\n<p><a href=\"http:\/\/www2.uepg.br\/biomodel\/wp-content\/uploads\/sites\/27\/2020\/03\/Conaitec_OF_leitoes.pdf\" target=\"_blank\" rel=\"noopener\">Uso de \u00f3leos funcionais em substitui\u00e7\u00e3o aos antimicrobianos na dieta de leit\u00f5es lactentes<\/a><a href=\"http:\/\/www2.uepg.br\/biomodel\/wp-content\/uploads\/sites\/27\/2020\/03\/Conaitec-MA_parasitas.pdf\" target=\"_blank\" rel=\"noopener noreferrer\"><br \/>\n<\/a><\/p>\n<p><strong>2017<\/strong><\/p>\n<p><a href=\"http:\/\/www2.uepg.br\/biomodel\/wp-content\/uploads\/sites\/27\/2020\/03\/10_Fernanda_Maria_Denck-150691259889695.pdf\" target=\"_blank\" rel=\"noopener\">Rela\u00e7\u00f5es do uso de mediadores metab\u00f3licos em porcas gestantes e lactantes<\/a><\/p>\n<p><a href=\"http:\/\/www2.uepg.br\/biomodel\/wp-content\/uploads\/sites\/27\/2020\/03\/10_Jo\u00e3o_Ot\u00e1vio_Hilgemberg-150515460642303.pdf\" target=\"_blank\" rel=\"noopener\">Uso de enzimas na alimenta\u00e7\u00e3o de leit\u00f5es e su\u00ednos em crescimento: estudo meta-anal\u00edtico<\/a><\/p>\n<p><a href=\"http:\/\/www2.uepg.br\/biomodel\/wp-content\/uploads\/sites\/27\/2020\/03\/10_Pedro_Augusto_Galiotto_Miranda-150695868672433.pdf\" target=\"_blank\" rel=\"noopener\">Estudo meta-anal\u00edtico sobre o uso de \u00e1cido asc\u00f3rbico e an\u00e1logos no desempenho de leit\u00f5es em creche<\/a><\/p>\n<p><a href=\"http:\/\/www2.uepg.br\/biomodel\/wp-content\/uploads\/sites\/27\/2020\/03\/Mass_abraves_2017_120.pdf\" target=\"_blank\" rel=\"noopener\">Impacto da espessura de toucinho sobre o desempenho produtivo de porcas gestantes e lactantes<\/a><\/p>\n<p><a href=\"http:\/\/www2.uepg.br\/biomodel\/wp-content\/uploads\/sites\/27\/2020\/03\/Mass_abraves_2017_128.pdf\" target=\"_blank\" rel=\"noopener\">Influ\u00eancia da viabilidade e do sexo sobre o peso de leit\u00f5es lactantes<\/a><\/p>\n<p style=\"text-align: left\"><strong>2016<\/strong><\/p>\n<p style=\"text-align: left\"><a href=\"http:\/\/www2.uepg.br\/biomodel\/wp-content\/uploads\/sites\/27\/2019\/07\/0c44ea806fb926a21682648c9eff068a.pdf\" target=\"_blank\" rel=\"noopener\">Estudo meta-anal\u00edtico do uso de \u00e1cidos org\u00e2nicos na alimenta\u00e7\u00e3o de leit\u00f5es em p\u00f3s-desmame e creche<\/a><\/p>\n<p style=\"text-align: left\"><a href=\"http:\/\/www2.uepg.br\/biomodel\/wp-content\/uploads\/sites\/27\/2019\/07\/2198be6013b66297b72fbdb3d41e2949.pdf\" target=\"_blank\" rel=\"noopener\">\u00c1cido fum\u00e1rico na alimenta\u00e7\u00e3o de leit\u00f5es p\u00f3s-desmame e em creche: estudo meta-anal\u00edtico<\/a><\/p>\n<p style=\"text-align: left\"><a href=\"http:\/\/www2.uepg.br\/biomodel\/wp-content\/uploads\/sites\/27\/2019\/07\/083b97a44152406291657145283658e2.pdf\" target=\"_blank\" rel=\"noopener\">Influ\u00eancia do ph e do \u00e1cido fum\u00e1rico sobre a morfologia intestinal e digestibilidade dos nutrientes em leit\u00f5es em creche: estudo meta-anal\u00edtico<\/a><\/p>\n<p style=\"text-align: left\"><a href=\"http:\/\/www2.uepg.br\/biomodel\/wp-content\/uploads\/sites\/27\/2019\/07\/31cf1d11bd09d6233564b445d7cbda9f.pdf\" target=\"_blank\" rel=\"noopener\">Uso de \u00e1cidos org\u00e2nicos na alimenta\u00e7\u00e3o de leit\u00f5es p\u00f3s-desmame e em creche: estudo meta-anal\u00edtico<\/a><\/p>\n<p style=\"text-align: left\"><a href=\"http:\/\/www2.uepg.br\/biomodel\/wp-content\/uploads\/sites\/27\/2019\/07\/742aca533cb8665ab1e3afc89233a1db.pdf\" target=\"_blank\" rel=\"noopener\">A\u00e7\u00e3o de acidificantes sobre o ph e morfologia intestinal de leit\u00f5es em creche: uma meta-an\u00e1lise<\/a><\/p>\n<p style=\"text-align: left\"><a href=\"http:\/\/www2.uepg.br\/biomodel\/wp-content\/uploads\/sites\/27\/2019\/07\/5867e0791fea295e303db83bfe606190.pdf\" target=\"_blank\" rel=\"noopener\">Enriquecimento ambiental para redu\u00e7\u00e3o de estresse em leit\u00f5es na fase de creche<\/a><\/p>\n<p style=\"text-align: left\"><a href=\"http:\/\/www2.uepg.br\/biomodel\/wp-content\/uploads\/sites\/27\/2019\/07\/d600cfb8aa4ec58dc5e2b40a2e04ae97.pdf\" target=\"_blank\" rel=\"noopener\">Uso de l-carnitina no desempenho de porcas gestantes e lactantes: estudo meta-anal\u00edtico<\/a><\/p>\n<p style=\"text-align: left\"><a href=\"http:\/\/www2.uepg.br\/biomodel\/wp-content\/uploads\/sites\/27\/2019\/07\/f039747f387e11223003a19e414f6858.pdf\" target=\"_blank\" rel=\"noopener\">Aditivos fitog\u00eanicos na alimenta\u00e7\u00e3o de leit\u00f5es p\u00f3s- desmame e creche: uma meta-an\u00e1lise<\/a><\/p>\n<p style=\"text-align: left\">\n","protected":false},"excerpt":{"rendered":"<p>2023 Par\u00e2metros histomorfom\u00e9tricos do jejuno e \u00edleo de leit\u00f5es lactentes alimentados com dietas contendo \u00f3leos funcionais \u00d3leos funcionais e essenciais em leit\u00f5es lactentes e em creche Viabilidade econ\u00f4mica no uso de medicamentos via \u00e1gua ou ra\u00e7\u00e3o na produ\u00e7\u00e3o de su\u00ednos 2022 Efeitos de minerais org\u00e2nicos e inorg\u00e2nicos sobre a integridade e sa\u00fade intestinal de leit\u00f5es&nbsp;&hellip;<\/p>\n","protected":false},"author":24,"featured_media":0,"parent":0,"menu_order":0,"comment_status":"closed","ping_status":"closed","template":"","meta":[],"_links":{"self":[{"href":"https:\/\/www2.uepg.br\/biomodel\/wp-json\/wp\/v2\/pages\/85"}],"collection":[{"href":"https:\/\/www2.uepg.br\/biomodel\/wp-json\/wp\/v2\/pages"}],"about":[{"href":"https:\/\/www2.uepg.br\/biomodel\/wp-json\/wp\/v2\/types\/page"}],"author":[{"embeddable":true,"href":"https:\/\/www2.uepg.br\/biomodel\/wp-json\/wp\/v2\/users\/24"}],"replies":[{"embeddable":true,"href":"https:\/\/www2.uepg.br\/biomodel\/wp-json\/wp\/v2\/comments?post=85"}],"version-history":[{"count":13,"href":"https:\/\/www2.uepg.br\/biomodel\/wp-json\/wp\/v2\/pages\/85\/revisions"}],"predecessor-version":[{"id":525,"href":"https:\/\/www2.uepg.br\/biomodel\/wp-json\/wp\/v2\/pages\/85\/revisions\/525"}],"wp:attachment":[{"href":"https:\/\/www2.uepg.br\/biomodel\/wp-json\/wp\/v2\/media?parent=85"}],"curies":[{"name":"wp","href":"https:\/\/api.w.org\/{rel}","templated":true}]}}