{"id":11,"date":"2019-06-26T08:34:24","date_gmt":"2019-06-26T11:34:24","guid":{"rendered":"http:\/\/www2.uepg.br\/caar\/?page_id=11"},"modified":"2022-02-09T14:05:11","modified_gmt":"2022-02-09T17:05:11","slug":"apresentacao","status":"publish","type":"page","link":"https:\/\/www2.uepg.br\/caar\/apresentacao\/","title":{"rendered":"Apresenta\u00e7\u00e3o"},"content":{"rendered":"<p>As recentes transforma\u00e7\u00f5es no mundo do trabalho e as novas composi\u00e7\u00f5es no cen\u00e1rio mundial e local v\u00eam pressionando altera\u00e7\u00f5es no interior das institui\u00e7\u00f5es escolares. Assim as exig\u00eancias em rela\u00e7\u00e3o \u00e0 escolariza\u00e7\u00e3o na sociedade atual s\u00e3o entendidas como fator imprescind\u00edvel, ou seja, a escolariza\u00e7\u00e3o \u00e9 condi\u00e7\u00e3o necess\u00e1ria para inser\u00e7\u00e3o do indiv\u00edduo na sociedade e no mercado de trabalho. Portanto a democratiza\u00e7\u00e3o da educa\u00e7\u00e3o apresenta-se como direito e dever de todos, sociedade e Estado.<br \/>\nNesta perspectiva que o CAAR vem desempenhando suas atividades inseridas numa sociedade tecnol\u00f3gica e uma institui\u00e7\u00e3o a servi\u00e7o do Estado. Portanto seu papel est\u00e1 centrado na oferta do ensino profissional de qualidade.<br \/>\nDeste modo \u00e9 importante destacar que a elabora\u00e7\u00e3o do PPP esteve assentada no princ\u00edpio de que pensar em democratiza\u00e7\u00e3o da educa\u00e7\u00e3o \u00e9 pensar em novos fins, em novos objetivos e novas pr\u00e1ticas pedag\u00f3gicas voltando-se para as transforma\u00e7\u00f5es do novo s\u00e9culo.<\/p>\n","protected":false},"excerpt":{"rendered":"<p>As recentes transforma\u00e7\u00f5es no mundo do trabalho e as novas composi\u00e7\u00f5es no cen\u00e1rio mundial e local v\u00eam pressionando altera\u00e7\u00f5es no interior das institui\u00e7\u00f5es escolares. Assim as exig\u00eancias em rela\u00e7\u00e3o \u00e0 escolariza\u00e7\u00e3o na sociedade atual s\u00e3o entendidas como fator imprescind\u00edvel, ou seja, a escolariza\u00e7\u00e3o \u00e9 condi\u00e7\u00e3o necess\u00e1ria para inser\u00e7\u00e3o do indiv\u00edduo na sociedade e no mercado&nbsp;&hellip;<\/p>\n","protected":false},"author":24,"featured_media":0,"parent":0,"menu_order":1,"comment_status":"closed","ping_status":"closed","template":"","meta":[],"_links":{"self":[{"href":"https:\/\/www2.uepg.br\/caar\/wp-json\/wp\/v2\/pages\/11"}],"collection":[{"href":"https:\/\/www2.uepg.br\/caar\/wp-json\/wp\/v2\/pages"}],"about":[{"href":"https:\/\/www2.uepg.br\/caar\/wp-json\/wp\/v2\/types\/page"}],"author":[{"embeddable":true,"href":"https:\/\/www2.uepg.br\/caar\/wp-json\/wp\/v2\/users\/24"}],"replies":[{"embeddable":true,"href":"https:\/\/www2.uepg.br\/caar\/wp-json\/wp\/v2\/comments?post=11"}],"version-history":[{"count":2,"href":"https:\/\/www2.uepg.br\/caar\/wp-json\/wp\/v2\/pages\/11\/revisions"}],"predecessor-version":[{"id":162,"href":"https:\/\/www2.uepg.br\/caar\/wp-json\/wp\/v2\/pages\/11\/revisions\/162"}],"wp:attachment":[{"href":"https:\/\/www2.uepg.br\/caar\/wp-json\/wp\/v2\/media?parent=11"}],"curies":[{"name":"wp","href":"https:\/\/api.w.org\/{rel}","templated":true}]}}