{"id":13,"date":"2019-06-26T08:35:19","date_gmt":"2019-06-26T11:35:19","guid":{"rendered":"http:\/\/www2.uepg.br\/caar\/?page_id=13"},"modified":"2024-02-22T13:43:06","modified_gmt":"2024-02-22T16:43:06","slug":"historico","status":"publish","type":"page","link":"https:\/\/www2.uepg.br\/caar\/historico\/","title":{"rendered":"Hist\u00f3rico"},"content":{"rendered":"<p>O Col\u00e9gio Agr\u00edcola Estadual \u201cAugusto Ribas\u201d &#8211; Ensino M\u00e9dio e profissional, est\u00e1 situado \u00e0 Alameda Nabuco de Ara\u00fajo, 469, no Bairro de Uvaranas, zona Urbana, na periferia, da cidade de Ponta Grossa \u2013 Estado: Paran\u00e1.<br \/>\nO Estabelecimento de ensino foi fundado em 17 de Setembro de 1937, pelo Interventor Manoel Ribas, com a denomina\u00e7\u00e3o de Escola de Trabalhadores Rurais.<br \/>\nA cria\u00e7\u00e3o deste estabelecimento esteve atrelada a quest\u00f5es de cunho social, no final dos anos 36 e in\u00edcio de 37, o n\u00famero de crian\u00e7as e adolescentes considerados desfavorecidos economicamente aumentava, requerendo iniciativas sociais. Assim, o projeto de cria\u00e7\u00e3o de um local espec\u00edfico para atendimento dessa clientela veio a ser concretizado em 13 de dezembro de 1937, atrav\u00e9s do decreto n\u00b0 7.782\/38.<br \/>\nA institui\u00e7\u00e3o inicialmente era mantida pela Escola de Trabalhadores Rurais.<br \/>\nNo ano de 1944, a institui\u00e7\u00e3o passou a ofertar o curso de Ensino Rural completo, com dura\u00e7\u00e3o de tr\u00eas anos, a certifica\u00e7\u00e3o ao final do curso era de Lavrador. Tamb\u00e9m ofertava o curso prim\u00e1rio.<br \/>\nAp\u00f3s 12 anos, nova reestrutura\u00e7\u00e3o ocorre na institui\u00e7\u00e3o, atrav\u00e9s da Lei org\u00e2nica do Ensino Agr\u00edcola, o qual passou a ofertar em 1956, o curso de Inicia\u00e7\u00e3o que era equivalente a 5\u00b0 e 6\u00b0 s\u00e9rie, hoje s\u00e9ries finais do ensino fundamental, e o de Mestria Agr\u00edcola que corresponde \u00e0s s\u00e9ries finais do ensino fundamental. Na \u00e9poca o ensino agr\u00edcola era subordinado a Superintend\u00eancia do Ensino Agr\u00edcola e Veterin\u00e1rio.<br \/>\nEm 1960, foi autorizado o funcionamento da Escola Agrot\u00e9cnica Augusto Ribas, atrav\u00e9s do decreto n\u00b0 27925 de 12 janeiro de 1960. a institui\u00e7\u00e3o passou a ofertar os cursos de T\u00e9cnico em Agricultura e T\u00e9cnico em Zootecnia. Estes dois cursos equivaliam ao antigo ensino de 2\u00b0 grau, hoje atual ensino m\u00e9dio profissional.<br \/>\nAs bases curriculares para os estabelecimentos subordinados \u00e0 secretaria da Agricultura, foram publicados no Di\u00e1rio oficial n\u00b0 131\/62, cujas orienta\u00e7\u00f5es estavam atreladas a Lei 4024\/61.<br \/>\nAs escolas de trabalhadores rurais passam a ser Col\u00e9gios Agr\u00edcolas p\u00f3s 1962.<br \/>\nEm 1962, a Escola Agrot\u00e9cnica de Ponta Grossa passou a ser denominada de Col\u00e9gio Agr\u00edcola Augusto Ribas, ano em que tamb\u00e9m foi implantado o Curso T\u00e9cnico Agr\u00edcola de 2\u00b0 grau.<br \/>\nA denomina\u00e7\u00e3o de Col\u00e9gio Agr\u00edcola Estadual Augusto Ribas ocorreu em 1963.<br \/>\nO curso de Economia Dom\u00e9stica Rural foi ofertado em 1967, de acordo com nova grade curricular para este curso aprovada em 1967.<br \/>\nO curso T\u00e9cnico Florestal foi ofertado em 1969, formando sua 1\u00aa turma em 1971.<br \/>\nO parecer 174\/70, alterou a proposta curricular para os cursos Agr\u00edcolas Florestal e Economia Dom\u00e9stica, atrav\u00e9s dos processos 408, 409, 411, 412 e 413 de 1970, essas novas altera\u00e7\u00f5es passam a vigorar em 1971. Este curso vigorou at\u00e9 dezembro de 2002.<br \/>\nEm 14 de Maio de 1980, o Governador Ney Braga assinou a Lei n.\u00ba 7.307, pela qual o Col\u00e9gio Agr\u00edcola Estadual &#8220;Augusto Ribas&#8221; passou a ser administrado pela Universidade Estadual de Ponta Grossa.<br \/>\nA clientela escolar \u00e9 oriunda dos diversos bairros da cidade de Ponta Grossa, dos Campos Gerais e demais regi\u00f5es do Paran\u00e1.<\/p>\n","protected":false},"excerpt":{"rendered":"<p>O Col\u00e9gio Agr\u00edcola Estadual \u201cAugusto Ribas\u201d &#8211; Ensino M\u00e9dio e profissional, est\u00e1 situado \u00e0 Alameda Nabuco de Ara\u00fajo, 469, no Bairro de Uvaranas, zona Urbana, na periferia, da cidade de Ponta Grossa \u2013 Estado: Paran\u00e1. O Estabelecimento de ensino foi fundado em 17 de Setembro de 1937, pelo Interventor Manoel Ribas, com a denomina\u00e7\u00e3o de&nbsp;&hellip;<\/p>\n","protected":false},"author":24,"featured_media":0,"parent":0,"menu_order":2,"comment_status":"closed","ping_status":"closed","template":"","meta":[],"_links":{"self":[{"href":"https:\/\/www2.uepg.br\/caar\/wp-json\/wp\/v2\/pages\/13"}],"collection":[{"href":"https:\/\/www2.uepg.br\/caar\/wp-json\/wp\/v2\/pages"}],"about":[{"href":"https:\/\/www2.uepg.br\/caar\/wp-json\/wp\/v2\/types\/page"}],"author":[{"embeddable":true,"href":"https:\/\/www2.uepg.br\/caar\/wp-json\/wp\/v2\/users\/24"}],"replies":[{"embeddable":true,"href":"https:\/\/www2.uepg.br\/caar\/wp-json\/wp\/v2\/comments?post=13"}],"version-history":[{"count":4,"href":"https:\/\/www2.uepg.br\/caar\/wp-json\/wp\/v2\/pages\/13\/revisions"}],"predecessor-version":[{"id":124,"href":"https:\/\/www2.uepg.br\/caar\/wp-json\/wp\/v2\/pages\/13\/revisions\/124"}],"wp:attachment":[{"href":"https:\/\/www2.uepg.br\/caar\/wp-json\/wp\/v2\/media?parent=13"}],"curies":[{"name":"wp","href":"https:\/\/api.w.org\/{rel}","templated":true}]}}