{"id":144,"date":"2019-09-11T14:49:57","date_gmt":"2019-09-11T17:49:57","guid":{"rendered":"http:\/\/www2.uepg.br\/caar\/?page_id=144"},"modified":"2025-02-28T16:42:50","modified_gmt":"2025-02-28T19:42:50","slug":"contato","status":"publish","type":"page","link":"https:\/\/www2.uepg.br\/caar\/contato\/","title":{"rendered":"Contato"},"content":{"rendered":"<h2 style=\"text-align: center\"><span style=\"color: #0000ff\"><strong>Whatsapp da Secretaria do CAAR<\/strong><\/span><\/h2>\n<h3 style=\"text-align: center\"><span style=\"color: #0000ff\">(42)3220-3028<\/span><\/h3>\n<hr \/>\n<h2 style=\"text-align: center\"><span style=\"color: #0000ff\"><strong>Whatsapp da Equipe Pedag\u00f3gica do CAAR<\/strong><\/span><\/h2>\n<h3 style=\"text-align: center\"><span style=\"color: #0000ff\">(42)3220-3177<\/span><\/h3>\n<hr \/>\n<h2 style=\"text-align: center\"><span style=\"color: #0000ff\"><strong>E-mail<\/strong><\/span><\/h2>\n<h3 style=\"text-align: center\"><span style=\"color: #0000ff\">caar@uepg.br<\/span><\/h3>\n<hr \/>\n<h2 style=\"text-align: center\"><span style=\"color: #0000ff\"><strong>Telefones do CAAR<\/strong><\/span><\/h2>\n<h2 style=\"text-align: center\"><span style=\"color: #0000ff\"><strong>Equipe Pedag\u00f3gica<\/strong><\/span><\/h2>\n<h4 style=\"text-align: center\"><span style=\"color: #0000ff\">Aldimara<\/span><\/h4>\n<h4 style=\"text-align: center\"><span style=\"color: #0000ff\">Ana Rita Martins Acras<\/span><\/h4>\n<h4 style=\"text-align: center\"><span style=\"color: #0000ff\">Gislaine<\/span><\/h4>\n<h3 style=\"text-align: center\"><span style=\"color: #0000ff\">(42)3220-3177<\/span><\/h3>\n<hr \/>\n<h2 style=\"text-align: center\"><span style=\"color: #0000ff\"><strong>Coordena\u00e7\u00e3o de Curso &#8211; Prof. <sup>a\u00a0 <\/sup>Helo\u00edsa<\/strong><\/span><\/h2>\n<h3 style=\"text-align: center\"><span style=\"color: #0000ff\">(42)3220-3171<\/span><\/h3>\n<hr \/>\n<h2 style=\"text-align: center\"><span style=\"color: #0000ff\"><strong>Coordena\u00e7\u00e3o de Est\u00e1gio &#8211; Prof. Di\u00f3genes<\/strong><\/span><\/h2>\n<h3 style=\"text-align: center\"><span style=\"color: #0000ff\">(42)3220-3180<\/span><\/h3>\n<hr \/>\n<h2 style=\"text-align: center\"><span style=\"color: #0000ff\"><strong>Coordena\u00e7\u00e3o de Internato &#8211; Felomena<\/strong><\/span><\/h2>\n<h3 style=\"text-align: center\"><span style=\"color: #0000ff\">(42)3220-3168<\/span><\/h3>\n<hr \/>\n<h2 style=\"text-align: center\"><span style=\"color: #0000ff\"><strong>Alojamento\u00a0 Masculino <\/strong><\/span><\/h2>\n<h3 style=\"text-align: center\"><span style=\"color: #0000ff\">(42)2102-8915<\/span><\/h3>\n<hr \/>\n<h2 style=\"text-align: center\"><span style=\"color: #0000ff\"><strong>Alojamento\u00a0 Feminino<\/strong><\/span><\/h2>\n<h3 style=\"text-align: center\"><span style=\"color: #0000ff\">(42)3220-3174<\/span><\/h3>\n<hr \/>\n<h2 style=\"text-align: center\"><span style=\"color: #0000ff\"><strong>Secretaria <\/strong><\/span><\/h2>\n<h3 style=\"text-align: center\"><span style=\"color: #0000ff\">(42)3220-3028<\/span><\/h3>\n<h3 style=\"text-align: center\"><span style=\"color: #0000ff\">(42)3220-3029<\/span><\/h3>\n<hr \/>\n<h3 style=\"text-align: center\"><\/h3>\n<h3 style=\"text-align: center\"><\/h3>\n","protected":false},"excerpt":{"rendered":"<p>Whatsapp da Secretaria do CAAR (42)3220-3028 Whatsapp da Equipe Pedag\u00f3gica do CAAR (42)3220-3177 E-mail caar@uepg.br Telefones do CAAR Equipe Pedag\u00f3gica Aldimara Ana Rita Martins Acras Gislaine (42)3220-3177 Coordena\u00e7\u00e3o de Curso &#8211; Prof. a\u00a0 Helo\u00edsa (42)3220-3171 Coordena\u00e7\u00e3o de Est\u00e1gio &#8211; Prof. Di\u00f3genes (42)3220-3180 Coordena\u00e7\u00e3o de Internato &#8211; Felomena (42)3220-3168 Alojamento\u00a0 Masculino (42)2102-8915 Alojamento\u00a0 Feminino (42)3220-3174 Secretaria&nbsp;&hellip;<\/p>\n","protected":false},"author":24,"featured_media":0,"parent":0,"menu_order":9,"comment_status":"closed","ping_status":"closed","template":"","meta":[],"_links":{"self":[{"href":"https:\/\/www2.uepg.br\/caar\/wp-json\/wp\/v2\/pages\/144"}],"collection":[{"href":"https:\/\/www2.uepg.br\/caar\/wp-json\/wp\/v2\/pages"}],"about":[{"href":"https:\/\/www2.uepg.br\/caar\/wp-json\/wp\/v2\/types\/page"}],"author":[{"embeddable":true,"href":"https:\/\/www2.uepg.br\/caar\/wp-json\/wp\/v2\/users\/24"}],"replies":[{"embeddable":true,"href":"https:\/\/www2.uepg.br\/caar\/wp-json\/wp\/v2\/comments?post=144"}],"version-history":[{"count":20,"href":"https:\/\/www2.uepg.br\/caar\/wp-json\/wp\/v2\/pages\/144\/revisions"}],"predecessor-version":[{"id":3201,"href":"https:\/\/www2.uepg.br\/caar\/wp-json\/wp\/v2\/pages\/144\/revisions\/3201"}],"wp:attachment":[{"href":"https:\/\/www2.uepg.br\/caar\/wp-json\/wp\/v2\/media?parent=144"}],"curies":[{"name":"wp","href":"https:\/\/api.w.org\/{rel}","templated":true}]}}