{"id":15,"date":"2019-06-26T08:37:12","date_gmt":"2019-06-26T11:37:12","guid":{"rendered":"http:\/\/www2.uepg.br\/caar\/?page_id=15"},"modified":"2022-02-09T14:41:01","modified_gmt":"2022-02-09T17:41:01","slug":"o-curso","status":"publish","type":"page","link":"https:\/\/www2.uepg.br\/caar\/o-curso\/","title":{"rendered":"O Curso"},"content":{"rendered":"<p align=\"justify\"><strong>\u00a0\u00a0\u00a0<span style=\"color: #333333\"><a class=\"style1\" style=\"color: #333333\">T\u00c9CNICO AGR\u00cdCOLA<\/a><\/span><\/strong><\/p>\n<h3 align=\"justify\"><\/h3>\n<p class=\"style1\" align=\"justify\"><strong>\u00a0\u00a0\u00a0<span style=\"color: #333333\"><a class=\"style1\" style=\"color: #333333\">T\u00c9CNICO EM AGROPECU\u00c1RIA<\/a><\/span><\/strong><\/p>\n<blockquote><p><span style=\"color: #333333\"><strong>Caracteriza\u00e7\u00e3o<\/strong><\/span><\/p>\n<blockquote><p>O t\u00e9cnico em agropecu\u00e1ria \u00e9 o profissional formado em n\u00edvel m\u00e9dio que presta servi\u00e7os t\u00e9cnicos e orienta\u00e7\u00e3o aos Produtores Rurais, em atividades ligadas \u00e0 Agricultura e Pecu\u00e1ria.<\/p><\/blockquote>\n<p><span style=\"color: #333333\"><a style=\"color: #333333\"><strong>Atribui\u00e7\u00f5es do Futuro Profissional<\/strong><\/a><\/span><\/p>\n<ul>\n<li>Atividades que orienta e executa :<br \/>\npreparo do solo, envolvendo ara\u00e7\u00f5es, gradea\u00e7\u00f5es, loca\u00e7\u00f5es de curvas de n\u00edvel, aplica\u00e7\u00e3o de corretivos e pr\u00e1ticas de conserva\u00e7\u00e3o de solo;<br \/>\nuso de m\u00e1quinas e implementos agr\u00edcolas, opera\u00e7\u00f5es de plantio, uso adequado de agroqu\u00edmicos e t\u00e9cnicas culturais, colheita e comercializa\u00e7\u00e3o;<br \/>\ninstala\u00e7\u00e3o de sistemas de irriga\u00e7\u00e3o e drenagem;<br \/>\nmanejo de pequenos e grandes animais, melhoramento de ra\u00e7as, insemina\u00e7\u00e3o artificial.<br \/>\nmedi\u00e7\u00f5es topogr\u00e1ficas;<br \/>\nadministra\u00e7\u00e3o de empresas rurais, granjas e campos experimentais.<\/li>\n<li>Na comercializa\u00e7\u00e3o de produtos agropecu\u00e1rios;<\/li>\n<li>Prestar servi\u00e7os de assist\u00eancia t\u00e9cnica e extens\u00e3o rural;<\/li>\n<li>Supervisionar as tarefas de campo dos trabalhadores nas \u00e1reas da agricultura e pecu\u00e1ria;<\/li>\n<li>Ministrar aulas pr\u00e1ticas em col\u00e9gios agr\u00edcolas, no manejo e preparo de muda<\/li>\n<\/ul>\n<\/blockquote>\n","protected":false},"excerpt":{"rendered":"<p>\u00a0\u00a0\u00a0T\u00c9CNICO AGR\u00cdCOLA \u00a0\u00a0\u00a0T\u00c9CNICO EM AGROPECU\u00c1RIA Caracteriza\u00e7\u00e3o O t\u00e9cnico em agropecu\u00e1ria \u00e9 o profissional formado em n\u00edvel m\u00e9dio que presta servi\u00e7os t\u00e9cnicos e orienta\u00e7\u00e3o aos Produtores Rurais, em atividades ligadas \u00e0 Agricultura e Pecu\u00e1ria. Atribui\u00e7\u00f5es do Futuro Profissional Atividades que orienta e executa : preparo do solo, envolvendo ara\u00e7\u00f5es, gradea\u00e7\u00f5es, loca\u00e7\u00f5es de curvas de n\u00edvel, aplica\u00e7\u00e3o&nbsp;&hellip;<\/p>\n","protected":false},"author":24,"featured_media":0,"parent":0,"menu_order":3,"comment_status":"closed","ping_status":"closed","template":"page-templates\/homepage.php","meta":[],"_links":{"self":[{"href":"https:\/\/www2.uepg.br\/caar\/wp-json\/wp\/v2\/pages\/15"}],"collection":[{"href":"https:\/\/www2.uepg.br\/caar\/wp-json\/wp\/v2\/pages"}],"about":[{"href":"https:\/\/www2.uepg.br\/caar\/wp-json\/wp\/v2\/types\/page"}],"author":[{"embeddable":true,"href":"https:\/\/www2.uepg.br\/caar\/wp-json\/wp\/v2\/users\/24"}],"replies":[{"embeddable":true,"href":"https:\/\/www2.uepg.br\/caar\/wp-json\/wp\/v2\/comments?post=15"}],"version-history":[{"count":4,"href":"https:\/\/www2.uepg.br\/caar\/wp-json\/wp\/v2\/pages\/15\/revisions"}],"predecessor-version":[{"id":1527,"href":"https:\/\/www2.uepg.br\/caar\/wp-json\/wp\/v2\/pages\/15\/revisions\/1527"}],"wp:attachment":[{"href":"https:\/\/www2.uepg.br\/caar\/wp-json\/wp\/v2\/media?parent=15"}],"curies":[{"name":"wp","href":"https:\/\/api.w.org\/{rel}","templated":true}]}}