{"id":17,"date":"2019-06-26T08:48:55","date_gmt":"2019-06-26T11:48:55","guid":{"rendered":"http:\/\/www2.uepg.br\/caar\/?page_id=17"},"modified":"2026-02-25T14:30:13","modified_gmt":"2026-02-25T17:30:13","slug":"estrutura","status":"publish","type":"page","link":"https:\/\/www2.uepg.br\/caar\/estrutura\/","title":{"rendered":"Equipe do CAAR"},"content":{"rendered":"<h2 style=\"text-align: center;padding-left: 40px\"><img loading=\"lazy\" class=\"wp-image-935 alignleft\" src=\"http:\/\/www2.uepg.br\/caar\/wp-content\/uploads\/sites\/24\/2021\/03\/Logo-duas-cores_frase-abaixo-300x176.jpg\" alt=\"\" width=\"110\" height=\"65\" srcset=\"https:\/\/www2.uepg.br\/caar\/wp-content\/uploads\/sites\/24\/2021\/03\/Logo-duas-cores_frase-abaixo-300x176.jpg 300w, https:\/\/www2.uepg.br\/caar\/wp-content\/uploads\/sites\/24\/2021\/03\/Logo-duas-cores_frase-abaixo-768x451.jpg 768w, https:\/\/www2.uepg.br\/caar\/wp-content\/uploads\/sites\/24\/2021\/03\/Logo-duas-cores_frase-abaixo.jpg 950w\" sizes=\"(max-width: 110px) 100vw, 110px\" \/><\/h2>\n<h1><a href=\"https:\/\/www2.uepg.br\/caar\/estrutura\/af_marca_caar_preferencial-1-3\/\" rel=\"attachment wp-att-2357\"><img loading=\"lazy\" class=\"wp-image-2357 alignright\" src=\"http:\/\/www2.uepg.br\/caar\/wp-content\/uploads\/sites\/24\/2023\/09\/af_marca_caar_PREFERENCIAL-1.jpg\" alt=\"\" width=\"129\" height=\"91\" \/><\/a><\/h1>\n<h1 style=\"text-align: center\"><span style=\"color: #067c99\"><strong>Equipe do CAAR<\/strong><\/span><\/h1>\n<h2 style=\"text-align: center;padding-left: 40px\"><span style=\"color: #067c99\"><strong>Diretor<\/strong><\/span><\/h2>\n<h3 style=\"text-align: center;padding-left: 40px\"><span style=\"color: #067c99\">\u00a0Alceb\u00edades Antonio Baretta<\/span><\/h3>\n<p><span style=\"color: #067c99\"><a style=\"color: #067c99\" href=\"https:\/\/www2.uepg.br\/caar\/editais\/linha-divisoria-imagem-animada-0132\/\" rel=\"attachment wp-att-2346\"><img loading=\"lazy\" class=\"alignnone size-full wp-image-2346 aligncenter\" src=\"http:\/\/www2.uepg.br\/caar\/wp-content\/uploads\/sites\/24\/2023\/09\/linha-divisoria-imagem-animada-0132.gif\" alt=\"\" width=\"640\" height=\"10\" \/><\/a><\/span><\/p>\n<h2 style=\"text-align: center;padding-left: 40px\"><span style=\"color: #067c99\"><strong>Vice-Diretor<\/strong><\/span><\/h2>\n<h3 style=\"text-align: center;padding-left: 40px\"><span style=\"color: #067c99\">\u00a0Douglas Panzarini Taques<\/span><\/h3>\n<p><span style=\"color: #067c99\"><a style=\"color: #067c99\" href=\"https:\/\/www2.uepg.br\/caar\/editais\/linha-divisoria-imagem-animada-0132\/\" rel=\"attachment wp-att-2346\"><img loading=\"lazy\" class=\"alignnone size-full wp-image-2346 aligncenter\" src=\"http:\/\/www2.uepg.br\/caar\/wp-content\/uploads\/sites\/24\/2023\/09\/linha-divisoria-imagem-animada-0132.gif\" alt=\"\" width=\"640\" height=\"10\" \/><\/a><\/span><\/p>\n<h2 style=\"text-align: center;padding-left: 40px\"><span style=\"color: #067c99\"><strong>Coordenadora de Curso<\/strong><\/span><\/h2>\n<h3 style=\"text-align: center;padding-left: 40px\"><span style=\"color: #067c99\">Heloisa Madalena Giovanetti<\/span><\/h3>\n<p><span style=\"color: #067c99\"><a style=\"color: #067c99\" href=\"https:\/\/www2.uepg.br\/caar\/editais\/linha-divisoria-imagem-animada-0132\/\" rel=\"attachment wp-att-2346\"><img loading=\"lazy\" class=\"alignnone size-full wp-image-2346 aligncenter\" src=\"http:\/\/www2.uepg.br\/caar\/wp-content\/uploads\/sites\/24\/2023\/09\/linha-divisoria-imagem-animada-0132.gif\" alt=\"\" width=\"640\" height=\"10\" \/><\/a><\/span><\/p>\n<h2 style=\"text-align: center;padding-left: 40px\"><span style=\"color: #067c99\"><strong>Coordenador de Est\u00e1gio<\/strong><\/span><\/h2>\n<h3 style=\"text-align: center;padding-left: 40px\"><span style=\"color: #067c99\">Di\u00f3genes Spartalis<\/span><\/h3>\n<p><span style=\"color: #067c99\"><a style=\"color: #067c99\" href=\"https:\/\/www2.uepg.br\/caar\/editais\/linha-divisoria-imagem-animada-0132\/\" rel=\"attachment wp-att-2346\"><img loading=\"lazy\" class=\"alignnone size-full wp-image-2346 aligncenter\" src=\"http:\/\/www2.uepg.br\/caar\/wp-content\/uploads\/sites\/24\/2023\/09\/linha-divisoria-imagem-animada-0132.gif\" alt=\"\" width=\"640\" height=\"10\" \/><\/a><\/span><\/p>\n<h2 style=\"text-align: center;padding-left: 40px\"><span style=\"color: #067c99\"><strong>Administra\u00e7\u00e3o do Internato<\/strong><\/span><\/h2>\n<h3 style=\"text-align: center;padding-left: 40px\"><span style=\"color: #067c99\">Felomena Derkacz Baretta<\/span><\/h3>\n<h3 style=\"text-align: center;padding-left: 40px\"><span style=\"color: #067c99\">\u00a0<\/span><span style=\"color: #067c99\"><a style=\"color: #067c99\" href=\"https:\/\/www2.uepg.br\/caar\/editais\/linha-divisoria-imagem-animada-0132\/\" rel=\"attachment wp-att-2346\"><img loading=\"lazy\" class=\"alignnone size-full wp-image-2346 aligncenter\" src=\"http:\/\/www2.uepg.br\/caar\/wp-content\/uploads\/sites\/24\/2023\/09\/linha-divisoria-imagem-animada-0132.gif\" alt=\"\" width=\"640\" height=\"10\" \/><\/a><\/span><\/h3>\n<h2 style=\"text-align: center;padding-left: 40px\"><span style=\"color: #067c99\"><strong>Secretaria<\/strong><\/span><\/h2>\n<h3 style=\"text-align: center;padding-left: 40px\"><span style=\"color: #067c99\">Ana Maria Paulin Teixeira<\/span><\/h3>\n<h3 style=\"text-align: center;padding-left: 40px\"><span style=\"color: #067c99\">Elisandra Machado Mereth<\/span><\/h3>\n<h3 style=\"text-align: center;padding-left: 40px\"><span style=\"color: #067c99\">Helena Diniz de Almeida<\/span><\/h3>\n<h3 style=\"text-align: center;padding-left: 40px\"><span style=\"color: #067c99\">Patr\u00edcia Macedo de Lima<\/span><\/h3>\n<h3 style=\"text-align: center;padding-left: 40px\"><span style=\"color: #067c99\">Rozilda Diniz<\/span><\/h3>\n<p><span style=\"color: #067c99\"><a style=\"color: #067c99\" href=\"https:\/\/www2.uepg.br\/caar\/editais\/linha-divisoria-imagem-animada-0132\/\" rel=\"attachment wp-att-2346\"><img loading=\"lazy\" class=\"alignnone size-full wp-image-2346 aligncenter\" src=\"http:\/\/www2.uepg.br\/caar\/wp-content\/uploads\/sites\/24\/2023\/09\/linha-divisoria-imagem-animada-0132.gif\" alt=\"\" width=\"640\" height=\"10\" \/><\/a><\/span><\/p>\n<h2 style=\"text-align: center;padding-left: 40px\"><span style=\"color: #067c99\"><strong>Equipe Pedag\u00f3gica<\/strong><\/span><\/h2>\n<h3 style=\"text-align: center;padding-left: 40px\"><span style=\"color: #067c99\">Aldimara Catarina Brito Delabona Boutin<\/span><\/h3>\n<h3 style=\"text-align: center;padding-left: 40px\"><span style=\"color: #067c99\">Ana Rita Martins Acras<\/span><\/h3>\n<h3 style=\"text-align: center;padding-left: 40px\"><span style=\"color: #067c99\">Franciele Cristine Beraldo Ingenchki\u00a0<\/span><\/h3>\n<h3 style=\"text-align: center;padding-left: 40px\"><span style=\"color: #067c99\">Gislaine Maria Merotto<\/span><\/h3>\n<p><span style=\"color: #067c99\"><a style=\"color: #067c99\" href=\"https:\/\/www2.uepg.br\/caar\/editais\/linha-divisoria-imagem-animada-0132\/\" rel=\"attachment wp-att-2346\"><img loading=\"lazy\" class=\"alignnone size-full wp-image-2346 aligncenter\" src=\"http:\/\/www2.uepg.br\/caar\/wp-content\/uploads\/sites\/24\/2023\/09\/linha-divisoria-imagem-animada-0132.gif\" alt=\"\" width=\"640\" height=\"10\" \/><\/a><\/span><\/p>\n<h2 style=\"text-align: center;padding-left: 40px\"><span style=\"color: #067c99\"><strong>PROFESSORES<\/strong><\/span><\/h2>\n<h3 style=\"text-align: center;padding-left: 40px\"><span style=\"color: #067c99\">Adalci Leite Torres<\/span><\/h3>\n<h3 style=\"text-align: center;padding-left: 40px\"><span style=\"color: #067c99\">Alzenir Virginia Ferreira Soistak<\/span><\/h3>\n<h3 style=\"text-align: center;padding-left: 40px\"><span style=\"color: #067c99\">Ana Beatriz Rauen dos Passos<\/span><\/h3>\n<h3 style=\"text-align: center;padding-left: 40px\"><span style=\"color: #067c99\">Ana Cl\u00e1udia Koki Sampaio Issakowicz<\/span><\/h3>\n<h3 style=\"text-align: center;padding-left: 40px\"><span style=\"color: #067c99\">Ana Paula Franczak<\/span><\/h3>\n<h3 style=\"text-align: center;padding-left: 40px\"><span style=\"color: #067c99\">Ana Beatriz Rauen dos Passos<\/span><\/h3>\n<h3 style=\"text-align: center;padding-left: 40px\"><span style=\"color: #067c99\">Andrigo Domingos de Campos<\/span><\/h3>\n<h3 style=\"text-align: center;padding-left: 40px\"><span style=\"color: #067c99\">Ariadne Waureck<\/span><\/h3>\n<h3 style=\"text-align: center;padding-left: 40px\"><span style=\"color: #067c99\">Carla Adriana Menegotto<\/span><\/h3>\n<h3 style=\"text-align: center;padding-left: 40px\"><span style=\"color: #067c99\">Claudia Nekatschalow<\/span><\/h3>\n<h3 style=\"text-align: center;padding-left: 40px\"><span style=\"color: #067c99\">Danile Visnieski<\/span><\/h3>\n<h3 style=\"text-align: center;padding-left: 40px\"><span style=\"color: #067c99\">Edmar Lucas Rodrigues da Silva<\/span><\/h3>\n<h3 style=\"text-align: center;padding-left: 40px\"><span style=\"color: #067c99\">Elano Gustavo Rein<\/span><\/h3>\n<h3 style=\"text-align: center;padding-left: 40px\"><span style=\"color: #067c99\">Eliza Viola Leal<\/span><\/h3>\n<h3 style=\"text-align: center;padding-left: 40px\"><span style=\"color: #067c99\">Erickson Matos Leao Luiz<\/span><\/h3>\n<h3 style=\"text-align: center;padding-left: 40px\"><span style=\"color: #067c99\">Ingrid\u00a0 Milleo de Souza<\/span><\/h3>\n<h3 style=\"text-align: center;padding-left: 40px\"><span style=\"color: #067c99\">Jeanine Domareski Henisch<\/span><\/h3>\n<h3 style=\"text-align: center;padding-left: 40px\"><span style=\"color: #067c99\">Jefferson Francisco da Silva<\/span><\/h3>\n<h3 style=\"text-align: center;padding-left: 40px\"><span style=\"color: #067c99\">Jenova Stori de Lara<\/span><\/h3>\n<h3 style=\"text-align: center;padding-left: 40px\"><span style=\"color: #067c99\">Jo\u00e3o Everton Motta<\/span><\/h3>\n<h3 style=\"text-align: center;padding-left: 40px\"><span style=\"color: #067c99\">Jos\u00e9 Elias Hauagge Adamowicz<\/span><\/h3>\n<h3 style=\"text-align: center;padding-left: 40px\"><span style=\"color: #067c99\">Luana Marcela Santos Trentin<\/span><\/h3>\n<h3 style=\"text-align: center;padding-left: 40px\"><span style=\"color: #067c99\">Maria Dilmara Sampaio<\/span><\/h3>\n<h3 style=\"text-align: center;padding-left: 40px\"><span style=\"color: #067c99\">Mauro Marcolino Carneiro<\/span><\/h3>\n<h3 style=\"text-align: center;padding-left: 40px\"><span style=\"color: #067c99\">Michel Mottim Demiate<\/span><span style=\"color: #067c99\">\u00a0<\/span><\/h3>\n<h3 style=\"text-align: center;padding-left: 40px\"><span style=\"color: #067c99\">Rodrigo Guidini Sonni<\/span><\/h3>\n<h3 style=\"text-align: center;padding-left: 40px\"><span style=\"color: #067c99\">Rosa Ma\u00edra Tonet<\/span><\/h3>\n<h3 style=\"text-align: center;padding-left: 40px\"><span style=\"color: #067c99\">Rubio Sebasti\u00e3o Foga\u00e7a<\/span><\/h3>\n<h3 style=\"text-align: center;padding-left: 40px\"><span style=\"color: #067c99\">Suelen Ribeiro Galdino<\/span><\/h3>\n<h3 style=\"text-align: center;padding-left: 40px\"><span style=\"color: #067c99\">Valdirene Aparecida Rosas<\/span><\/h3>\n<h3 style=\"text-align: center;padding-left: 40px\"><span style=\"color: #067c99\">Thamires Helena Biagini<\/span><\/h3>\n<p><span style=\"color: #067c99\"><a style=\"color: #067c99\" href=\"https:\/\/www2.uepg.br\/caar\/editais\/linha-divisoria-imagem-animada-0132\/\" rel=\"attachment wp-att-2346\"><img loading=\"lazy\" class=\"alignnone size-full wp-image-2346 aligncenter\" src=\"http:\/\/www2.uepg.br\/caar\/wp-content\/uploads\/sites\/24\/2023\/09\/linha-divisoria-imagem-animada-0132.gif\" alt=\"\" width=\"640\" height=\"10\" \/><\/a><\/span><\/p>\n<h2 style=\"text-align: center;padding-left: 40px\"><span style=\"color: #067c99\"><strong>Biblioteca<\/strong><\/span><\/h2>\n<h3 style=\"text-align: center;padding-left: 40px\"><span style=\"color: #067c99\">L\u00eddia Hilda de Oliveira<\/span><\/h3>\n<h2><span style=\"color: #067c99\"><a style=\"color: #067c99\" href=\"https:\/\/www2.uepg.br\/caar\/editais\/linha-divisoria-imagem-animada-0132\/\" rel=\"attachment wp-att-2346\"><img loading=\"lazy\" class=\"alignnone size-full wp-image-2346 aligncenter\" src=\"http:\/\/www2.uepg.br\/caar\/wp-content\/uploads\/sites\/24\/2023\/09\/linha-divisoria-imagem-animada-0132.gif\" alt=\"\" width=\"640\" height=\"10\" \/><\/a><\/span><\/h2>\n<h2 style=\"text-align: center;padding-left: 40px\"><span style=\"color: #067c99\"><strong>Setor de Olericultura<\/strong><\/span><\/h2>\n<h3 style=\"text-align: center;padding-left: 40px\"><span style=\"color: #067c99\">Anderson Rodolfo de Ara\u00fajo (Diretor T\u00e9cnico)<\/span><\/h3>\n<h3 style=\"text-align: center;padding-left: 40px\"><span style=\"color: #067c99\">Gabriel Jean Renaud Vit\u00f3ria<\/span><\/h3>\n<h3 style=\"text-align: center;padding-left: 40px\"><span style=\"color: #067c99\">Jeferson da Cruz Rocha<\/span><\/h3>\n<h3 style=\"text-align: center;padding-left: 40px\"><span style=\"color: #067c99\">Mateus Ianzen de Moura<\/span><\/h3>\n<h3 style=\"text-align: center;padding-left: 40px\"><span style=\"color: #067c99\">Maur\u00edlio Caetano dos Santos Junior<\/span><\/h3>\n<h3 style=\"text-align: center;padding-left: 40px\"><span style=\"color: #067c99\">\u00a0Paulo S\u00e9rgio Ivanski<\/span><\/h3>\n<h3 style=\"text-align: center;padding-left: 40px\"><span style=\"color: #067c99\">Pedro Sastalo<\/span><\/h3>\n<h3 style=\"text-align: center;padding-left: 40px\"><span style=\"color: #067c99\">Renato Lima da Silva<\/span><\/h3>\n<p><span style=\"color: #067c99\"><a style=\"color: #067c99\" href=\"https:\/\/www2.uepg.br\/caar\/editais\/linha-divisoria-imagem-animada-0132\/\" rel=\"attachment wp-att-2346\"><img loading=\"lazy\" class=\"alignnone size-full wp-image-2346 aligncenter\" src=\"http:\/\/www2.uepg.br\/caar\/wp-content\/uploads\/sites\/24\/2023\/09\/linha-divisoria-imagem-animada-0132.gif\" alt=\"\" width=\"640\" height=\"10\" \/><\/a><\/span><\/p>\n<h2 style=\"text-align: center;padding-left: 40px\"><span style=\"color: #067c99\"><strong>Se\u00e7\u00e3o de Servi\u00e7os Gerais<\/strong><\/span><\/h2>\n<h3 style=\"text-align: center;padding-left: 40px\"><span style=\"color: #067c99\">D\u00e9bora Cristina de Jesus Ferreira<\/span><\/h3>\n<h3 style=\"text-align: center;padding-left: 40px\"><span style=\"color: #067c99\">Joana D\u2019Arc dos Anjos Caetano<\/span><\/h3>\n<h3 style=\"text-align: center;padding-left: 40px\"><span style=\"color: #067c99\">L\u00facia Peres Gouveia<\/span><\/h3>\n<h3 style=\"text-align: center;padding-left: 40px\"><span style=\"color: #067c99\">Vilma Rosa Gon\u00e7alves<\/span><\/h3>\n<p><span style=\"color: #067c99\"><a style=\"color: #067c99\" href=\"https:\/\/www2.uepg.br\/caar\/editais\/linha-divisoria-imagem-animada-0132\/\" rel=\"attachment wp-att-2346\"><img loading=\"lazy\" class=\"alignnone size-full wp-image-2346 aligncenter\" src=\"http:\/\/www2.uepg.br\/caar\/wp-content\/uploads\/sites\/24\/2023\/09\/linha-divisoria-imagem-animada-0132.gif\" alt=\"\" width=\"640\" height=\"10\" \/><\/a><\/span><\/p>\n<h2 style=\"text-align: center;padding-left: 40px\"><span style=\"color: #067c99\"><strong>Merenda<\/strong><\/span><\/h2>\n<h3 style=\"text-align: center;padding-left: 40px\"><span style=\"color: #067c99\">Irene de Almeida<\/span><\/h3>\n<h3 style=\"text-align: center;padding-left: 40px\"><span style=\"color: #067c99\">Katiele Machado<\/span><\/h3>\n<h3 style=\"text-align: center;padding-left: 40px\"><span style=\"color: #067c99\">Joelma de Andrade Nunes<\/span><\/h3>\n<p><span style=\"color: #067c99\"><a style=\"color: #067c99\" href=\"https:\/\/www2.uepg.br\/caar\/editais\/linha-divisoria-imagem-animada-0132\/\" rel=\"attachment wp-att-2346\"><img loading=\"lazy\" class=\"alignnone size-full wp-image-2346 aligncenter\" src=\"http:\/\/www2.uepg.br\/caar\/wp-content\/uploads\/sites\/24\/2023\/09\/linha-divisoria-imagem-animada-0132.gif\" alt=\"\" width=\"640\" height=\"10\" \/><\/a><\/span><\/p>\n<h2 style=\"text-align: center;padding-left: 40px\"><span style=\"color: #067c99\"><strong>Restaurante Universit\u00e1rio do CAAR<\/strong><\/span><\/h2>\n<h3 style=\"text-align: center;padding-left: 40px\"><span style=\"color: #067c99\">B\u00e1rbara Tha\u00eds Silva de Lima<\/span><\/h3>\n<h3 style=\"text-align: center;padding-left: 40px\"><span style=\"color: #067c99\">Bernadete Caiuta de Souza<\/span><\/h3>\n<h3 style=\"text-align: center;padding-left: 40px\"><span style=\"color: #067c99\">Cleia Aparecida de Souza<\/span><\/h3>\n<h3 style=\"text-align: center;padding-left: 40px\"><span style=\"color: #067c99\">Claudineia Santos Pereira<\/span><\/h3>\n<h3 style=\"text-align: center;padding-left: 40px\"><span style=\"color: #067c99\">Cleuza Garcia Delgobo<\/span><\/h3>\n<h3 style=\"text-align: center;padding-left: 40px\"><span style=\"color: #067c99\">Gl\u00e1ucia de Andrade Sovinski<\/span><\/h3>\n<h3 style=\"text-align: center;padding-left: 40px\"><span style=\"color: #067c99\">Izabel de Paula da Luz<\/span><\/h3>\n<h3 style=\"text-align: center\"><span style=\"color: #067c99\">Jana\u00edna Danest<\/span><\/h3>\n<h3 style=\"text-align: center\"><span style=\"color: #067c99\">Josiane Moreira<\/span><\/h3>\n<h3 style=\"text-align: center;padding-left: 40px\"><span style=\"color: #067c99\">Juliane do Amaral Vieira <\/span><span style=\"color: #067c99\">(Nutricionista)<\/span><\/h3>\n<h3 style=\"text-align: center\"><span style=\"color: #067c99\">Laysi Lanner Raissa Vit\u00f3ria dos Santos Rodrigues<\/span><\/h3>\n<h3 style=\"text-align: center\"><span style=\"color: #067c99\">Lenice Starke de Oliveira<\/span><\/h3>\n<h3 style=\"text-align: center;padding-left: 40px\"><span style=\"color: #067c99\">Lindamir de Oliveira<\/span><\/h3>\n<h3 style=\"text-align: center;padding-left: 40px\"><span style=\"color: #067c99\">Michele Terezinha Saldanha dos Santos<\/span><\/h3>\n<h3 style=\"text-align: center\"><span style=\"color: #067c99\">Neuza Aparecida Pinheiro da Silva<\/span><\/h3>\n<h3 style=\"text-align: center;padding-left: 40px\"><span style=\"color: #067c99\">Rosemeri Pereira de Souza<\/span><\/h3>\n<h3 style=\"text-align: center\"><span style=\"color: #067c99\">Rutiele do Rocio Vieira<\/span><\/h3>\n<h3 style=\"text-align: center\"><span style=\"color: #067c99\">Sergio Roberto Zanella (Respons\u00e1vel pelo Restaurante )<\/span><\/h3>\n<h3 style=\"text-align: center\"><span style=\"color: #067c99\">Silvana Cristina de Paula<\/span><\/h3>\n<h3 style=\"text-align: center\"><span style=\"color: #067c99\">Simone Patr\u00edcia Rodrigues de Oliveira<\/span><\/h3>\n<p><span style=\"color: #067c99\"><a style=\"color: #067c99\" href=\"https:\/\/www2.uepg.br\/caar\/editais\/linha-divisoria-imagem-animada-0132\/\" rel=\"attachment wp-att-2346\"><img loading=\"lazy\" class=\"alignnone size-full wp-image-2346 aligncenter\" src=\"http:\/\/www2.uepg.br\/caar\/wp-content\/uploads\/sites\/24\/2023\/09\/linha-divisoria-imagem-animada-0132.gif\" alt=\"\" width=\"640\" height=\"10\" \/><\/a><\/span><\/p>\n<h2 style=\"text-align: center;padding-left: 40px\"><span style=\"color: #067c99\"><strong>Inspetores Alojamento Masculino<\/strong><\/span><\/h2>\n<h3 style=\"text-align: center;padding-left: 40px\"><span style=\"color: #067c99\">Alessandro Strechar de Andrade<\/span><\/h3>\n<h3 style=\"text-align: center;padding-left: 40px\"><span style=\"color: #067c99\">Luiza Maria das Neves<\/span><\/h3>\n<h3 style=\"text-align: center;padding-left: 40px\"><span style=\"color: #067c99\">Perp\u00e9tua Gon\u00e7alves<\/span><\/h3>\n<h3 style=\"text-align: center;padding-left: 40px\"><span style=\"color: #067c99\">Rosangela Chemin Klimont<\/span><\/h3>\n<p><span style=\"color: #067c99\"><a style=\"color: #067c99\" href=\"https:\/\/www2.uepg.br\/caar\/editais\/linha-divisoria-imagem-animada-0132\/\" rel=\"attachment wp-att-2346\"><img loading=\"lazy\" class=\"alignnone size-full wp-image-2346 aligncenter\" src=\"http:\/\/www2.uepg.br\/caar\/wp-content\/uploads\/sites\/24\/2023\/09\/linha-divisoria-imagem-animada-0132.gif\" alt=\"\" width=\"640\" height=\"10\" \/><\/a><\/span><\/p>\n<h2 style=\"text-align: center;padding-left: 40px\"><span style=\"color: #067c99\"><strong>Inspetores Alojamento Feminino<\/strong><\/span><\/h2>\n<h3 style=\"text-align: center;padding-left: 40px\"><span style=\"color: #067c99\">Agnes Bonny dos Santos Heilmann<\/span><\/h3>\n<h3 style=\"text-align: center;padding-left: 40px\"><span style=\"color: #067c99\">Angela Maria Landmann<\/span><\/h3>\n<h3 style=\"text-align: center;padding-left: 40px\"><\/h3>\n<p><span style=\"color: #067c99\"><a style=\"color: #067c99\" href=\"https:\/\/www2.uepg.br\/caar\/editais\/linha-divisoria-imagem-animada-0132\/\" rel=\"attachment wp-att-2346\"><img loading=\"lazy\" class=\"alignnone size-full wp-image-2346 aligncenter\" src=\"http:\/\/www2.uepg.br\/caar\/wp-content\/uploads\/sites\/24\/2023\/09\/linha-divisoria-imagem-animada-0132.gif\" alt=\"\" width=\"640\" height=\"10\" \/><\/a><\/span><\/p>\n<h2 style=\"text-align: center;padding-left: 40px\"><span style=\"color: #067c99\"><strong>Inspetores de alunos<\/strong><\/span><\/h2>\n<h3 style=\"text-align: center;padding-left: 40px\"><span style=\"color: #067c99\">Janete Costa Freitas<\/span><\/h3>\n<h3 style=\"text-align: center;padding-left: 40px\"><span style=\"color: #067c99\">S\u00edlvia Cristina Haus Primor<\/span><\/h3>\n<p><span style=\"color: #067c99\"><a style=\"color: #067c99\" href=\"https:\/\/www2.uepg.br\/caar\/editais\/linha-divisoria-imagem-animada-0132\/\" rel=\"attachment wp-att-2346\"><img loading=\"lazy\" class=\"alignnone size-full wp-image-2346 aligncenter\" src=\"http:\/\/www2.uepg.br\/caar\/wp-content\/uploads\/sites\/24\/2023\/09\/linha-divisoria-imagem-animada-0132.gif\" alt=\"\" width=\"640\" height=\"10\" \/><\/a><\/span><\/p>\n<h2 style=\"text-align: center;padding-left: 40px\"><span style=\"color: #067c99\"><strong>\u00d3rg\u00e3o Complementar<\/strong><\/span><\/h2>\n<h2 style=\"text-align: center;padding-left: 40px\"><span style=\"color: #067c99\">Associa\u00e7\u00e3o de Pais e Mestres e Funcion\u00e1rios &#8211; A.P.M.F.<\/span><\/h2>\n<h3 style=\"text-align: center;padding-left: 40px\"><span style=\"color: #067c99\">Alceb\u00edades Antonio Baretta (Presidente)<\/span><\/h3>\n<h3 style=\"text-align: center\"><\/h3>\n<h3 style=\"text-align: center\"><\/h3>\n","protected":false},"excerpt":{"rendered":"<p>Equipe do CAAR Diretor \u00a0Alceb\u00edades Antonio Baretta Vice-Diretor \u00a0Douglas Panzarini Taques Coordenadora de Curso Heloisa Madalena Giovanetti Coordenador de Est\u00e1gio Di\u00f3genes Spartalis Administra\u00e7\u00e3o do Internato Felomena Derkacz Baretta \u00a0 Secretaria Ana Maria Paulin Teixeira Elisandra Machado Mereth Helena Diniz de Almeida Patr\u00edcia Macedo de Lima Rozilda Diniz Equipe Pedag\u00f3gica Aldimara Catarina Brito Delabona Boutin Ana&nbsp;&hellip;<\/p>\n","protected":false},"author":24,"featured_media":0,"parent":0,"menu_order":8,"comment_status":"closed","ping_status":"closed","template":"","meta":[],"_links":{"self":[{"href":"https:\/\/www2.uepg.br\/caar\/wp-json\/wp\/v2\/pages\/17"}],"collection":[{"href":"https:\/\/www2.uepg.br\/caar\/wp-json\/wp\/v2\/pages"}],"about":[{"href":"https:\/\/www2.uepg.br\/caar\/wp-json\/wp\/v2\/types\/page"}],"author":[{"embeddable":true,"href":"https:\/\/www2.uepg.br\/caar\/wp-json\/wp\/v2\/users\/24"}],"replies":[{"embeddable":true,"href":"https:\/\/www2.uepg.br\/caar\/wp-json\/wp\/v2\/comments?post=17"}],"version-history":[{"count":91,"href":"https:\/\/www2.uepg.br\/caar\/wp-json\/wp\/v2\/pages\/17\/revisions"}],"predecessor-version":[{"id":3227,"href":"https:\/\/www2.uepg.br\/caar\/wp-json\/wp\/v2\/pages\/17\/revisions\/3227"}],"wp:attachment":[{"href":"https:\/\/www2.uepg.br\/caar\/wp-json\/wp\/v2\/media?parent=17"}],"curies":[{"name":"wp","href":"https:\/\/api.w.org\/{rel}","templated":true}]}}